{"id":150836,"date":"2021-01-15T11:03:30","date_gmt":"2021-01-15T11:03:30","guid":{"rendered":"https:\/\/codengine3.ch\/?product=import-placeholder-for-204197"},"modified":"2021-01-15T14:30:49","modified_gmt":"2021-01-15T14:30:49","slug":"oberwallis-2","status":"publish","type":"product","link":"https:\/\/pizbube.ch\/en\/shop\/oberwallis-2\/","title":{"rendered":"Oberwallis"},"content":{"rendered":"<p>Das Oberwallis ist das gr\u00f6\u00dfte Alpental, seine Berge sind h\u00f6her, die Gletscher<br \/>\nm\u00e4chtiger. Hier steht das Matterhorn, zusammen mit den meisten Viertausen-<br \/>\ndern der Alpen. In dieser kontrastreichen Landschaft, die von Weinbergen bis<br \/>\nzum ewigen Schnee alles bietet, ist jeder Wanderweg ein Natur- und<br \/>\nKulturerlebnis in einem: gro\u00dfartig die Kulisse, dazu \u00fcberall historische und<br \/>\nkulturelle Highlights. Und die touristische Infrastruktur l\u00e4sst keinen Wunsch<br \/>\noffen. 30 Wanderungen mit Detailkarten mit H\u00f6henprofilen.<br \/>\n80 Farbfotos, Karten. 120 S. Mit Tourenkarten zum Heraustrennen.  <\/p>","protected":false},"excerpt":{"rendered":"<p>Das Oberwallis ist das gr\u00f6\u00dfte Alpental, seine Berge sind h\u00f6her, die Gletscher m\u00e4chtiger. Hier steht das Matterhorn, zusammen mit den meisten Viertausen- dern der Alpen. In dieser kontrastreichen Landschaft, die von Weinbergen bis zum ewigen Schnee alles bietet, ist jeder Wanderweg ein Natur- und Kulturerlebnis in einem: gro\u00dfartig die Kulisse, dazu \u00fcberall historische und kulturelle [&#8230;]\n","protected":false},"featured_media":31986,"template":"","meta":[],"product_brand":[],"product_cat":[21605],"product_tag":[],"class_list":{"0":"post-150836","1":"product","2":"type-product","3":"status-publish","4":"has-post-thumbnail","6":"product_cat-wanderfuehrer-trekking","7":"pa_autor-huesler","8":"pa_erscheinungsjahr-21763","9":"pa_region-schweiz","10":"pa_sprache-de","12":"first","13":"instock","14":"taxable","15":"shipping-taxable","16":"purchasable","17":"product-type-simple"},"_links":{"self":[{"href":"https:\/\/pizbube.ch\/en\/wp-json\/wp\/v2\/product\/150836","targetHints":{"allow":["GET"]}}],"collection":[{"href":"https:\/\/pizbube.ch\/en\/wp-json\/wp\/v2\/product"}],"about":[{"href":"https:\/\/pizbube.ch\/en\/wp-json\/wp\/v2\/types\/product"}],"wp:featuredmedia":[{"embeddable":true,"href":"https:\/\/pizbube.ch\/en\/wp-json\/wp\/v2\/media\/31986"}],"wp:attachment":[{"href":"https:\/\/pizbube.ch\/en\/wp-json\/wp\/v2\/media?parent=150836"}],"wp:term":[{"taxonomy":"product_brand","embeddable":true,"href":"https:\/\/pizbube.ch\/en\/wp-json\/wp\/v2\/product_brand?post=150836"},{"taxonomy":"product_cat","embeddable":true,"href":"https:\/\/pizbube.ch\/en\/wp-json\/wp\/v2\/product_cat?post=150836"},{"taxonomy":"product_tag","embeddable":true,"href":"https:\/\/pizbube.ch\/en\/wp-json\/wp\/v2\/product_tag?post=150836"}],"curies":[{"name":"wp","href":"https:\/\/api.w.org\/{rel}","templated":true}]}}