{"id":150837,"date":"2021-01-15T11:03:30","date_gmt":"2021-01-15T11:03:30","guid":{"rendered":"https:\/\/codengine3.ch\/?product=import-placeholder-for-205322"},"modified":"2021-01-15T14:40:22","modified_gmt":"2021-01-15T14:40:22","slug":"wandertouren-im-unnergoms","status":"publish","type":"product","link":"https:\/\/pizbube.ch\/en\/shop\/wandertouren-im-unnergoms\/","title":{"rendered":"Wandertouren im Unnergoms"},"content":{"rendered":"<p>Auf ausgesuchten Wanderungen, erwandert, beschrieben und fotografiert vom<br \/>\nAutorenehepaar Karin und Werner Stein, entdecken Sie die Sch\u00f6nheit der Gommer<br \/>\nRegion zwischen den P\u00e4ssen am Alpen\u00fcbergang bis runter nach Fiesch,<br \/>\nbeschrieben in 3 einzelnen B\u00e4nden. Ob im zeitigen Fr\u00fchjahr oder im Sp\u00e4therbst,<br \/>\nauch ausserhalb der Ski- und Langlaufsaison ist das Goms interessant und<br \/>\nbesuchenswert.  <\/p>\n<p>Jede Wanderung wird kurz vorgestellt, gefolgt von einer<br \/>\nausf\u00fchrlichen Wegbeschreibung. Fotos, massstabsgetreue Landkarten und<br \/>\nH\u00f6henprofile vervollst\u00e4ndigen die Informationen. Symbole und stichwortartige<br \/>\nZusammenfassungen erleichtern die Vorbereitung. Und nicht zuletzt findet man<br \/>\nauch Varianten, die die jeweilige Wanderung nach Lust und Laune verl\u00e4ngern.<\/p>","protected":false},"excerpt":{"rendered":"<p>Auf ausgesuchten Wanderungen, erwandert, beschrieben und fotografiert vom Autorenehepaar Karin und Werner Stein, entdecken Sie die Sch\u00f6nheit der Gommer Region zwischen den P\u00e4ssen am Alpen\u00fcbergang bis runter nach Fiesch, beschrieben in 3 einzelnen B\u00e4nden. Ob im zeitigen Fr\u00fchjahr oder im Sp\u00e4therbst, auch ausserhalb der Ski- und Langlaufsaison ist das Goms interessant und besuchenswert. Jede Wanderung [&#8230;]\n","protected":false},"featured_media":33994,"template":"","meta":[],"product_brand":[],"product_cat":[21605],"product_tag":[],"class_list":{"0":"post-150837","1":"product","2":"type-product","3":"status-publish","4":"has-post-thumbnail","6":"product_cat-wanderfuehrer-trekking","7":"pa_autor-stein","8":"pa_erscheinungsjahr-21591","9":"pa_region-schweiz","10":"pa_sprache-de","12":"first","13":"instock","14":"taxable","15":"shipping-taxable","16":"purchasable","17":"product-type-simple"},"_links":{"self":[{"href":"https:\/\/pizbube.ch\/en\/wp-json\/wp\/v2\/product\/150837","targetHints":{"allow":["GET"]}}],"collection":[{"href":"https:\/\/pizbube.ch\/en\/wp-json\/wp\/v2\/product"}],"about":[{"href":"https:\/\/pizbube.ch\/en\/wp-json\/wp\/v2\/types\/product"}],"wp:featuredmedia":[{"embeddable":true,"href":"https:\/\/pizbube.ch\/en\/wp-json\/wp\/v2\/media\/33994"}],"wp:attachment":[{"href":"https:\/\/pizbube.ch\/en\/wp-json\/wp\/v2\/media?parent=150837"}],"wp:term":[{"taxonomy":"product_brand","embeddable":true,"href":"https:\/\/pizbube.ch\/en\/wp-json\/wp\/v2\/product_brand?post=150837"},{"taxonomy":"product_cat","embeddable":true,"href":"https:\/\/pizbube.ch\/en\/wp-json\/wp\/v2\/product_cat?post=150837"},{"taxonomy":"product_tag","embeddable":true,"href":"https:\/\/pizbube.ch\/en\/wp-json\/wp\/v2\/product_tag?post=150837"}],"curies":[{"name":"wp","href":"https:\/\/api.w.org\/{rel}","templated":true}]}}