{"id":150840,"date":"2021-01-15T11:03:30","date_gmt":"2021-01-15T11:03:30","guid":{"rendered":"https:\/\/codengine3.ch\/?product=import-placeholder-for-203966"},"modified":"2023-06-28T15:39:11","modified_gmt":"2023-06-28T13:39:11","slug":"wanderkarte-goms-1-25-000","status":"publish","type":"product","link":"https:\/\/pizbube.ch\/en\/shop\/wanderkarte-goms-1-25-000\/","title":{"rendered":"Wanderkarte Goms 1: 25 000"},"content":{"rendered":"<p>Wandern an der jungen Rhone.<\/p>\n<p>Alles, was es im herrlichen Hochtal zu erwandern und zu bestaunen gibt, hat<br \/>\nauf dieser Karte 1:25 000 seinen Platz:<br \/>\nGebirgs-, Gletscher-, Pass- und Talwanderungen, H\u00f6hen- und Themenwege,<br \/>\nhistorische Wege u.v.m.<\/p>\n<p>Vergn\u00fcgen auf \u00fcber 700 km markierten Wegen.<br \/>\nDetaillierte Beschriebe und Wanderzeiten, Angaben \u00fcber die Highlights am Weg<\/p>","protected":false},"excerpt":{"rendered":"<p>Wandern an der jungen Rhone. Alles, was es im herrlichen Hochtal zu erwandern und zu bestaunen gibt, hat auf dieser Karte 1:25 000 seinen Platz: Gebirgs-, Gletscher-, Pass- und Talwanderungen, H\u00f6hen- und Themenwege, historische Wege u.v.m. Vergn\u00fcgen auf \u00fcber 700 km markierten Wegen. Detaillierte Beschriebe und Wanderzeiten, Angaben \u00fcber die Highlights am Weg<\/p>","protected":false},"featured_media":38998,"template":"","meta":[],"product_brand":[],"product_cat":[21543],"product_tag":[],"class_list":{"0":"post-150840","1":"product","2":"type-product","3":"status-publish","4":"has-post-thumbnail","6":"product_cat-landkarten","7":"pa_autor-rotten","8":"pa_erscheinungsjahr-21574","9":"pa_region-schweiz","10":"pa_sprache-de","12":"first","13":"instock","14":"taxable","15":"shipping-taxable","16":"purchasable","17":"product-type-simple"},"_links":{"self":[{"href":"https:\/\/pizbube.ch\/en\/wp-json\/wp\/v2\/product\/150840","targetHints":{"allow":["GET"]}}],"collection":[{"href":"https:\/\/pizbube.ch\/en\/wp-json\/wp\/v2\/product"}],"about":[{"href":"https:\/\/pizbube.ch\/en\/wp-json\/wp\/v2\/types\/product"}],"wp:featuredmedia":[{"embeddable":true,"href":"https:\/\/pizbube.ch\/en\/wp-json\/wp\/v2\/media\/38998"}],"wp:attachment":[{"href":"https:\/\/pizbube.ch\/en\/wp-json\/wp\/v2\/media?parent=150840"}],"wp:term":[{"taxonomy":"product_brand","embeddable":true,"href":"https:\/\/pizbube.ch\/en\/wp-json\/wp\/v2\/product_brand?post=150840"},{"taxonomy":"product_cat","embeddable":true,"href":"https:\/\/pizbube.ch\/en\/wp-json\/wp\/v2\/product_cat?post=150840"},{"taxonomy":"product_tag","embeddable":true,"href":"https:\/\/pizbube.ch\/en\/wp-json\/wp\/v2\/product_tag?post=150840"}],"curies":[{"name":"wp","href":"https:\/\/api.w.org\/{rel}","templated":true}]}}