{"id":150842,"date":"2021-01-15T11:03:31","date_gmt":"2021-01-15T11:03:31","guid":{"rendered":"https:\/\/codengine3.ch\/?product=import-placeholder-for-206072"},"modified":"2023-08-02T08:57:17","modified_gmt":"2023-08-02T06:57:17","slug":"entdeckertouren-oberwallis","status":"publish","type":"product","link":"https:\/\/pizbube.ch\/en\/shop\/entdeckertouren-oberwallis\/","title":{"rendered":"Entdeckertouren Oberwallis"},"content":{"rendered":"<p>45 Wanderungen mit 4000er-Blick zwischen Aletsch und Matterhorn<\/p>\n<p>Das Oberwallis ist eine Alpenregion der Superlative &#8211; mit den h\u00f6chsten Bergen<br \/>\nder Schweiz und dem l\u00e4ngsten Alpengletscher. Die 45 Touren von Bergkenner<br \/>\nEugen E. H\u00fcsler folgen historischen Wasserwegen, sie f\u00fchren auf<br \/>\nAussichtsgipfel und \u00fcber uralte P\u00e4sse.<br \/>\nVier Kilometer hoch ist das Oberwallis, und w\u00e4hrend auf den Gipfelh\u00f6hen ewige<br \/>\nEiszeit herrscht, gedeihen im Rhonetal saftige Aprikosen. Schon vor<br \/>\nJahrhunderten wurden hier k\u00fchn trassierte Bew\u00e4sserungskan\u00e4le gebaut. Wie die<br \/>\nvielen H\u00f6henwege laden diese Suonen zu genussvollen Wanderungen ein \u2013 vor der<br \/>\nKulisse der firnbedeckten Hochgipfel. Kommen Sie mit auf spannende<br \/>\nEntdeckungsreisen zwischen Aletsch und Matterhorn, auf ber\u00fchmten und (fast)<br \/>\nvergessenen Wegen!<\/p>","protected":false},"excerpt":{"rendered":"<p>45 Wanderungen mit 4000er-Blick zwischen Aletsch und Matterhorn Das Oberwallis ist eine Alpenregion der Superlative &#8211; mit den h\u00f6chsten Bergen der Schweiz und dem l\u00e4ngsten Alpengletscher. Die 45 Touren von Bergkenner Eugen E. H\u00fcsler folgen historischen Wasserwegen, sie f\u00fchren auf Aussichtsgipfel und \u00fcber uralte P\u00e4sse. Vier Kilometer hoch ist das Oberwallis, und w\u00e4hrend auf den [&#8230;]\n","protected":false},"featured_media":34973,"template":"","meta":[],"product_brand":[],"product_cat":[21605],"product_tag":[],"class_list":{"0":"post-150842","1":"product","2":"type-product","3":"status-publish","4":"has-post-thumbnail","6":"product_cat-wanderfuehrer-trekking","7":"pa_autor-huesler","8":"pa_erscheinungsjahr-21830","9":"pa_region-schweiz","10":"pa_sprache-de","12":"first","13":"outofstock","14":"taxable","15":"shipping-taxable","16":"purchasable","17":"product-type-simple"},"_links":{"self":[{"href":"https:\/\/pizbube.ch\/en\/wp-json\/wp\/v2\/product\/150842","targetHints":{"allow":["GET"]}}],"collection":[{"href":"https:\/\/pizbube.ch\/en\/wp-json\/wp\/v2\/product"}],"about":[{"href":"https:\/\/pizbube.ch\/en\/wp-json\/wp\/v2\/types\/product"}],"wp:featuredmedia":[{"embeddable":true,"href":"https:\/\/pizbube.ch\/en\/wp-json\/wp\/v2\/media\/34973"}],"wp:attachment":[{"href":"https:\/\/pizbube.ch\/en\/wp-json\/wp\/v2\/media?parent=150842"}],"wp:term":[{"taxonomy":"product_brand","embeddable":true,"href":"https:\/\/pizbube.ch\/en\/wp-json\/wp\/v2\/product_brand?post=150842"},{"taxonomy":"product_cat","embeddable":true,"href":"https:\/\/pizbube.ch\/en\/wp-json\/wp\/v2\/product_cat?post=150842"},{"taxonomy":"product_tag","embeddable":true,"href":"https:\/\/pizbube.ch\/en\/wp-json\/wp\/v2\/product_tag?post=150842"}],"curies":[{"name":"wp","href":"https:\/\/api.w.org\/{rel}","templated":true}]}}