{"id":150845,"date":"2021-01-15T11:03:31","date_gmt":"2021-01-15T11:03:31","guid":{"rendered":"https:\/\/codengine3.ch\/?product=import-placeholder-for-201103"},"modified":"2024-10-01T08:44:49","modified_gmt":"2024-10-01T06:44:49","slug":"oberengadin","status":"publish","type":"product","link":"https:\/\/pizbube.ch\/en\/shop\/oberengadin\/","title":{"rendered":"Oberengadin"},"content":{"rendered":"<p class=\"mt-3\">St. Moritz \u2013 Zuoz \u2013 Pontresina<\/p>\n<p><span class=\"value\">\u00bbAllegra \u2013 Freue Dich\u00ab, so wird man im Engadin seit alters her auf R\u00e4toromanisch begr\u00fc\u00dft. Und in der Tat, das Oberengadin bietet allen Grund zur Freude: Es gibt nur wenige Flecken in den Alpen, wo Wanderer spektakul\u00e4re Gletscherstr\u00f6me und m\u00e4chtige Eisriesen so hautnah erleben k\u00f6nnen wie im \u00bbFestsaal der Alpen\u00ab zu F\u00fc\u00dfen des Piz Bernina. 50 abwechslungsreiche Touren in dieser Region finden sich im Rother Wanderf\u00fchrer \u00bbOberengadin\u00ab.<\/p>\n<p>Nicht nur das milde Klima und die vielen Sonnenstunden machen die Oberengadiner Seen- und Bergwelt zu einem prachtvollen Wandergebiet, sondern auch die Panoramen, die sich Wanderern von den Aussichtsgipfeln rund um die Orte Pontresina, St. Moritz und Zuoz bieten. Die Touren, die in diesem Wanderf\u00fchrer vorgestellt werden, reichen von Kulturwanderungen im Tal \u00fcber zahlreiche H\u00fctten- und H\u00f6henwege bis hin zu einigen attraktiven Dreitausendern.<br \/>\nJeder Tourenvorschlag wird mit einer \u00fcbersichtlichen Kurzinfo, einer ausf\u00fchrlichen Routenbeschreibung, einem farbigen Kartenausschnitt mit eingezeichnetem Routenverlauf und einem aussagekr\u00e4ftigen H\u00f6henprofil vorgestellt. GPS-Tracks zum Download erleichtern die Orientierung. Dazu gibt es viele Einkehrtipps, Vorschl\u00e4ge f\u00fcr Varianten und Empfehlungen f\u00fcr Familien mit Kindern.<\/p>\n<p>Die Autoren Rudolf und Siegrun Weiss haben die sch\u00f6nsten Touren ihrer Heimat Oberengadin f\u00fcr dieses Buch zusammengestellt. Ihr Enkel Christian ist nun in ihre Fu\u00dfstapfen getreten und f\u00fchrt die Aktualisierung und Recherche fort.<\/span><\/p>\n<p>152 Seiten; 50 Wanderk\u00e4rtchen im Ma\u00dfstab 1:50.000 und 1:75.000, 50 H\u00f6henprofile, \u00dcbersichtskarte im Ma\u00dfstab 1:300.000 und 1:500.000<br \/>\n10., aktualisierte Auflage 2022<\/p>","protected":false},"excerpt":{"rendered":"<p>St. Moritz \u2013 Zuoz \u2013 Pontresina \u00bbAllegra \u2013 Freue Dich\u00ab, so wird man im Engadin seit alters her auf R\u00e4toromanisch begr\u00fc\u00dft. Und in der Tat, das Oberengadin bietet allen Grund zur Freude: Es gibt nur wenige Flecken in den Alpen, wo Wanderer spektakul\u00e4re Gletscherstr\u00f6me und m\u00e4chtige Eisriesen so hautnah erleben k\u00f6nnen wie im \u00bbFestsaal der [&#8230;]\n","protected":false},"featured_media":176478,"template":"","meta":[],"product_brand":[],"product_cat":[21605],"product_tag":[],"class_list":{"0":"post-150845","1":"product","2":"type-product","3":"status-publish","4":"has-post-thumbnail","6":"product_cat-wanderfuehrer-trekking","7":"pa_autor-weiss","8":"pa_erscheinungsjahr-27013","9":"pa_region-schweiz","10":"pa_sprache-de","12":"first","13":"instock","14":"taxable","15":"shipping-taxable","16":"purchasable","17":"product-type-simple"},"_links":{"self":[{"href":"https:\/\/pizbube.ch\/en\/wp-json\/wp\/v2\/product\/150845","targetHints":{"allow":["GET"]}}],"collection":[{"href":"https:\/\/pizbube.ch\/en\/wp-json\/wp\/v2\/product"}],"about":[{"href":"https:\/\/pizbube.ch\/en\/wp-json\/wp\/v2\/types\/product"}],"wp:featuredmedia":[{"embeddable":true,"href":"https:\/\/pizbube.ch\/en\/wp-json\/wp\/v2\/media\/176478"}],"wp:attachment":[{"href":"https:\/\/pizbube.ch\/en\/wp-json\/wp\/v2\/media?parent=150845"}],"wp:term":[{"taxonomy":"product_brand","embeddable":true,"href":"https:\/\/pizbube.ch\/en\/wp-json\/wp\/v2\/product_brand?post=150845"},{"taxonomy":"product_cat","embeddable":true,"href":"https:\/\/pizbube.ch\/en\/wp-json\/wp\/v2\/product_cat?post=150845"},{"taxonomy":"product_tag","embeddable":true,"href":"https:\/\/pizbube.ch\/en\/wp-json\/wp\/v2\/product_tag?post=150845"}],"curies":[{"name":"wp","href":"https:\/\/api.w.org\/{rel}","templated":true}]}}