{"id":150846,"date":"2021-01-15T11:03:31","date_gmt":"2021-01-15T11:03:31","guid":{"rendered":"https:\/\/codengine3.ch\/?product=import-placeholder-for-202510"},"modified":"2024-06-03T14:31:24","modified_gmt":"2024-06-03T12:31:24","slug":"oberengadin-surses-bergell-poschiavo-buendner-wanderfuehrer-5","status":"publish","type":"product","link":"https:\/\/pizbube.ch\/en\/shop\/oberengadin-surses-bergell-poschiavo-buendner-wanderfuehrer-5\/","title":{"rendered":"Oberengadin, Surses, Bergell, Poschiavo &#8211; B\u00fcndner Wanderf\u00fchrer 5"},"content":{"rendered":"<p>Surses, Bergell, Poschiavo.<\/p>\n<p>Das Oberengadin und die s\u00fcdlichen T\u00e4ler Bergell und Poschiavo bieten viele Gegens\u00e4tze. Liebliche Landschaften, eisbedeckte Gipfel, leuchtende Seen und karge H\u00f6hen bieten einen reizvollen Wechsel f\u00fcr sch\u00f6nste Wanderungen.<\/p>\n<p>Dieser BAW-Wanderf\u00fchrer begleitet Sie dabei mit 60 detaillierten Routenbeschreibungen und -k\u00e4rtchen, Wegh\u00f6henprofilen, Distanz- und Zeit\u00fcbersichten, Hinweisen auf Gastst\u00e4tten und vielen n\u00fctzlichen Tipps.<\/p>\n<p>Zahlr. Farbfotos, Karten.<\/p>","protected":false},"excerpt":{"rendered":"<p>Surses, Bergell, Poschiavo. Das Oberengadin und die s\u00fcdlichen T\u00e4ler Bergell und Poschiavo bieten viele Gegens\u00e4tze. Liebliche Landschaften, eisbedeckte Gipfel, leuchtende Seen und karge H\u00f6hen bieten einen reizvollen Wechsel f\u00fcr sch\u00f6nste Wanderungen. Dieser BAW-Wanderf\u00fchrer begleitet Sie dabei mit 60 detaillierten Routenbeschreibungen und -k\u00e4rtchen, Wegh\u00f6henprofilen, Distanz- und Zeit\u00fcbersichten, Hinweisen auf Gastst\u00e4tten und vielen n\u00fctzlichen Tipps. Zahlr. Farbfotos, [&#8230;]\n","protected":false},"featured_media":29906,"template":"","meta":[],"product_brand":[],"product_cat":[21605],"product_tag":[],"class_list":{"0":"post-150846","1":"product","2":"type-product","3":"status-publish","4":"has-post-thumbnail","6":"product_cat-wanderfuehrer-trekking","7":"pa_autor-donatsch-gaudenzi-lampert","8":"pa_erscheinungsjahr-21693","9":"pa_region-schweiz","10":"pa_sprache-de","12":"first","13":"instock","14":"taxable","15":"shipping-taxable","16":"purchasable","17":"product-type-simple"},"_links":{"self":[{"href":"https:\/\/pizbube.ch\/en\/wp-json\/wp\/v2\/product\/150846","targetHints":{"allow":["GET"]}}],"collection":[{"href":"https:\/\/pizbube.ch\/en\/wp-json\/wp\/v2\/product"}],"about":[{"href":"https:\/\/pizbube.ch\/en\/wp-json\/wp\/v2\/types\/product"}],"wp:featuredmedia":[{"embeddable":true,"href":"https:\/\/pizbube.ch\/en\/wp-json\/wp\/v2\/media\/29906"}],"wp:attachment":[{"href":"https:\/\/pizbube.ch\/en\/wp-json\/wp\/v2\/media?parent=150846"}],"wp:term":[{"taxonomy":"product_brand","embeddable":true,"href":"https:\/\/pizbube.ch\/en\/wp-json\/wp\/v2\/product_brand?post=150846"},{"taxonomy":"product_cat","embeddable":true,"href":"https:\/\/pizbube.ch\/en\/wp-json\/wp\/v2\/product_cat?post=150846"},{"taxonomy":"product_tag","embeddable":true,"href":"https:\/\/pizbube.ch\/en\/wp-json\/wp\/v2\/product_tag?post=150846"}],"curies":[{"name":"wp","href":"https:\/\/api.w.org\/{rel}","templated":true}]}}