{"id":150847,"date":"2021-01-15T11:03:31","date_gmt":"2021-01-15T11:03:31","guid":{"rendered":"https:\/\/codengine3.ch\/?product=import-placeholder-for-205304"},"modified":"2021-01-15T14:40:14","modified_gmt":"2021-01-15T14:40:14","slug":"bruckmanns-tourenfuehrer-engadin-und-mittelbuenden","status":"publish","type":"product","link":"https:\/\/pizbube.ch\/en\/shop\/bruckmanns-tourenfuehrer-engadin-und-mittelbuenden\/","title":{"rendered":"Bruckmanns Tourenf\u00fchrer Engadin und Mittelb\u00fcnden"},"content":{"rendered":"<p>50 Gipfeltouren und H\u00f6henwege  <\/p>\n<p>Einmaliges Tourenparadies &#8211; die 50 sch\u00f6nsten Routen im Engadin und in<br \/>\nMittelb\u00fcnden<br \/>\nLassen Sie sich vom paradiesischen &#8218;Garten des Inns&#8216; verzaubern! Gebietskenner<br \/>\nPeter Deuble stellt mit 50 detailliert beschriebenen Routen, von der einfachen<br \/>\nWanderung bis zur anspruchsvollen Hochtour, die sch\u00f6ne Bergwelt zwischen<br \/>\nEngadin und Mittelb\u00fcnden vor &#8211; dabei sind klassische Anstiege auf Piz Pal\u00fc<br \/>\noder Piz Kesch genauso vertreten wie unbekanntere Gipfelziele in den Albula-<br \/>\nund Livignio-Bergen. Mit Kartenausschnitten und vielen Infos und Tipps f\u00fcr<br \/>\nunterwegs.  <\/p>","protected":false},"excerpt":{"rendered":"<p>50 Gipfeltouren und H\u00f6henwege Einmaliges Tourenparadies &#8211; die 50 sch\u00f6nsten Routen im Engadin und in Mittelb\u00fcnden Lassen Sie sich vom paradiesischen &#8218;Garten des Inns&#8216; verzaubern! Gebietskenner Peter Deuble stellt mit 50 detailliert beschriebenen Routen, von der einfachen Wanderung bis zur anspruchsvollen Hochtour, die sch\u00f6ne Bergwelt zwischen Engadin und Mittelb\u00fcnden vor &#8211; dabei sind klassische Anstiege [&#8230;]\n","protected":false},"featured_media":33972,"template":"","meta":[],"product_brand":[],"product_cat":[21544],"product_tag":[],"class_list":{"0":"post-150847","1":"product","2":"type-product","3":"status-publish","4":"has-post-thumbnail","6":"product_cat-fuehrerliteratur-alpin-sommer","7":"pa_autor-deuble","8":"pa_erscheinungsjahr-21591","9":"pa_region-schweiz","10":"pa_sprache-de","12":"first","13":"outofstock","14":"taxable","15":"shipping-taxable","16":"purchasable","17":"product-type-simple"},"_links":{"self":[{"href":"https:\/\/pizbube.ch\/en\/wp-json\/wp\/v2\/product\/150847","targetHints":{"allow":["GET"]}}],"collection":[{"href":"https:\/\/pizbube.ch\/en\/wp-json\/wp\/v2\/product"}],"about":[{"href":"https:\/\/pizbube.ch\/en\/wp-json\/wp\/v2\/types\/product"}],"wp:featuredmedia":[{"embeddable":true,"href":"https:\/\/pizbube.ch\/en\/wp-json\/wp\/v2\/media\/33972"}],"wp:attachment":[{"href":"https:\/\/pizbube.ch\/en\/wp-json\/wp\/v2\/media?parent=150847"}],"wp:term":[{"taxonomy":"product_brand","embeddable":true,"href":"https:\/\/pizbube.ch\/en\/wp-json\/wp\/v2\/product_brand?post=150847"},{"taxonomy":"product_cat","embeddable":true,"href":"https:\/\/pizbube.ch\/en\/wp-json\/wp\/v2\/product_cat?post=150847"},{"taxonomy":"product_tag","embeddable":true,"href":"https:\/\/pizbube.ch\/en\/wp-json\/wp\/v2\/product_tag?post=150847"}],"curies":[{"name":"wp","href":"https:\/\/api.w.org\/{rel}","templated":true}]}}