{"id":150848,"date":"2021-01-15T11:03:31","date_gmt":"2021-01-15T11:03:31","guid":{"rendered":"https:\/\/codengine3.ch\/?product=import-placeholder-for-205473"},"modified":"2021-01-15T14:41:31","modified_gmt":"2021-01-15T14:41:31","slug":"engadin-3","status":"publish","type":"product","link":"https:\/\/pizbube.ch\/en\/shop\/engadin-3\/","title":{"rendered":"Engadin"},"content":{"rendered":"<p>51 Touren. Mit Bergell, Puschlav und Livigno.  <\/p>\n<p>Klangvolle Namen wie St. Moritz, Piz Pal\u00fc und Piz Bernina machen deutlich, wie<br \/>\nsehr das Oberengadin f\u00fcr viele fast gleichbedeutend mit der Schweizer Bergwelt<br \/>\nan sich ist. Die gro\u00dfen Oberengadiner Seen und die angrenzenden Gletscherberge<br \/>\nder Berninagruppe sind in jeder Hinsicht etwas Besonderes: ihre<br \/>\nlandschaftliche Gro\u00dfartigkeit, der schon sagenhafte Engadiner Sonnenschein,<br \/>\ndie gute Erreichbarkeit und die unglaubliche F\u00fclle an Wanderungen in jeder<br \/>\nSchwierigkeit.  <\/p>\n<p>Auch das etwas ruhigere Unterengadin ist f\u00fcr Genie\u00dfer l\u00e4ngst kein Geheimtipp<br \/>\nmehr: Auf den Sonnenterrassen die wundersch\u00f6nen B\u00fcndner D\u00f6rfer und dar\u00fcber die<br \/>\nUnterengadiner `Dolomiten`. Abgerundet wird das Buch durch die Wandergebiete<br \/>\nLivigno, durch das schon s\u00fcdlich gepr\u00e4gte Puschlav und die paradiesische<br \/>\nBergeller Bergwelt. Nie war es so schwierig aus der F\u00fclle der M\u00f6glichkeiten<br \/>\ndie `50 sch\u00f6nsten` auszuw\u00e4hlen! 50 abwechslungsreiche Wanderungen auf lohnende<br \/>\nAussichtsgipfel und zu wundersch\u00f6nen H\u00fctten, auf traumhaften H\u00f6henwegen und zu<br \/>\nstillen Bergseen werden beschrieben, sowie im Schweizer Nationalpark und im<br \/>\n`Festsaal der Alpen`, der Bernina. Zus\u00e4tzlich wird eine 6-t\u00e4gige Bernina-<br \/>\nUmrundung vorgestellt.  <\/p>\n<p>Ein kompaktes Infoangebot, farbige Kartenausschnitte im Ma\u00dfstab 1:50.000 mit<br \/>\nden eingetragenen Routen, pr\u00e4gnante H\u00f6hendiagramme, klare Wegbeschreibungen<br \/>\nund die praktische Umschlagklappe mit allen 51 Touren im \u00dcberblick machen den<br \/>\nF\u00fchrer \u00e4u\u00dferst benutzerfreundlich und erlauben effektive Planung und<br \/>\ngenussvolle Durchf\u00fchrung der Wanderungen. Exzellente Farbbilder machen Lust<br \/>\naufs Schm\u00f6kern und noch viel mehr aufs Losgehen  <\/p>\n<p>100 Farbfotos, 51 Wanderkarten<\/p>","protected":false},"excerpt":{"rendered":"<p>51 Touren. Mit Bergell, Puschlav und Livigno. Klangvolle Namen wie St. Moritz, Piz Pal\u00fc und Piz Bernina machen deutlich, wie sehr das Oberengadin f\u00fcr viele fast gleichbedeutend mit der Schweizer Bergwelt an sich ist. Die gro\u00dfen Oberengadiner Seen und die angrenzenden Gletscherberge der Berninagruppe sind in jeder Hinsicht etwas Besonderes: ihre landschaftliche Gro\u00dfartigkeit, der schon [&#8230;]\n","protected":false},"featured_media":34193,"template":"","meta":[],"product_brand":[],"product_cat":[21605],"product_tag":[],"class_list":{"0":"post-150848","1":"product","2":"type-product","3":"status-publish","4":"has-post-thumbnail","6":"product_cat-wanderfuehrer-trekking","7":"pa_autor-strauss","8":"pa_erscheinungsjahr-21591","9":"pa_region-schweiz","10":"pa_sprache-de","12":"first","13":"instock","14":"taxable","15":"shipping-taxable","16":"purchasable","17":"product-type-simple"},"_links":{"self":[{"href":"https:\/\/pizbube.ch\/en\/wp-json\/wp\/v2\/product\/150848","targetHints":{"allow":["GET"]}}],"collection":[{"href":"https:\/\/pizbube.ch\/en\/wp-json\/wp\/v2\/product"}],"about":[{"href":"https:\/\/pizbube.ch\/en\/wp-json\/wp\/v2\/types\/product"}],"wp:featuredmedia":[{"embeddable":true,"href":"https:\/\/pizbube.ch\/en\/wp-json\/wp\/v2\/media\/34193"}],"wp:attachment":[{"href":"https:\/\/pizbube.ch\/en\/wp-json\/wp\/v2\/media?parent=150848"}],"wp:term":[{"taxonomy":"product_brand","embeddable":true,"href":"https:\/\/pizbube.ch\/en\/wp-json\/wp\/v2\/product_brand?post=150848"},{"taxonomy":"product_cat","embeddable":true,"href":"https:\/\/pizbube.ch\/en\/wp-json\/wp\/v2\/product_cat?post=150848"},{"taxonomy":"product_tag","embeddable":true,"href":"https:\/\/pizbube.ch\/en\/wp-json\/wp\/v2\/product_tag?post=150848"}],"curies":[{"name":"wp","href":"https:\/\/api.w.org\/{rel}","templated":true}]}}