{"id":150849,"date":"2021-01-15T11:03:31","date_gmt":"2021-01-15T11:03:31","guid":{"rendered":"https:\/\/codengine3.ch\/?product=import-placeholder-for-206043"},"modified":"2021-05-18T09:28:11","modified_gmt":"2021-05-18T07:28:11","slug":"engadin-gipfelziele-zwischen-samnaun-und-dem-bergell","status":"publish","type":"product","link":"https:\/\/pizbube.ch\/en\/shop\/engadin-gipfelziele-zwischen-samnaun-und-dem-bergell\/","title":{"rendered":"Engadin &#8211; Gipfelziele zwischen Samnaun und dem Bergell"},"content":{"rendered":"<p>Mehr als 80 Wandergipfeln zwischen Samnaun und Bergell!<\/p>\n<p>Das Engadin und die S\u00fcdb\u00fcndner T\u00e4ler geh\u00f6ren zu den sch\u00f6nsten Wander-Regionen<br \/>\nunserer Alpen. In diesem Band werden rund 40 lohnende Gipfelwanderungen im<br \/>\nOber- und Unterengadin, Samnaun, M\u00fcnstertal, Puschlav und Bergell vorgestellt.<br \/>\nZusammen mit den Kurzinformationen zu Nachbargipfeln sind mehr als 80<br \/>\nWandergipfel und viele weitere Varianten beschrieben.<\/p>\n<p>Interessante Zusatzkapitel vermitteln spannende Inhalte zu Natur und Kultur<br \/>\ndieser atemberaubenden Alpenregion. Die F\u00fchrerautoren haben unbekannte Routen<br \/>\nund einige Klassiker, ber\u00fchmte Gipfel und selten besuchte Berge selbst<br \/>\nerkundet, fotografiert und beschrieben.<\/p>\n<p>Die meisten der vorgestellten Wanderungen bewegen sich in den mittleren<br \/>\nSchwierigkeitsgraden T3 und T4. F\u00fcr Genusswanderer stehen auch einige sch\u00f6ne<br \/>\nGipfel im Schwierigkeitsgrad T2 bereit, und Abenteuerlustige mit guter<br \/>\nAlpinerfahrung finden Touren in den Bereichen T5 und T6. Viele der Gipfel sind<br \/>\n\u00fcber 3000 Meter hoch. Die detaillierten Routenbeschreibungen und einladenden<br \/>\nFotos verlocken dazu, gleich in die Wanderschuhe zu steigen und loszulegen.<\/p>\n<p>280 Seiten, mit ca. 40 Routenk\u00e4rtchen und ca. 101 Farbfotos,<\/p>","protected":false},"excerpt":{"rendered":"<ul>\n<li><a href=\"https:\/\/pizbube.ch\/wp-content\/uploads\/2021\/01\/Leseprobe_Engadin_Gipfelziele.pdf\" target=\"_blank\" rel=\"noopener\">Leseprobe_Engadin_Gipfelziele<\/a><\/li>\n<\/ul>","protected":false},"featured_media":157265,"template":"","meta":[],"product_brand":[],"product_cat":[21605],"product_tag":[],"class_list":{"0":"post-150849","1":"product","2":"type-product","3":"status-publish","4":"has-post-thumbnail","6":"product_cat-wanderfuehrer-trekking","7":"pa_autor-joss","8":"pa_erscheinungsjahr-21830","9":"pa_region-schweiz","10":"pa_sprache-de","12":"first","13":"instock","14":"taxable","15":"shipping-taxable","16":"purchasable","17":"product-type-simple"},"_links":{"self":[{"href":"https:\/\/pizbube.ch\/en\/wp-json\/wp\/v2\/product\/150849","targetHints":{"allow":["GET"]}}],"collection":[{"href":"https:\/\/pizbube.ch\/en\/wp-json\/wp\/v2\/product"}],"about":[{"href":"https:\/\/pizbube.ch\/en\/wp-json\/wp\/v2\/types\/product"}],"wp:featuredmedia":[{"embeddable":true,"href":"https:\/\/pizbube.ch\/en\/wp-json\/wp\/v2\/media\/157265"}],"wp:attachment":[{"href":"https:\/\/pizbube.ch\/en\/wp-json\/wp\/v2\/media?parent=150849"}],"wp:term":[{"taxonomy":"product_brand","embeddable":true,"href":"https:\/\/pizbube.ch\/en\/wp-json\/wp\/v2\/product_brand?post=150849"},{"taxonomy":"product_cat","embeddable":true,"href":"https:\/\/pizbube.ch\/en\/wp-json\/wp\/v2\/product_cat?post=150849"},{"taxonomy":"product_tag","embeddable":true,"href":"https:\/\/pizbube.ch\/en\/wp-json\/wp\/v2\/product_tag?post=150849"}],"curies":[{"name":"wp","href":"https:\/\/api.w.org\/{rel}","templated":true}]}}