{"id":150850,"date":"2021-01-15T11:03:31","date_gmt":"2021-01-15T11:03:31","guid":{"rendered":"https:\/\/codengine3.ch\/?product=import-placeholder-for-201104"},"modified":"2022-06-29T16:26:45","modified_gmt":"2022-06-29T14:26:45","slug":"unterengadin","status":"publish","type":"product","link":"https:\/\/pizbube.ch\/en\/shop\/unterengadin\/","title":{"rendered":"Unterengadin"},"content":{"rendered":"<p>Scuol &#8211; Zernez &#8211; M\u00fcnstertal<\/p>\n<p><span class=\"value\">\u00dcberdurchschnittlich viel Sonnenschein, ein zeitiger Fr\u00fchlingsbeginn, ein langer Herbst, kaum Nebel und Wind \u2013 das Engadin ist wie geschaffen f\u00fcr Genie\u00dfer! Beschaulich und gem\u00fctlich ist insbesondere das Unterengadin mit seinen ber\u00fchmten D\u00f6rfern Samnaun, Scuol, Zernez und Santa Maria im M\u00fcnstertal. Die stille, unber\u00fchrte Natur geh\u00f6rt zu den sch\u00f6nsten Landschaften der Schweiz. Der Rother Wanderf\u00fchrer \u00bbUnterengadin\u00ab stellt 50 abwechslungsreiche Wanderungen in dieser urspr\u00fcnglichen und traditionsreichen r\u00e4toromanischen Kulturlandschaft vor.<\/span><\/p>\n<p>Die Tourenauswahl umfasst sowohl leichte als auch anspruchsvolle Wanderungen. Sie f\u00fchren in das einzigartige Naturparadies des Nationalparks Unterengadin. Bergsteigerd\u00f6rfer wie Ardez, Lavin und Guarda haben sich dem sanften Tourismus verschrieben und sind herrliche Ausgangspunkte f\u00fcr Wanderungen. Die Auswahl reicht genussvollen Wanderungen zu sch\u00f6n gelegenen Almh\u00fctten bis hin zu anspruchsvollen Gipfelwanderungen. Auch die f\u00fcnf Etappen der \u00bbVia Engiadina Bassa\u00ab, dem Unterengadiner H\u00f6henweg zwischen Zernez und Vinadi, stellt der Wanderf\u00fchrer vor.<\/p>\n<p>Jede Wanderung wird mit einer zuverl\u00e4ssigen Wegbeschreibung, einem Kartenausschnitt mit eingezeichnetem Routenverlauf und einem aussagekr\u00e4ftigen H\u00f6henprofil pr\u00e4sentiert. GPS-Tracks stehen zum Download von der Internetseite des Rother Bergverlags bereit. Die \u00fcbersichtliche Toureninfo liefert Hinweise auf Anforderung, H\u00f6henunterschied, Einkehrm\u00f6glichkeit und vielem mehr.<\/p>\n<p>8. aktual. Auflage 2022<\/p>","protected":false},"excerpt":{"rendered":"<p>Scuol &#8211; Zernez &#8211; M\u00fcnstertal \u00dcberdurchschnittlich viel Sonnenschein, ein zeitiger Fr\u00fchlingsbeginn, ein langer Herbst, kaum Nebel und Wind \u2013 das Engadin ist wie geschaffen f\u00fcr Genie\u00dfer! Beschaulich und gem\u00fctlich ist insbesondere das Unterengadin mit seinen ber\u00fchmten D\u00f6rfern Samnaun, Scuol, Zernez und Santa Maria im M\u00fcnstertal. Die stille, unber\u00fchrte Natur geh\u00f6rt zu den sch\u00f6nsten Landschaften der [&#8230;]\n","protected":false},"featured_media":162527,"template":"","meta":[],"product_brand":[],"product_cat":[21605],"product_tag":[],"class_list":{"0":"post-150850","1":"product","2":"type-product","3":"status-publish","4":"has-post-thumbnail","6":"product_cat-wanderfuehrer-trekking","7":"pa_autor-weiss","8":"pa_erscheinungsjahr-27013","9":"pa_region-schweiz","10":"pa_sprache-de","12":"first","13":"instock","14":"taxable","15":"shipping-taxable","16":"purchasable","17":"product-type-simple"},"_links":{"self":[{"href":"https:\/\/pizbube.ch\/en\/wp-json\/wp\/v2\/product\/150850","targetHints":{"allow":["GET"]}}],"collection":[{"href":"https:\/\/pizbube.ch\/en\/wp-json\/wp\/v2\/product"}],"about":[{"href":"https:\/\/pizbube.ch\/en\/wp-json\/wp\/v2\/types\/product"}],"wp:featuredmedia":[{"embeddable":true,"href":"https:\/\/pizbube.ch\/en\/wp-json\/wp\/v2\/media\/162527"}],"wp:attachment":[{"href":"https:\/\/pizbube.ch\/en\/wp-json\/wp\/v2\/media?parent=150850"}],"wp:term":[{"taxonomy":"product_brand","embeddable":true,"href":"https:\/\/pizbube.ch\/en\/wp-json\/wp\/v2\/product_brand?post=150850"},{"taxonomy":"product_cat","embeddable":true,"href":"https:\/\/pizbube.ch\/en\/wp-json\/wp\/v2\/product_cat?post=150850"},{"taxonomy":"product_tag","embeddable":true,"href":"https:\/\/pizbube.ch\/en\/wp-json\/wp\/v2\/product_tag?post=150850"}],"curies":[{"name":"wp","href":"https:\/\/api.w.org\/{rel}","templated":true}]}}