{"id":150852,"date":"2021-01-15T11:03:31","date_gmt":"2021-01-15T11:03:31","guid":{"rendered":"https:\/\/codengine3.ch\/?product=import-placeholder-for-207487"},"modified":"2021-01-15T16:03:48","modified_gmt":"2021-01-15T16:03:48","slug":"genusswandern-region-engadin","status":"publish","type":"product","link":"https:\/\/pizbube.ch\/en\/shop\/genusswandern-region-engadin\/","title":{"rendered":"GenussWandern Region Engadin"},"content":{"rendered":"<p>\nIm Engadin, Samnaun und den B\u00fcndner S\u00fcdt\u00e4lern Bergell, Puschlav und M\u00fcnstertal<br \/>\ngibt es Wanderwege f\u00fcr jeden Geschmack: durch den Wald, auf leicht besteigbare<br \/>\nGipfel, entlang von Seen und durch Kulturlandschaften. Wie bei allen F\u00fchrern<br \/>\naus der Reihe GenussWandern sind die Wanderungen auch in diesem F\u00fchrer maximal<br \/>\ndrei Stunden lang mit wenigen H\u00f6hendifferenzen.<\/p>\n<p>Die Routen folgen markierten Wegen, sodass die Orientierung sehr einfach ist.<br \/>\nDie Ausgangs- und Endpunkte sind gut mit Bahn und Bus erreichbar und bieten<br \/>\nmeistens auch eine Einkehrm\u00f6glichkeit. Auf diesen gem\u00fctlichen Wanderungen<br \/>\nbleibt Zeit, Natur und Kultur zu erleben, Tiere zu beobachten, farbige<br \/>\nBlumenwiesen und m\u00e4chtige Gipfel zu bestaunen oder in einem Gasthof ein St\u00fcck<br \/>\nEngadiner Nusstorte zu geniessen. Sogar f\u00fcr Sp\u00e4taufsteher sind diese<br \/>\nWanderungen m\u00f6glich.<\/p>\n<p>Auf 30 attraktiven Wanderungen k\u00f6nnen die unterschiedlichsten Ecken entdeckt<br \/>\nwerden: Landschaften, die Segantini malte, das Schellenurslidorf Guarda, die<br \/>\nKastanienhaine von Soglio, duftende L\u00e4rchen- und Arvenw\u00e4lder, wachsende<br \/>\nGletschervorfelder beim Morteratschgletscher und typische D\u00f6rfer und<br \/>\nvielf\u00e4ltige Kulturlandschaften.<\/p>","protected":false},"excerpt":{"rendered":"<p>Im Engadin, Samnaun und den B\u00fcndner S\u00fcdt\u00e4lern Bergell, Puschlav und M\u00fcnstertal gibt es Wanderwege f\u00fcr jeden Geschmack: durch den Wald, auf leicht besteigbare Gipfel, entlang von Seen und durch Kulturlandschaften. Wie bei allen F\u00fchrern aus der Reihe GenussWandern sind die Wanderungen auch in diesem F\u00fchrer maximal drei Stunden lang mit wenigen H\u00f6hendifferenzen. Die Routen folgen [&#8230;]\n","protected":false},"featured_media":37626,"template":"","meta":[],"product_brand":[],"product_cat":[21605],"product_tag":[],"class_list":{"0":"post-150852","1":"product","2":"type-product","3":"status-publish","4":"has-post-thumbnail","6":"product_cat-wanderfuehrer-trekking","7":"pa_autor-joss","8":"pa_erscheinungsjahr-21550","9":"pa_region-schweiz","10":"pa_sprache-de","12":"first","13":"instock","14":"taxable","15":"shipping-taxable","16":"purchasable","17":"product-type-simple"},"_links":{"self":[{"href":"https:\/\/pizbube.ch\/en\/wp-json\/wp\/v2\/product\/150852","targetHints":{"allow":["GET"]}}],"collection":[{"href":"https:\/\/pizbube.ch\/en\/wp-json\/wp\/v2\/product"}],"about":[{"href":"https:\/\/pizbube.ch\/en\/wp-json\/wp\/v2\/types\/product"}],"wp:featuredmedia":[{"embeddable":true,"href":"https:\/\/pizbube.ch\/en\/wp-json\/wp\/v2\/media\/37626"}],"wp:attachment":[{"href":"https:\/\/pizbube.ch\/en\/wp-json\/wp\/v2\/media?parent=150852"}],"wp:term":[{"taxonomy":"product_brand","embeddable":true,"href":"https:\/\/pizbube.ch\/en\/wp-json\/wp\/v2\/product_brand?post=150852"},{"taxonomy":"product_cat","embeddable":true,"href":"https:\/\/pizbube.ch\/en\/wp-json\/wp\/v2\/product_cat?post=150852"},{"taxonomy":"product_tag","embeddable":true,"href":"https:\/\/pizbube.ch\/en\/wp-json\/wp\/v2\/product_tag?post=150852"}],"curies":[{"name":"wp","href":"https:\/\/api.w.org\/{rel}","templated":true}]}}