{"id":150855,"date":"2021-01-15T11:03:31","date_gmt":"2021-01-15T11:03:31","guid":{"rendered":"https:\/\/codengine3.ch\/?product=import-placeholder-for-204002"},"modified":"2023-04-04T16:41:29","modified_gmt":"2023-04-04T14:41:29","slug":"der-historische-bergbau-bei-s-charl-im-unterengadin","status":"publish","type":"product","link":"https:\/\/pizbube.ch\/en\/shop\/der-historische-bergbau-bei-s-charl-im-unterengadin\/","title":{"rendered":"Der Historische Bergbau bei S-charl im Unterengadin"},"content":{"rendered":"<p>Untersuchungsergebnisse \u00fcber das Blei- und Silberbergwerk und dessen<br \/>\nBeziehungen zum Tirol. Das Blei- und Silberbergwerk bei S-charl wird 1317<br \/>\nerstmals urkundlich erw\u00e4hnt. Wenig bekannt ist der grosse wirtschaftliche<br \/>\nStellenwert dieses unter \u00f6sterreichischer Herrschaft betriebenen Bergwerkes im<br \/>\n14. bis 16. Jahrhundert. W\u00e4hrend dieser Zeit entstanden unter der F\u00fchrung des<br \/>\nAbtes von Marienberg\/Tirol auf dieser wilden Insel zwei Schmelzanlagen. Daraus<br \/>\nkonnten j\u00e4hrlich bis zu 160 kg Silber gewonnen werden.<br \/>\nAufgezeigt werden die Machtk\u00e4mpfe zwischen dem Abt, den Beh\u00f6rden in Innsbruck<br \/>\nund den frei arbeitenden Bergleuten. All diesen Machtspielen stand der<br \/>\nBergrichter als Schlichtungsstelle gegen\u00fcber.<\/p>","protected":false},"excerpt":{"rendered":"<p>Untersuchungsergebnisse \u00fcber das Blei- und Silberbergwerk und dessen Beziehungen zum Tirol. Das Blei- und Silberbergwerk bei S-charl wird 1317 erstmals urkundlich erw\u00e4hnt. Wenig bekannt ist der grosse wirtschaftliche Stellenwert dieses unter \u00f6sterreichischer Herrschaft betriebenen Bergwerkes im 14. bis 16. Jahrhundert. W\u00e4hrend dieser Zeit entstanden unter der F\u00fchrung des Abtes von Marienberg\/Tirol auf dieser wilden Insel [&#8230;]\n","protected":false},"featured_media":31733,"template":"","meta":[],"product_brand":[],"product_cat":[21542],"product_tag":[],"class_list":{"0":"post-150855","1":"product","2":"type-product","3":"status-publish","4":"has-post-thumbnail","6":"product_cat-sachbuecher-dokumentationen","7":"pa_autor-schreiber","8":"pa_erscheinungsjahr-21920","9":"pa_region-schweiz","10":"pa_sprache-de","12":"first","13":"outofstock","14":"taxable","15":"shipping-taxable","16":"purchasable","17":"product-type-simple"},"_links":{"self":[{"href":"https:\/\/pizbube.ch\/en\/wp-json\/wp\/v2\/product\/150855","targetHints":{"allow":["GET"]}}],"collection":[{"href":"https:\/\/pizbube.ch\/en\/wp-json\/wp\/v2\/product"}],"about":[{"href":"https:\/\/pizbube.ch\/en\/wp-json\/wp\/v2\/types\/product"}],"wp:featuredmedia":[{"embeddable":true,"href":"https:\/\/pizbube.ch\/en\/wp-json\/wp\/v2\/media\/31733"}],"wp:attachment":[{"href":"https:\/\/pizbube.ch\/en\/wp-json\/wp\/v2\/media?parent=150855"}],"wp:term":[{"taxonomy":"product_brand","embeddable":true,"href":"https:\/\/pizbube.ch\/en\/wp-json\/wp\/v2\/product_brand?post=150855"},{"taxonomy":"product_cat","embeddable":true,"href":"https:\/\/pizbube.ch\/en\/wp-json\/wp\/v2\/product_cat?post=150855"},{"taxonomy":"product_tag","embeddable":true,"href":"https:\/\/pizbube.ch\/en\/wp-json\/wp\/v2\/product_tag?post=150855"}],"curies":[{"name":"wp","href":"https:\/\/api.w.org\/{rel}","templated":true}]}}