{"id":150856,"date":"2021-01-15T11:03:31","date_gmt":"2021-01-15T11:03:31","guid":{"rendered":"https:\/\/codengine3.ch\/?product=import-placeholder-for-202655"},"modified":"2021-01-15T12:38:11","modified_gmt":"2021-01-15T12:38:11","slug":"20-bergwanderungen-engadin-und-suedbuenden","status":"publish","type":"product","link":"https:\/\/pizbube.ch\/en\/shop\/20-bergwanderungen-engadin-und-suedbuenden\/","title":{"rendered":"20 Bergwanderungen Engadin und S\u00fcdb\u00fcnden"},"content":{"rendered":"<p>\nEngadin, M\u00fcnstertal, Puschlav, Bergell, Misox und Calancatal<\/p>\n<p>Dieses Buch stellt 20 der sch\u00f6nsten Wanderungen im S\u00fcden Graub\u00fcndens vor: im<br \/>\nEngadin, im M\u00fcnstertal, im Puschlav, Bergell, Misox und Calancatal. Es ist<br \/>\neine Region voller Gegens\u00e4tze, von den Gletschern der Bernina bis zu den<br \/>\nPalmen im Puschlav; von den Kastanienhainen im Bergell bis zu den<br \/>\nh\u00f6chstgelegenen Arvenw\u00e4lder Europas. Drei Fl\u00fcsse entspringen hier, und jeder<br \/>\nfliesst einem anderen Meer zu.<\/p>\n<p>Vielf\u00e4ltig ist auch die Kultur mit drei der vier Schweizer Landessprachen und<br \/>\nverschiedenen Konfessionen. Was aber alle Besucher gemeinsam erleben, ist die<br \/>\nFaszination f\u00fcr diese urt\u00fcmliche, gewaltige und doch einladende Landschaft mit<br \/>\nihrer artenreichen und farbenpr\u00e4chtigen Flora.<\/p>\n<p>128 Seiten, 12,6 x 18 cm, broschiert, Softcover<br \/>\nMit 64 Abbildungen<\/p>","protected":false},"excerpt":{"rendered":"<p>Engadin, M\u00fcnstertal, Puschlav, Bergell, Misox und Calancatal Dieses Buch stellt 20 der sch\u00f6nsten Wanderungen im S\u00fcden Graub\u00fcndens vor: im Engadin, im M\u00fcnstertal, im Puschlav, Bergell, Misox und Calancatal. Es ist eine Region voller Gegens\u00e4tze, von den Gletschern der Bernina bis zu den Palmen im Puschlav; von den Kastanienhainen im Bergell bis zu den h\u00f6chstgelegenen Arvenw\u00e4lder [&#8230;]\n","protected":false},"featured_media":30078,"template":"","meta":[],"product_brand":[],"product_cat":[21605],"product_tag":[],"class_list":{"0":"post-150856","1":"product","2":"type-product","3":"status-publish","4":"has-post-thumbnail","6":"product_cat-wanderfuehrer-trekking","7":"pa_autor-hagmann-auf-der-maur","8":"pa_erscheinungsjahr-22144","9":"pa_region-schweiz","10":"pa_sprache-de","12":"first","13":"instock","14":"taxable","15":"shipping-taxable","16":"purchasable","17":"product-type-simple"},"_links":{"self":[{"href":"https:\/\/pizbube.ch\/en\/wp-json\/wp\/v2\/product\/150856","targetHints":{"allow":["GET"]}}],"collection":[{"href":"https:\/\/pizbube.ch\/en\/wp-json\/wp\/v2\/product"}],"about":[{"href":"https:\/\/pizbube.ch\/en\/wp-json\/wp\/v2\/types\/product"}],"wp:featuredmedia":[{"embeddable":true,"href":"https:\/\/pizbube.ch\/en\/wp-json\/wp\/v2\/media\/30078"}],"wp:attachment":[{"href":"https:\/\/pizbube.ch\/en\/wp-json\/wp\/v2\/media?parent=150856"}],"wp:term":[{"taxonomy":"product_brand","embeddable":true,"href":"https:\/\/pizbube.ch\/en\/wp-json\/wp\/v2\/product_brand?post=150856"},{"taxonomy":"product_cat","embeddable":true,"href":"https:\/\/pizbube.ch\/en\/wp-json\/wp\/v2\/product_cat?post=150856"},{"taxonomy":"product_tag","embeddable":true,"href":"https:\/\/pizbube.ch\/en\/wp-json\/wp\/v2\/product_tag?post=150856"}],"curies":[{"name":"wp","href":"https:\/\/api.w.org\/{rel}","templated":true}]}}