{"id":150858,"date":"2021-01-15T11:03:32","date_gmt":"2021-01-15T11:03:32","guid":{"rendered":"https:\/\/codengine3.ch\/?product=import-placeholder-for-202462"},"modified":"2021-01-15T12:36:28","modified_gmt":"2021-01-15T12:36:28","slug":"unterengadin-bw-4","status":"publish","type":"product","link":"https:\/\/pizbube.ch\/en\/shop\/unterengadin-bw-4\/","title":{"rendered":"Unterengadin BW 4"},"content":{"rendered":"<p>Engiadina Bassa, Val M\u00fcstair, Samnaun, Nationalpark.  <\/p>\n<p>Das Unterengadin ist reich an Geschichte und Kultur. D\u00f6rfer mit typischen<br \/>\nEngadiner H\u00e4usern und stille T\u00e4ler locken zu erholsamen Wanderungen, auch im<br \/>\nM\u00fcnstertal, Samnaun und Nationalpark. Dieser BAW-Wanderf\u00fchrer begleitet Sie<br \/>\ndabei mit 30 detallierten Routenbeschreibungen und -k\u00e4rtchen,<br \/>\nWegh\u00f6henprofilen, Distanz- und Zeit\u00fcbersichten, Hinweisen auf Gastst\u00e4tten,<br \/>\nFotos, \u00dcbersichtskarte Graub\u00fcndens, Liniennetz des \u00f6ffentlichen Verkehrs und<br \/>\nvielen weiteren n\u00fctzlichen Tipps.  <\/p>","protected":false},"excerpt":{"rendered":"<p>Engiadina Bassa, Val M\u00fcstair, Samnaun, Nationalpark. Das Unterengadin ist reich an Geschichte und Kultur. D\u00f6rfer mit typischen Engadiner H\u00e4usern und stille T\u00e4ler locken zu erholsamen Wanderungen, auch im M\u00fcnstertal, Samnaun und Nationalpark. Dieser BAW-Wanderf\u00fchrer begleitet Sie dabei mit 30 detallierten Routenbeschreibungen und -k\u00e4rtchen, Wegh\u00f6henprofilen, Distanz- und Zeit\u00fcbersichten, Hinweisen auf Gastst\u00e4tten, Fotos, \u00dcbersichtskarte Graub\u00fcndens, Liniennetz des [&#8230;]\n","protected":false},"featured_media":29850,"template":"","meta":[],"product_brand":[],"product_cat":[21605],"product_tag":[],"class_list":{"0":"post-150858","1":"product","2":"type-product","3":"status-publish","4":"has-post-thumbnail","6":"product_cat-wanderfuehrer-trekking","7":"pa_autor-biert","8":"pa_erscheinungsjahr-21842","9":"pa_region-schweiz","10":"pa_sprache-de","12":"first","13":"instock","14":"taxable","15":"shipping-taxable","16":"purchasable","17":"product-type-simple"},"_links":{"self":[{"href":"https:\/\/pizbube.ch\/en\/wp-json\/wp\/v2\/product\/150858","targetHints":{"allow":["GET"]}}],"collection":[{"href":"https:\/\/pizbube.ch\/en\/wp-json\/wp\/v2\/product"}],"about":[{"href":"https:\/\/pizbube.ch\/en\/wp-json\/wp\/v2\/types\/product"}],"wp:featuredmedia":[{"embeddable":true,"href":"https:\/\/pizbube.ch\/en\/wp-json\/wp\/v2\/media\/29850"}],"wp:attachment":[{"href":"https:\/\/pizbube.ch\/en\/wp-json\/wp\/v2\/media?parent=150858"}],"wp:term":[{"taxonomy":"product_brand","embeddable":true,"href":"https:\/\/pizbube.ch\/en\/wp-json\/wp\/v2\/product_brand?post=150858"},{"taxonomy":"product_cat","embeddable":true,"href":"https:\/\/pizbube.ch\/en\/wp-json\/wp\/v2\/product_cat?post=150858"},{"taxonomy":"product_tag","embeddable":true,"href":"https:\/\/pizbube.ch\/en\/wp-json\/wp\/v2\/product_tag?post=150858"}],"curies":[{"name":"wp","href":"https:\/\/api.w.org\/{rel}","templated":true}]}}