{"id":150859,"date":"2021-01-15T11:03:32","date_gmt":"2021-01-15T11:03:32","guid":{"rendered":"https:\/\/codengine3.ch\/?product=import-placeholder-for-201105"},"modified":"2021-01-15T11:03:35","modified_gmt":"2021-01-15T11:03:35","slug":"strada-alta-leventina-bedrettotal","status":"publish","type":"product","link":"https:\/\/pizbube.ch\/en\/shop\/strada-alta-leventina-bedrettotal\/","title":{"rendered":"Strada  Alta Leventina Bedrettotal"},"content":{"rendered":"<p>Spezialwanderf\u00fchrer  <\/p>\n<p>&#8218;Strada alta &#8211; Leventina &#8211; Bedrettotal&#8216; ist ein Spezialwanderf\u00fchrer, der sich<br \/>\ninteressannten Wanderungen im Nordtessin widmet. Die ca. 20 Wandervorschl\u00e4ge<br \/>\nwerden mit Bild- und Kartenmaterial erg\u00e4nzt. Neben den Wanderungen wird \u00fcber<br \/>\nLand und Leute berichtet, \u00fcber vergessene D\u00f6rfer fern vom rasanten Fortschritt<br \/>\nder Zeit, \u00fcber die Bedeutung der Eisenbahnlinie f\u00fcr das Tal, und auch die<br \/>\ngeologische Entstehung dieser Umgebung wird nicht ausser Acht gelassen. In<br \/>\neinem kompakten, feuilletonistischen Stil beschreibt der Autor die Wanderungen<br \/>\ndurch die T\u00e4ler des Nordtessins und l\u00e4sst keine Zweifel offen, dass es sich<br \/>\nauch lohnt, in abgelegenere Gegenden vorzustossen.  <\/p>","protected":false},"excerpt":{"rendered":"<p>Spezialwanderf\u00fchrer &#8218;Strada alta &#8211; Leventina &#8211; Bedrettotal&#8216; ist ein Spezialwanderf\u00fchrer, der sich interessannten Wanderungen im Nordtessin widmet. Die ca. 20 Wandervorschl\u00e4ge werden mit Bild- und Kartenmaterial erg\u00e4nzt. Neben den Wanderungen wird \u00fcber Land und Leute berichtet, \u00fcber vergessene D\u00f6rfer fern vom rasanten Fortschritt der Zeit, \u00fcber die Bedeutung der Eisenbahnlinie f\u00fcr das Tal, und auch [&#8230;]\n","protected":false},"featured_media":28267,"template":"","meta":[],"product_brand":[],"product_cat":[21605],"product_tag":[],"class_list":{"0":"post-150859","1":"product","2":"type-product","3":"status-publish","4":"has-post-thumbnail","6":"product_cat-wanderfuehrer-trekking","7":"pa_autor-buechi","8":"pa_erscheinungsjahr-21591","9":"pa_region-schweiz","10":"pa_sprache-de","12":"first","13":"instock","14":"taxable","15":"shipping-taxable","16":"purchasable","17":"product-type-simple"},"_links":{"self":[{"href":"https:\/\/pizbube.ch\/en\/wp-json\/wp\/v2\/product\/150859","targetHints":{"allow":["GET"]}}],"collection":[{"href":"https:\/\/pizbube.ch\/en\/wp-json\/wp\/v2\/product"}],"about":[{"href":"https:\/\/pizbube.ch\/en\/wp-json\/wp\/v2\/types\/product"}],"wp:featuredmedia":[{"embeddable":true,"href":"https:\/\/pizbube.ch\/en\/wp-json\/wp\/v2\/media\/28267"}],"wp:attachment":[{"href":"https:\/\/pizbube.ch\/en\/wp-json\/wp\/v2\/media?parent=150859"}],"wp:term":[{"taxonomy":"product_brand","embeddable":true,"href":"https:\/\/pizbube.ch\/en\/wp-json\/wp\/v2\/product_brand?post=150859"},{"taxonomy":"product_cat","embeddable":true,"href":"https:\/\/pizbube.ch\/en\/wp-json\/wp\/v2\/product_cat?post=150859"},{"taxonomy":"product_tag","embeddable":true,"href":"https:\/\/pizbube.ch\/en\/wp-json\/wp\/v2\/product_tag?post=150859"}],"curies":[{"name":"wp","href":"https:\/\/api.w.org\/{rel}","templated":true}]}}