{"id":150860,"date":"2021-01-15T11:03:32","date_gmt":"2021-01-15T11:03:32","guid":{"rendered":"https:\/\/codengine3.ch\/?product=import-placeholder-for-206162"},"modified":"2021-06-03T08:49:58","modified_gmt":"2021-06-03T06:49:58","slug":"bergwandern-im-tessin","status":"publish","type":"product","link":"https:\/\/pizbube.ch\/en\/shop\/bergwandern-im-tessin\/","title":{"rendered":"Bergwandern im Tessin"},"content":{"rendered":"<p>F\u00fcr viele ist das Tessin die mit Abstand sch\u00f6nste Wanderregion der Schweiz.<br \/>\nDenn l\u00e4sst man Locarno oder Lugano hinter sich und steigt die Pfade hinauf in<br \/>\ndie abgelegenen, weit verzweigten Seitent\u00e4ler, betritt man eine neue, eigene<br \/>\nWelt: verlassene Alpen mit unglaublicher Aussicht, glasklare B\u00e4che und Seen,<br \/>\nverschlungene Wege, auf denen man keiner Menschenseele begegnet, wilde und<br \/>\nunverbaute Landschaften, die immer wieder zum Staunen und Nachdenken anregen.<\/p>\n<p>Das Buch greift typisch tessinerische Themen auf &#8211; von der traditionellen<br \/>\nLandwirtschaft bis zur modernen Architektur, von der Ein- und Auswanderung bis<br \/>\nzur Kastanienverarbeitung &#8211; und macht diese anhand 45 attraktiver Wanderungen<br \/>\nerlebbar.<\/p>\n<p>Dank der ausf\u00fchrlichen Hintergrundtexte und der attraktiven Farbfotos lassen<br \/>\nsich die Eigenheiten der Tessiner Bergwelt aber auch vom Sofa aus entdecken.<\/p>","protected":false},"excerpt":{"rendered":"<p>F\u00fcr viele ist das Tessin die mit Abstand sch\u00f6nste Wanderregion der Schweiz. Denn l\u00e4sst man Locarno oder Lugano hinter sich und steigt die Pfade hinauf in die abgelegenen, weit verzweigten Seitent\u00e4ler, betritt man eine neue, eigene Welt: verlassene Alpen mit unglaublicher Aussicht, glasklare B\u00e4che und Seen, verschlungene Wege, auf denen man keiner Menschenseele begegnet, wilde [&#8230;]\n","protected":false},"featured_media":35101,"template":"","meta":[],"product_brand":[],"product_cat":[21605],"product_tag":[],"class_list":{"0":"post-150860","1":"product","2":"type-product","3":"status-publish","4":"has-post-thumbnail","6":"product_cat-wanderfuehrer-trekking","7":"pa_autor-volken-kundert","8":"pa_erscheinungsjahr-21830","9":"pa_region-schweiz","10":"pa_sprache-de","12":"first","13":"outofstock","14":"taxable","15":"shipping-taxable","16":"purchasable","17":"product-type-simple"},"_links":{"self":[{"href":"https:\/\/pizbube.ch\/en\/wp-json\/wp\/v2\/product\/150860","targetHints":{"allow":["GET"]}}],"collection":[{"href":"https:\/\/pizbube.ch\/en\/wp-json\/wp\/v2\/product"}],"about":[{"href":"https:\/\/pizbube.ch\/en\/wp-json\/wp\/v2\/types\/product"}],"wp:featuredmedia":[{"embeddable":true,"href":"https:\/\/pizbube.ch\/en\/wp-json\/wp\/v2\/media\/35101"}],"wp:attachment":[{"href":"https:\/\/pizbube.ch\/en\/wp-json\/wp\/v2\/media?parent=150860"}],"wp:term":[{"taxonomy":"product_brand","embeddable":true,"href":"https:\/\/pizbube.ch\/en\/wp-json\/wp\/v2\/product_brand?post=150860"},{"taxonomy":"product_cat","embeddable":true,"href":"https:\/\/pizbube.ch\/en\/wp-json\/wp\/v2\/product_cat?post=150860"},{"taxonomy":"product_tag","embeddable":true,"href":"https:\/\/pizbube.ch\/en\/wp-json\/wp\/v2\/product_tag?post=150860"}],"curies":[{"name":"wp","href":"https:\/\/api.w.org\/{rel}","templated":true}]}}