{"id":150863,"date":"2021-01-15T11:03:32","date_gmt":"2021-01-15T11:03:32","guid":{"rendered":"https:\/\/codengine3.ch\/?product=import-placeholder-for-207732"},"modified":"2024-08-27T09:58:52","modified_gmt":"2024-08-27T07:58:52","slug":"gotthard-tunnel-trail","status":"publish","type":"product","link":"https:\/\/pizbube.ch\/en\/shop\/gotthard-tunnel-trail\/","title":{"rendered":"Gotthard Tunnel Trail"},"content":{"rendered":"<p>Zu Fuss \u00fcber den l\u00e4ngsten Tunnel der Welt.<br \/>\nPasseggiando per il tunnel piu lungo del mondo.<br \/>\nTracking the world&#8217;s longest tunnel.<\/p>\n<p>Nach der fahrplanm\u00e4ssigen Inbetriebnahme des Gotthard-Basistunnels trennen die<br \/>\nZugreisenden 57 Kilometer und rund 20 Fahrminuten zwischen dem Norden und dem<br \/>\nS\u00fcden der Schweiz.<\/p>\n<p>Interessanter hingegen ist es, diese Strecke in Wandergeschwindigkeit \u00fcber dem<br \/>\nTunnel zur\u00fcckzulegen. Denn \u00fcber 2448 H\u00f6henmetern und rund 100 Kilometer<br \/>\nDistanz er\u00f6ffnet sich eine Bergwelt von ausserordentlichem Reiz. Sie geniessen<br \/>\ndie vielf\u00e4ltige Bergnatur zwischen der Alpennord- und der Alpens\u00fcdseite.<\/p>\n<p>Lassen Sie sich auf die Gastgeberkultur des Urnerlandes, des B\u00fcndnerlandes und<br \/>\ndes Tessins ein. Zudem erleben Sie immer wieder Momente, in denen Sie exakt<br \/>\n\u00fcber dem Tunnel stehen \u2013 wenn auch bis zu 2000 H\u00f6henmeter weiter oben\u2026<\/p>","protected":false},"excerpt":{"rendered":"<p>Zu Fuss \u00fcber den l\u00e4ngsten Tunnel der Welt. Passeggiando per il tunnel piu lungo del mondo. Tracking the world&#8217;s longest tunnel. Nach der fahrplanm\u00e4ssigen Inbetriebnahme des Gotthard-Basistunnels trennen die Zugreisenden 57 Kilometer und rund 20 Fahrminuten zwischen dem Norden und dem S\u00fcden der Schweiz. Interessanter hingegen ist es, diese Strecke in Wandergeschwindigkeit \u00fcber dem Tunnel [&#8230;]\n","protected":false},"featured_media":38291,"template":"","meta":[],"product_brand":[],"product_cat":[21605],"product_tag":[],"class_list":{"0":"post-150863","1":"product","2":"type-product","3":"status-publish","4":"has-post-thumbnail","6":"product_cat-wanderfuehrer-trekking","7":"pa_autor-coulin","8":"pa_erscheinungsjahr-21571","9":"pa_region-schweiz","10":"pa_sprache-de-it-en","12":"first","13":"outofstock","14":"taxable","15":"shipping-taxable","16":"purchasable","17":"product-type-simple"},"_links":{"self":[{"href":"https:\/\/pizbube.ch\/en\/wp-json\/wp\/v2\/product\/150863","targetHints":{"allow":["GET"]}}],"collection":[{"href":"https:\/\/pizbube.ch\/en\/wp-json\/wp\/v2\/product"}],"about":[{"href":"https:\/\/pizbube.ch\/en\/wp-json\/wp\/v2\/types\/product"}],"wp:featuredmedia":[{"embeddable":true,"href":"https:\/\/pizbube.ch\/en\/wp-json\/wp\/v2\/media\/38291"}],"wp:attachment":[{"href":"https:\/\/pizbube.ch\/en\/wp-json\/wp\/v2\/media?parent=150863"}],"wp:term":[{"taxonomy":"product_brand","embeddable":true,"href":"https:\/\/pizbube.ch\/en\/wp-json\/wp\/v2\/product_brand?post=150863"},{"taxonomy":"product_cat","embeddable":true,"href":"https:\/\/pizbube.ch\/en\/wp-json\/wp\/v2\/product_cat?post=150863"},{"taxonomy":"product_tag","embeddable":true,"href":"https:\/\/pizbube.ch\/en\/wp-json\/wp\/v2\/product_tag?post=150863"}],"curies":[{"name":"wp","href":"https:\/\/api.w.org\/{rel}","templated":true}]}}