{"id":150864,"date":"2021-01-15T11:03:32","date_gmt":"2021-01-15T11:03:32","guid":{"rendered":"https:\/\/codengine3.ch\/?product=import-placeholder-for-202644"},"modified":"2021-01-15T12:38:07","modified_gmt":"2021-01-15T12:38:07","slug":"geotope-fenster-in-die-urzeit","status":"publish","type":"product","link":"https:\/\/pizbube.ch\/en\/shop\/geotope-fenster-in-die-urzeit\/","title":{"rendered":"Geotope, Fenster in die Urzeit"},"content":{"rendered":"<p>Ein Einstieg in die Geologie der Schweiz mit Wandervorschl\u00e4gen f\u00fcr 20<br \/>\nZeitreisen.<\/p>\n<p>Was Biotope sind, wei\u00df inzwischen jedes Kind. Den noch jungen Begriff der<br \/>\nGeotope einer breiteren \u00d6ffentlichkeit bekannt zu machen, setzt sich dieser<br \/>\naktuelle Spezial-Wanderf\u00fchrer zum Ziel. Geotope sind jene Stellen in der<br \/>\nLandschaft, wo sich die Erdkruste dem menschlichen Blick darbietet und wo<br \/>\nGesteine (Erd-)geschichte erz\u00e4hlen. Zwei Fachleute haben hier in enger<br \/>\nZusammenarbeit ein Werk geschaffen, das neue Ma\u00dfst\u00e4be<br \/>\npopul\u00e4rwissenschaftlicher Publizistik setzen soll: Eine Verbindung allgemein<br \/>\nverst\u00e4ndlicher Hintergrundinformationen mit konkreten Ausflugvorschl\u00e4gen zu<br \/>\nden geologisch attraktivsten Gebieten l\u00e4sst die so dramatische Erdgeschichte<br \/>\nder Schweiz auch ohne Vorkenntnisse verstehen.<\/p>\n<p>Farb., s\/w. Fotos, Abb. graph. Darst. 377 g. 207 S.<\/p>","protected":false},"excerpt":{"rendered":"<p>Ein Einstieg in die Geologie der Schweiz mit Wandervorschl\u00e4gen f\u00fcr 20 Zeitreisen. Was Biotope sind, wei\u00df inzwischen jedes Kind. Den noch jungen Begriff der Geotope einer breiteren \u00d6ffentlichkeit bekannt zu machen, setzt sich dieser aktuelle Spezial-Wanderf\u00fchrer zum Ziel. Geotope sind jene Stellen in der Landschaft, wo sich die Erdkruste dem menschlichen Blick darbietet und wo [&#8230;]\n","protected":false},"featured_media":30067,"template":"","meta":[],"product_brand":[],"product_cat":[21538],"product_tag":[],"class_list":{"0":"post-150864","1":"product","2":"type-product","3":"status-publish","4":"has-post-thumbnail","6":"product_cat-lehrbuecher","7":"pa_autor-auf-der-maur","8":"pa_erscheinungsjahr-22144","9":"pa_region-fauna-flora-geologie-glaziologie","10":"pa_sprache-de","12":"first","13":"outofstock","14":"taxable","15":"shipping-taxable","16":"purchasable","17":"product-type-simple"},"_links":{"self":[{"href":"https:\/\/pizbube.ch\/en\/wp-json\/wp\/v2\/product\/150864","targetHints":{"allow":["GET"]}}],"collection":[{"href":"https:\/\/pizbube.ch\/en\/wp-json\/wp\/v2\/product"}],"about":[{"href":"https:\/\/pizbube.ch\/en\/wp-json\/wp\/v2\/types\/product"}],"wp:featuredmedia":[{"embeddable":true,"href":"https:\/\/pizbube.ch\/en\/wp-json\/wp\/v2\/media\/30067"}],"wp:attachment":[{"href":"https:\/\/pizbube.ch\/en\/wp-json\/wp\/v2\/media?parent=150864"}],"wp:term":[{"taxonomy":"product_brand","embeddable":true,"href":"https:\/\/pizbube.ch\/en\/wp-json\/wp\/v2\/product_brand?post=150864"},{"taxonomy":"product_cat","embeddable":true,"href":"https:\/\/pizbube.ch\/en\/wp-json\/wp\/v2\/product_cat?post=150864"},{"taxonomy":"product_tag","embeddable":true,"href":"https:\/\/pizbube.ch\/en\/wp-json\/wp\/v2\/product_tag?post=150864"}],"curies":[{"name":"wp","href":"https:\/\/api.w.org\/{rel}","templated":true}]}}