{"id":150866,"date":"2021-01-15T11:03:32","date_gmt":"2021-01-15T11:03:32","guid":{"rendered":"https:\/\/codengine3.ch\/?product=import-placeholder-for-201109"},"modified":"2021-01-15T11:03:37","modified_gmt":"2021-01-15T11:03:37","slug":"klimaspuren","status":"publish","type":"product","link":"https:\/\/pizbube.ch\/en\/shop\/klimaspuren\/","title":{"rendered":"Klimaspuren"},"content":{"rendered":"<p>20 Wanderungen zum Treibhaus Schweiz f\u00fchren an die klimatischen Probleme von<br \/>\nheute und morgen. Begleitende Erkl\u00e4rungen zu Ursachen und Hintergr\u00fcnden machen<br \/>\nden Treibhauseffekt erfahrbar. \u00d6kologisch korrekte F\u00fchrer kommen oft etwas<br \/>\ngrau und freudlos daher. Solch miesepetrige Umwelt-P\u00e4dagogik gibt es nicht in<br \/>\ndiesem Buch, auch wenn es vom WWF Schweiz herausgegeben wird. (Frankfurter<br \/>\nAllgemeine Zeitung)  <\/p>","protected":false},"excerpt":{"rendered":"<p>20 Wanderungen zum Treibhaus Schweiz f\u00fchren an die klimatischen Probleme von heute und morgen. Begleitende Erkl\u00e4rungen zu Ursachen und Hintergr\u00fcnden machen den Treibhauseffekt erfahrbar. \u00d6kologisch korrekte F\u00fchrer kommen oft etwas grau und freudlos daher. Solch miesepetrige Umwelt-P\u00e4dagogik gibt es nicht in diesem Buch, auch wenn es vom WWF Schweiz herausgegeben wird. (Frankfurter Allgemeine Zeitung)<\/p>","protected":false},"featured_media":28271,"template":"","meta":[],"product_brand":[],"product_cat":[21605],"product_tag":[],"class_list":{"0":"post-150866","1":"product","2":"type-product","3":"status-publish","4":"has-post-thumbnail","6":"product_cat-wanderfuehrer-trekking","7":"pa_autor-krebs-siegrist","8":"pa_erscheinungsjahr-22133","9":"pa_region-schweiz","10":"pa_sprache-de","12":"first","13":"outofstock","14":"taxable","15":"shipping-taxable","16":"purchasable","17":"product-type-simple"},"_links":{"self":[{"href":"https:\/\/pizbube.ch\/en\/wp-json\/wp\/v2\/product\/150866","targetHints":{"allow":["GET"]}}],"collection":[{"href":"https:\/\/pizbube.ch\/en\/wp-json\/wp\/v2\/product"}],"about":[{"href":"https:\/\/pizbube.ch\/en\/wp-json\/wp\/v2\/types\/product"}],"wp:featuredmedia":[{"embeddable":true,"href":"https:\/\/pizbube.ch\/en\/wp-json\/wp\/v2\/media\/28271"}],"wp:attachment":[{"href":"https:\/\/pizbube.ch\/en\/wp-json\/wp\/v2\/media?parent=150866"}],"wp:term":[{"taxonomy":"product_brand","embeddable":true,"href":"https:\/\/pizbube.ch\/en\/wp-json\/wp\/v2\/product_brand?post=150866"},{"taxonomy":"product_cat","embeddable":true,"href":"https:\/\/pizbube.ch\/en\/wp-json\/wp\/v2\/product_cat?post=150866"},{"taxonomy":"product_tag","embeddable":true,"href":"https:\/\/pizbube.ch\/en\/wp-json\/wp\/v2\/product_tag?post=150866"}],"curies":[{"name":"wp","href":"https:\/\/api.w.org\/{rel}","templated":true}]}}