{"id":150867,"date":"2021-01-15T11:03:32","date_gmt":"2021-01-15T11:03:32","guid":{"rendered":"https:\/\/codengine3.ch\/?product=import-placeholder-for-202164"},"modified":"2021-04-28T12:06:22","modified_gmt":"2021-04-28T10:06:22","slug":"klimawandel-im-schweizer-alpenraum","status":"publish","type":"product","link":"https:\/\/pizbube.ch\/en\/shop\/klimawandel-im-schweizer-alpenraum\/","title":{"rendered":"Klimawandel im Schweizer Alpenraum"},"content":{"rendered":"<p><span class=\"value\">Gebirge k\u00f6nnen in Bezug auf das Klima als Inseln, Br\u00fccken odr Grenzen wirken.<br \/>\nDie letzten Monate haben uns erneut vor Augen gef\u00fchrt, dass sich extreme Wetterereignisse wie Starschneef\u00e4lle mit Lawinenniederg\u00e4ngen, \u00dcberschwemmungen oder Winterst\u00fcrme im Gebirge drastisch verst\u00e4rken k\u00f6nnen.<\/span><\/p>\n<p>Die Gruppe f\u00fcr Klimatologie und Meterologie des Geographischen Instituts der Universit\u00e4t Bern befasst sich im Rahmen von nationalen und internationalen Forschungsvorhaben seit l\u00e4ngeer Zeit mit Fragen der Klimamodifikation und des Klimawandels im Raum Atlantik-Europa-Alpen.<\/p>\n<div class=\"biblioPages\"><span class=\"value\">296 Seiten<\/span><\/div>\n<div class=\"biblioIllustations\"><span class=\"key\">Illustrationen \/ <\/span><span class=\"value\">Abb., Pl\u00e4ne, Fotos, Graf.<\/span><\/div>","protected":false},"excerpt":{"rendered":"<p>Gebirge k\u00f6nnen in Bezug auf das Klima als Inseln, Br\u00fccken odr Grenzen wirken. Die letzten Monate haben uns erneut vor Augen gef\u00fchrt, dass sich extreme Wetterereignisse wie Starschneef\u00e4lle mit Lawinenniederg\u00e4ngen, \u00dcberschwemmungen oder Winterst\u00fcrme im Gebirge drastisch verst\u00e4rken k\u00f6nnen. Die Gruppe f\u00fcr Klimatologie und Meterologie des Geographischen Instituts der Universit\u00e4t Bern befasst sich im Rahmen von [&#8230;]\n","protected":false},"featured_media":29555,"template":"","meta":[],"product_brand":[],"product_cat":[21542],"product_tag":[],"class_list":{"0":"post-150867","1":"product","2":"type-product","3":"status-publish","4":"has-post-thumbnail","6":"product_cat-sachbuecher-dokumentationen","7":"pa_autor-wanner-et-alt","8":"pa_erscheinungsjahr-21750","9":"pa_region-fauna-flora-geologie-glaziologie","10":"pa_sprache-de","12":"first","13":"onbackorder","14":"taxable","15":"shipping-taxable","16":"purchasable","17":"product-type-simple"},"_links":{"self":[{"href":"https:\/\/pizbube.ch\/en\/wp-json\/wp\/v2\/product\/150867","targetHints":{"allow":["GET"]}}],"collection":[{"href":"https:\/\/pizbube.ch\/en\/wp-json\/wp\/v2\/product"}],"about":[{"href":"https:\/\/pizbube.ch\/en\/wp-json\/wp\/v2\/types\/product"}],"wp:featuredmedia":[{"embeddable":true,"href":"https:\/\/pizbube.ch\/en\/wp-json\/wp\/v2\/media\/29555"}],"wp:attachment":[{"href":"https:\/\/pizbube.ch\/en\/wp-json\/wp\/v2\/media?parent=150867"}],"wp:term":[{"taxonomy":"product_brand","embeddable":true,"href":"https:\/\/pizbube.ch\/en\/wp-json\/wp\/v2\/product_brand?post=150867"},{"taxonomy":"product_cat","embeddable":true,"href":"https:\/\/pizbube.ch\/en\/wp-json\/wp\/v2\/product_cat?post=150867"},{"taxonomy":"product_tag","embeddable":true,"href":"https:\/\/pizbube.ch\/en\/wp-json\/wp\/v2\/product_tag?post=150867"}],"curies":[{"name":"wp","href":"https:\/\/api.w.org\/{rel}","templated":true}]}}