{"id":150868,"date":"2021-01-15T11:03:32","date_gmt":"2021-01-15T11:03:32","guid":{"rendered":"https:\/\/codengine3.ch\/?product=import-placeholder-for-201472"},"modified":"2024-09-30T16:49:28","modified_gmt":"2024-09-30T14:49:28","slug":"heisszeit","status":"publish","type":"product","link":"https:\/\/pizbube.ch\/en\/shop\/heisszeit\/","title":{"rendered":"Heisszeit"},"content":{"rendered":"<p>Klimaver\u00e4nderungen und Naturkatastrophen in der Schweiz<\/p>\n<p>&#171;Heisszeit&#187; dokumentiert den aktuellen Stand der Schweizer Klimaforschung. Die Publikation hilft, die aktuellen Wetterkapriolen einzuordnen, und macht deutlich, dass sich Politik, Gesellschaft und Wirtschaft der neuen Klimasituation und den ver\u00e4nderten Naturgefahren anpassen m\u00fcssen.<\/p>\n<p>Seit zehn Jahren hat es im Schweizer Mittelland praktisch nie mehr eine geschlossene Schneedecke gegeben. Niederschl\u00e4ge, \u00dcberschwemmungen nehmen zu, aber auch Waldbr\u00e4nde werden h\u00e4ufiger. 1997 war das heisseste Jahr, das je gemessen wurde. Sind das bereits die Auswirkungen der globalen Klima\u00e4nderung?<\/p>\n<p>Die Schweiz ist nicht Bangladesch, wo durch die Klima\u00e4nderung verheerende \u00dcberschwemmungen drohen. Die Schweizer Bauern haben auch nicht den amerikanischen Weizeng\u00fcrtel zu bewirtschaften, der wom\u00f6glich versteppen wird. Was bringt uns das Klima in Zukunft?<\/p>\n<p>In den letzten f\u00fcnf Jahren haben \u00fcber f\u00fcnfzig Forschungsgruppen aus unterschiedlichen Fachrichtungen intensiv in einem nationalen Forschungsprogramm zusammengearbeitet. Sie untersuchten, wie sich Klima und Naturkatastrophen im Alpenraum bis heute ver\u00e4ndert haben und was f\u00fcr die Zukunft zu erwarten ist.<\/p>","protected":false},"excerpt":{"rendered":"<p>Klimaver\u00e4nderungen und Naturkatastrophen in der Schweiz &#171;Heisszeit&#187; dokumentiert den aktuellen Stand der Schweizer Klimaforschung. Die Publikation hilft, die aktuellen Wetterkapriolen einzuordnen, und macht deutlich, dass sich Politik, Gesellschaft und Wirtschaft der neuen Klimasituation und den ver\u00e4nderten Naturgefahren anpassen m\u00fcssen. Seit zehn Jahren hat es im Schweizer Mittelland praktisch nie mehr eine geschlossene Schneedecke gegeben. Niederschl\u00e4ge, [&#8230;]\n","protected":false},"featured_media":28823,"template":"","meta":[],"product_brand":[],"product_cat":[21542],"product_tag":[],"class_list":{"0":"post-150868","1":"product","2":"type-product","3":"status-publish","4":"has-post-thumbnail","6":"product_cat-sachbuecher-dokumentationen","7":"pa_autor-glogger","8":"pa_erscheinungsjahr-22060","9":"pa_region-schweiz","10":"pa_sprache-de","12":"first","13":"outofstock","14":"taxable","15":"shipping-taxable","16":"purchasable","17":"product-type-simple"},"_links":{"self":[{"href":"https:\/\/pizbube.ch\/en\/wp-json\/wp\/v2\/product\/150868","targetHints":{"allow":["GET"]}}],"collection":[{"href":"https:\/\/pizbube.ch\/en\/wp-json\/wp\/v2\/product"}],"about":[{"href":"https:\/\/pizbube.ch\/en\/wp-json\/wp\/v2\/types\/product"}],"wp:featuredmedia":[{"embeddable":true,"href":"https:\/\/pizbube.ch\/en\/wp-json\/wp\/v2\/media\/28823"}],"wp:attachment":[{"href":"https:\/\/pizbube.ch\/en\/wp-json\/wp\/v2\/media?parent=150868"}],"wp:term":[{"taxonomy":"product_brand","embeddable":true,"href":"https:\/\/pizbube.ch\/en\/wp-json\/wp\/v2\/product_brand?post=150868"},{"taxonomy":"product_cat","embeddable":true,"href":"https:\/\/pizbube.ch\/en\/wp-json\/wp\/v2\/product_cat?post=150868"},{"taxonomy":"product_tag","embeddable":true,"href":"https:\/\/pizbube.ch\/en\/wp-json\/wp\/v2\/product_tag?post=150868"}],"curies":[{"name":"wp","href":"https:\/\/api.w.org\/{rel}","templated":true}]}}