{"id":150869,"date":"2021-01-15T11:03:32","date_gmt":"2021-01-15T11:03:32","guid":{"rendered":"https:\/\/codengine3.ch\/?product=import-placeholder-for-201110"},"modified":"2021-01-15T11:03:37","modified_gmt":"2021-01-15T11:03:37","slug":"grenzschlaengeln","status":"publish","type":"product","link":"https:\/\/pizbube.ch\/en\/shop\/grenzschlaengeln\/","title":{"rendered":"Grenzschl\u00e4ngeln"},"content":{"rendered":"<p>Routen, P\u00e4sse und Geschichten. Zu Fuss vom Inn an den Genfersee  <\/p>\n<p>Dieses ungew\u00f6hnliche Wanderbuch spricht Leute an, die gerne lesen, wandern und<br \/>\nessen. Die 47 Routen dies- und jenseits der heutigen Landesgrenzen f\u00fchren<br \/>\ndurch jenen Teil des Alpenbogens, den die Schweiz mit \u00d6sterreich, Italien und<br \/>\nFrankreich teilt. Historische und aktuelle Geschichten bereichern das<br \/>\ninformative Wanderbuch, das f\u00fcr Genie\u00dferInnen geschrieben wurde. Routen, P\u00e4sse<br \/>\nund Geschichten. Zu Fuss vom Inn zum Genfersee.<br \/>\n5. Aufl. 2005 vollst\u00e4ndig \u00fcberarbeitet<br \/>\n438 S., 45 Skizzen, zahlr. Ill.  <\/p>","protected":false},"excerpt":{"rendered":"<ul>\n<li><b>INFO: Neuauflage\/Nachdruck unbestimmt<b><\/li>\n<\/ul>","protected":false},"featured_media":28272,"template":"","meta":[],"product_brand":[],"product_cat":[21605],"product_tag":[],"class_list":{"0":"post-150869","1":"product","2":"type-product","3":"status-publish","4":"has-post-thumbnail","6":"product_cat-wanderfuehrer-trekking","7":"pa_autor-bauer-frischknecht","8":"pa_erscheinungsjahr-21776","9":"pa_region-schweiz","10":"pa_sprache-de","12":"first","13":"outofstock","14":"taxable","15":"shipping-taxable","16":"purchasable","17":"product-type-simple"},"_links":{"self":[{"href":"https:\/\/pizbube.ch\/en\/wp-json\/wp\/v2\/product\/150869","targetHints":{"allow":["GET"]}}],"collection":[{"href":"https:\/\/pizbube.ch\/en\/wp-json\/wp\/v2\/product"}],"about":[{"href":"https:\/\/pizbube.ch\/en\/wp-json\/wp\/v2\/types\/product"}],"wp:featuredmedia":[{"embeddable":true,"href":"https:\/\/pizbube.ch\/en\/wp-json\/wp\/v2\/media\/28272"}],"wp:attachment":[{"href":"https:\/\/pizbube.ch\/en\/wp-json\/wp\/v2\/media?parent=150869"}],"wp:term":[{"taxonomy":"product_brand","embeddable":true,"href":"https:\/\/pizbube.ch\/en\/wp-json\/wp\/v2\/product_brand?post=150869"},{"taxonomy":"product_cat","embeddable":true,"href":"https:\/\/pizbube.ch\/en\/wp-json\/wp\/v2\/product_cat?post=150869"},{"taxonomy":"product_tag","embeddable":true,"href":"https:\/\/pizbube.ch\/en\/wp-json\/wp\/v2\/product_tag?post=150869"}],"curies":[{"name":"wp","href":"https:\/\/api.w.org\/{rel}","templated":true}]}}