{"id":150870,"date":"2021-01-15T11:03:32","date_gmt":"2021-01-15T11:03:32","guid":{"rendered":"https:\/\/codengine3.ch\/?product=import-placeholder-for-201898"},"modified":"2021-01-15T12:31:41","modified_gmt":"2021-01-15T12:31:41","slug":"kulturweg-alpen","status":"publish","type":"product","link":"https:\/\/pizbube.ch\/en\/shop\/kulturweg-alpen\/","title":{"rendered":"Kulturweg Alpen"},"content":{"rendered":"<p>In 30 Kapiteln f\u00fchrt dieses Buch vom Lac L\u00e9man ins Val M\u00fcstair durch die<br \/>\nSchweizer Alpen. 30 texte vermitteln Begegnungen mit alter und neuer Kultur.<br \/>\nEs geht um Natur wie um Architektur, um Saumpfade wie um neue Br\u00fccken. Zudem<br \/>\nliefert das Buch jene Daten, die es zur Planung einer Wanderung braucht:<br \/>\nDistanz von A nach B, H\u00f6henunterschied, Wegbeschaffenheit, dazu einen<br \/>\nKartenausschnitt, An- und Abreisem\u00f6glichkeiten, Angaben zu Hotels und<br \/>\nPensionen.  <\/p>","protected":false},"excerpt":{"rendered":"<ul>\n<li><b>INFO: Neuauflage geplant; Termin unbestimmt<b><\/li>\n<\/ul>","protected":false},"featured_media":29289,"template":"","meta":[],"product_brand":[],"product_cat":[21605],"product_tag":[],"class_list":{"0":"post-150870","1":"product","2":"type-product","3":"status-publish","4":"has-post-thumbnail","6":"product_cat-wanderfuehrer-trekking","7":"pa_autor-naturfreunde-schweiz","8":"pa_erscheinungsjahr-22242","9":"pa_region-schweiz","10":"pa_sprache-de","12":"first","13":"outofstock","14":"taxable","15":"shipping-taxable","16":"purchasable","17":"product-type-simple"},"_links":{"self":[{"href":"https:\/\/pizbube.ch\/en\/wp-json\/wp\/v2\/product\/150870","targetHints":{"allow":["GET"]}}],"collection":[{"href":"https:\/\/pizbube.ch\/en\/wp-json\/wp\/v2\/product"}],"about":[{"href":"https:\/\/pizbube.ch\/en\/wp-json\/wp\/v2\/types\/product"}],"wp:featuredmedia":[{"embeddable":true,"href":"https:\/\/pizbube.ch\/en\/wp-json\/wp\/v2\/media\/29289"}],"wp:attachment":[{"href":"https:\/\/pizbube.ch\/en\/wp-json\/wp\/v2\/media?parent=150870"}],"wp:term":[{"taxonomy":"product_brand","embeddable":true,"href":"https:\/\/pizbube.ch\/en\/wp-json\/wp\/v2\/product_brand?post=150870"},{"taxonomy":"product_cat","embeddable":true,"href":"https:\/\/pizbube.ch\/en\/wp-json\/wp\/v2\/product_cat?post=150870"},{"taxonomy":"product_tag","embeddable":true,"href":"https:\/\/pizbube.ch\/en\/wp-json\/wp\/v2\/product_tag?post=150870"}],"curies":[{"name":"wp","href":"https:\/\/api.w.org\/{rel}","templated":true}]}}