{"id":150871,"date":"2021-01-15T11:03:33","date_gmt":"2021-01-15T11:03:33","guid":{"rendered":"https:\/\/codengine3.ch\/?product=import-placeholder-for-201111"},"modified":"2021-01-15T11:03:37","modified_gmt":"2021-01-15T11:03:37","slug":"sagenhaftes-wandern","status":"publish","type":"product","link":"https:\/\/pizbube.ch\/en\/shop\/sagenhaftes-wandern\/","title":{"rendered":"Sagenhaftes Wandern"},"content":{"rendered":"<p>13 Ausfl\u00fcge in die Gegenwart der Urschweizer Sagenwelt: Bachmann entf\u00fchrt<br \/>\nLeserinnen und Leser auf 13 Wanderungen in die Sagenwelt der Innerschweiz.<br \/>\nDies kann mit vielf\u00e4ltigen Naturgefahren verbunden sein oder gar Mut fordern:<br \/>\nMan denke an jene \u00c4btissin im Muotatal, die dem Leibhaftigen entgegentreten<br \/>\nmusste.<\/p>\n<p>Den Lesenden und den Wandernden soll es allerdings mit dem Sagenhaften Wandern<br \/>\nso ergehen wie dem Brandegg-T\u00f6neli, dem ein feines Lichtlein den Weg aus dem<br \/>\ngefahrvollen Moor weist. Das Buch geleitet die Wandernden sicher durch die<br \/>\nimposante Berg- und die verschlungene Sagenwelt.<br \/>\nVollst\u00e4ndig \u00fcberarbeitete und erweiterte Neuausgabe.<\/p>","protected":false},"excerpt":{"rendered":"<p>13 Ausfl\u00fcge in die Gegenwart der Urschweizer Sagenwelt: Bachmann entf\u00fchrt Leserinnen und Leser auf 13 Wanderungen in die Sagenwelt der Innerschweiz. Dies kann mit vielf\u00e4ltigen Naturgefahren verbunden sein oder gar Mut fordern: Man denke an jene \u00c4btissin im Muotatal, die dem Leibhaftigen entgegentreten musste. Den Lesenden und den Wandernden soll es allerdings mit dem Sagenhaften [&#8230;]\n","protected":false},"featured_media":28274,"template":"","meta":[],"product_brand":[],"product_cat":[21605],"product_tag":[],"class_list":{"0":"post-150871","1":"product","2":"type-product","3":"status-publish","4":"has-post-thumbnail","6":"product_cat-wanderfuehrer-trekking","7":"pa_autor-bachmann","8":"pa_erscheinungsjahr-22292","9":"pa_region-schweiz","10":"pa_sprache-de","12":"first","13":"instock","14":"taxable","15":"shipping-taxable","16":"purchasable","17":"product-type-simple"},"_links":{"self":[{"href":"https:\/\/pizbube.ch\/en\/wp-json\/wp\/v2\/product\/150871","targetHints":{"allow":["GET"]}}],"collection":[{"href":"https:\/\/pizbube.ch\/en\/wp-json\/wp\/v2\/product"}],"about":[{"href":"https:\/\/pizbube.ch\/en\/wp-json\/wp\/v2\/types\/product"}],"wp:featuredmedia":[{"embeddable":true,"href":"https:\/\/pizbube.ch\/en\/wp-json\/wp\/v2\/media\/28274"}],"wp:attachment":[{"href":"https:\/\/pizbube.ch\/en\/wp-json\/wp\/v2\/media?parent=150871"}],"wp:term":[{"taxonomy":"product_brand","embeddable":true,"href":"https:\/\/pizbube.ch\/en\/wp-json\/wp\/v2\/product_brand?post=150871"},{"taxonomy":"product_cat","embeddable":true,"href":"https:\/\/pizbube.ch\/en\/wp-json\/wp\/v2\/product_cat?post=150871"},{"taxonomy":"product_tag","embeddable":true,"href":"https:\/\/pizbube.ch\/en\/wp-json\/wp\/v2\/product_tag?post=150871"}],"curies":[{"name":"wp","href":"https:\/\/api.w.org\/{rel}","templated":true}]}}