{"id":150872,"date":"2021-01-15T11:03:33","date_gmt":"2021-01-15T11:03:33","guid":{"rendered":"https:\/\/codengine3.ch\/?product=import-placeholder-for-202983"},"modified":"2021-01-15T12:53:00","modified_gmt":"2021-01-15T12:53:00","slug":"wild-und-weise","status":"publish","type":"product","link":"https:\/\/pizbube.ch\/en\/shop\/wild-und-weise\/","title":{"rendered":"Wild und weise"},"content":{"rendered":"<p>Weibsbilder aus dem Land der Berge: Wildfrauen, F\u00e4ngginnen, Feen, Hexen und<br \/>\ngeheimnisvolle Alte geh\u00f6ren zu den h\u00e4ufigsten Gestalten der alpenl\u00e4ndischen<br \/>\nVolkssagen. Die Autorin geht der Geschichte der Sagenfrauen nach, ihren Spuren<br \/>\nim Brauchtum und in der \u00dcberlieferung, den mythologischen Wurzeln, den<br \/>\nschamanischen Erfahrungen und dem psychologischen Verst\u00e4ndnis dieser<br \/>\nGestalten.  <\/p>","protected":false},"excerpt":{"rendered":"<ul>\n<li><b>INFO: Dieser Titel ist leider vergriffen. Es ist keine Neuauflage geplant.<b><\/li>\n<\/ul>","protected":false},"featured_media":30487,"template":"","meta":[],"product_brand":[],"product_cat":[21542],"product_tag":[],"class_list":{"0":"post-150872","1":"product","2":"type-product","3":"status-publish","4":"has-post-thumbnail","6":"product_cat-sachbuecher-dokumentationen","7":"pa_autor-walser-biffiger","8":"pa_erscheinungsjahr-22060","9":"pa_region-schweiz","10":"pa_sprache-de","12":"first","13":"outofstock","14":"taxable","15":"shipping-taxable","16":"purchasable","17":"product-type-simple"},"_links":{"self":[{"href":"https:\/\/pizbube.ch\/en\/wp-json\/wp\/v2\/product\/150872","targetHints":{"allow":["GET"]}}],"collection":[{"href":"https:\/\/pizbube.ch\/en\/wp-json\/wp\/v2\/product"}],"about":[{"href":"https:\/\/pizbube.ch\/en\/wp-json\/wp\/v2\/types\/product"}],"wp:featuredmedia":[{"embeddable":true,"href":"https:\/\/pizbube.ch\/en\/wp-json\/wp\/v2\/media\/30487"}],"wp:attachment":[{"href":"https:\/\/pizbube.ch\/en\/wp-json\/wp\/v2\/media?parent=150872"}],"wp:term":[{"taxonomy":"product_brand","embeddable":true,"href":"https:\/\/pizbube.ch\/en\/wp-json\/wp\/v2\/product_brand?post=150872"},{"taxonomy":"product_cat","embeddable":true,"href":"https:\/\/pizbube.ch\/en\/wp-json\/wp\/v2\/product_cat?post=150872"},{"taxonomy":"product_tag","embeddable":true,"href":"https:\/\/pizbube.ch\/en\/wp-json\/wp\/v2\/product_tag?post=150872"}],"curies":[{"name":"wp","href":"https:\/\/api.w.org\/{rel}","templated":true}]}}