{"id":150874,"date":"2021-01-15T11:03:33","date_gmt":"2021-01-15T11:03:33","guid":{"rendered":"https:\/\/codengine3.ch\/?product=import-placeholder-for-208699"},"modified":"2024-07-31T10:15:40","modified_gmt":"2024-07-31T08:15:40","slug":"alpenmaerchen","status":"publish","type":"product","link":"https:\/\/pizbube.ch\/en\/shop\/alpenmaerchen\/","title":{"rendered":"Alpenm\u00e4rchen"},"content":{"rendered":"<p>Geschichten und Sagen aus den Schweizer Bergen<\/p>\n<p>\u00abEs war einmal\u00bb &#8211; heimelige und unheimliche Alpgeschichten . M\u00e4rchen- und<br \/>\nSagenhaftes aus dem alpinen Volksgut, speziell aus der Schweiz . Familienbuch<br \/>\nzum Vorlesen und Selberlesen . Karin Widmers Illustrationen begeistern Gross<br \/>\nund Klein Die Winter- und Feierabende in den Alpen k\u00f6nnen lange und einsam<br \/>\nsein. Allerlei Naturgefahren drohen, unheimliche Ger\u00e4usche, seltsame<br \/>\nVorstellungen und Ahnungen k\u00f6nnen die Menschen beunruhigen. Was gab oder gibt<br \/>\nes da besseres, als n\u00e4her zusammenzur\u00fccken und eine Geschichte erz\u00e4hlt zu<br \/>\nbekommen, in der genau diese unfassbaren M\u00e4chte ein Gesicht bekommen und<br \/>\nfassbar werden.<\/p>\n<p>Der Mensch lernt sich angemessen zu verhalten, so dass er nicht untergeht.<br \/>\nDiese Geschichten sind Erziehung, Beruhigung und Unterhaltung zugleich. Da<br \/>\ntreiben wilde Mannli ihr Unwesen, wenn die Menschen \u00fcberm\u00fctig werden,<br \/>\nfurchteinfl\u00f6ssende Urgestalten entf\u00fchren reine Jungfrauen und rechtschaffene<br \/>\nHelden erl\u00f6sen verzauberte Sch\u00f6nheiten. Aus dem Inhalt: . Von Hirten und<br \/>\nHerden . Von F\u00e4nggemanndli und Wildfraueli . Von Elfen, Feen und andere<br \/>\nTraumwesen . Von Gemsen, K\u00fchen und Adlern . Von reinen Seelen und<br \/>\nbetr\u00fcgerischen Menschen . Von m\u00e4chtigen K\u00f6nigen und sch\u00f6nen Jungfrauen<\/p>","protected":false},"excerpt":{"rendered":"<p>Geschichten und Sagen aus den Schweizer Bergen \u00abEs war einmal\u00bb &#8211; heimelige und unheimliche Alpgeschichten . M\u00e4rchen- und Sagenhaftes aus dem alpinen Volksgut, speziell aus der Schweiz . Familienbuch zum Vorlesen und Selberlesen . Karin Widmers Illustrationen begeistern Gross und Klein Die Winter- und Feierabende in den Alpen k\u00f6nnen lange und einsam sein. Allerlei Naturgefahren [&#8230;]\n","protected":false},"featured_media":41004,"template":"","meta":[],"product_brand":[],"product_cat":[21580],"product_tag":[],"class_list":{"0":"post-150874","1":"product","2":"type-product","3":"status-publish","4":"has-post-thumbnail","6":"product_cat-kunst-kultur","7":"pa_erscheinungsjahr-21550","8":"pa_region-schweiz","9":"pa_sprache-de","11":"first","12":"outofstock","13":"taxable","14":"shipping-taxable","15":"purchasable","16":"product-type-simple"},"_links":{"self":[{"href":"https:\/\/pizbube.ch\/en\/wp-json\/wp\/v2\/product\/150874","targetHints":{"allow":["GET"]}}],"collection":[{"href":"https:\/\/pizbube.ch\/en\/wp-json\/wp\/v2\/product"}],"about":[{"href":"https:\/\/pizbube.ch\/en\/wp-json\/wp\/v2\/types\/product"}],"wp:featuredmedia":[{"embeddable":true,"href":"https:\/\/pizbube.ch\/en\/wp-json\/wp\/v2\/media\/41004"}],"wp:attachment":[{"href":"https:\/\/pizbube.ch\/en\/wp-json\/wp\/v2\/media?parent=150874"}],"wp:term":[{"taxonomy":"product_brand","embeddable":true,"href":"https:\/\/pizbube.ch\/en\/wp-json\/wp\/v2\/product_brand?post=150874"},{"taxonomy":"product_cat","embeddable":true,"href":"https:\/\/pizbube.ch\/en\/wp-json\/wp\/v2\/product_cat?post=150874"},{"taxonomy":"product_tag","embeddable":true,"href":"https:\/\/pizbube.ch\/en\/wp-json\/wp\/v2\/product_tag?post=150874"}],"curies":[{"name":"wp","href":"https:\/\/api.w.org\/{rel}","templated":true}]}}