{"id":150876,"date":"2021-01-15T11:03:33","date_gmt":"2021-01-15T11:03:33","guid":{"rendered":"https:\/\/codengine3.ch\/?product=import-placeholder-for-201113"},"modified":"2021-01-15T11:03:38","modified_gmt":"2021-01-15T11:03:38","slug":"ortler-200-jahre-ortler-erstbesteigung","status":"publish","type":"product","link":"https:\/\/pizbube.ch\/en\/shop\/ortler-200-jahre-ortler-erstbesteigung\/","title":{"rendered":"Ortler 200 Jahre Ortler- Erstbesteigung"},"content":{"rendered":"<p>200 Jahre Ortler-Erstbesteigung &#8211; Reinhold Messners Hommage an den h\u00f6chsten<br \/>\nBerg in Tirol: der pr\u00e4chtige Band mit historischen Bilddokumenten und<br \/>\nspektakul\u00e4ren Luftaufnahmen von Jakob Tappeiner.  <\/p>\n<p>Die spektakul\u00e4ren Luftaufnahmen stammen von Jakob Tappeiner, und der Text von<br \/>\neinem, der pr\u00e4destiniert ist, diese Hommage zu schreiben: Reinhold Messner. Er<br \/>\nhat die Ortlergruppe seit seiner Schulzeit auf unz\u00e4hligen Touren kennen<br \/>\ngelernt und ist mit namhaften Pionieren des Alpinismus durch diese Berge<br \/>\nverbunden. Zitate aus pers\u00f6nlichen Aufzeichnungen, Tageszeitungen, Archiven<br \/>\nund Gespr\u00e4chen wachsen durch seine Feder zusammen zu einem beeindruckenden<br \/>\nPortr\u00e4t, das Geschichte \u2013 alpine wie allgemeine \u2013, Landeskunde und<br \/>\nGeowissenschaften ber\u00fccksichtigt.<\/p>\n<p>Spannend beginnt es mit der Erstbesteigung durch den Gemsj\u00e4ger Josef Pichler<br \/>\nund zwei Gef\u00e4hrten im Jahre 1804 im Auftrag des Erzherzogs Johann von<br \/>\n\u00d6sterreich. Und informativ endet das Buch mit der Beschreibung der wichtigsten<br \/>\nBergsteigerh\u00fctten in der Ortlergruppe. Dazwischen geht es um historische<br \/>\nKarten, geologische Profilschnitte, um Bodensch\u00e4tze, um neue Wege nach oben<br \/>\nund um den Tourismus. Eine positive Zukunft, mahnt Messner, gebe es nur, wenn<br \/>\ndie Berglandwirtschaft und die regionalen Eigenheiten bewahrt und das<br \/>\nGletschergebiet nicht weiter erschlossen w\u00fcrde.<br \/>\n210 farb., s\/w. Fotos, Grafiken. 207 S.<\/p>","protected":false},"excerpt":{"rendered":"<p>200 Jahre Ortler-Erstbesteigung &#8211; Reinhold Messners Hommage an den h\u00f6chsten Berg in Tirol: der pr\u00e4chtige Band mit historischen Bilddokumenten und spektakul\u00e4ren Luftaufnahmen von Jakob Tappeiner. Die spektakul\u00e4ren Luftaufnahmen stammen von Jakob Tappeiner, und der Text von einem, der pr\u00e4destiniert ist, diese Hommage zu schreiben: Reinhold Messner. Er hat die Ortlergruppe seit seiner Schulzeit auf unz\u00e4hligen [&#8230;]\n","protected":false},"featured_media":28276,"template":"","meta":[],"product_brand":[],"product_cat":[21542],"product_tag":[],"class_list":{"0":"post-150876","1":"product","2":"type-product","3":"status-publish","4":"has-post-thumbnail","6":"product_cat-sachbuecher-dokumentationen","7":"pa_autor-messner","8":"pa_erscheinungsjahr-21920","9":"pa_region-italien","10":"pa_sprache-de","12":"first","13":"outofstock","14":"taxable","15":"shipping-taxable","16":"purchasable","17":"product-type-simple"},"_links":{"self":[{"href":"https:\/\/pizbube.ch\/en\/wp-json\/wp\/v2\/product\/150876","targetHints":{"allow":["GET"]}}],"collection":[{"href":"https:\/\/pizbube.ch\/en\/wp-json\/wp\/v2\/product"}],"about":[{"href":"https:\/\/pizbube.ch\/en\/wp-json\/wp\/v2\/types\/product"}],"wp:featuredmedia":[{"embeddable":true,"href":"https:\/\/pizbube.ch\/en\/wp-json\/wp\/v2\/media\/28276"}],"wp:attachment":[{"href":"https:\/\/pizbube.ch\/en\/wp-json\/wp\/v2\/media?parent=150876"}],"wp:term":[{"taxonomy":"product_brand","embeddable":true,"href":"https:\/\/pizbube.ch\/en\/wp-json\/wp\/v2\/product_brand?post=150876"},{"taxonomy":"product_cat","embeddable":true,"href":"https:\/\/pizbube.ch\/en\/wp-json\/wp\/v2\/product_cat?post=150876"},{"taxonomy":"product_tag","embeddable":true,"href":"https:\/\/pizbube.ch\/en\/wp-json\/wp\/v2\/product_tag?post=150876"}],"curies":[{"name":"wp","href":"https:\/\/api.w.org\/{rel}","templated":true}]}}