{"id":150878,"date":"2021-01-15T11:03:33","date_gmt":"2021-01-15T11:03:33","guid":{"rendered":"https:\/\/codengine3.ch\/?product=import-placeholder-for-204777"},"modified":"2021-01-15T14:36:12","modified_gmt":"2021-01-15T14:36:12","slug":"der-ortler-und-der-vinschgau-in-alten-ansichten","status":"publish","type":"product","link":"https:\/\/pizbube.ch\/en\/shop\/der-ortler-und-der-vinschgau-in-alten-ansichten\/","title":{"rendered":"Der Ortler und der Vinschgau in alten Ansichten"},"content":{"rendered":"<p>Im Mittelpunkt dieser Sammlung alter Ansichten stehen der Ortler, jener 3905<br \/>\nMeter hohe Bergriese im Oberen Vinschgau, dessen gletscherummantelte Spitze<br \/>\nweithin sichtbar ist, sowie das zu seinen F\u00fc\u00dfen sich hinbreitende Tal.<br \/>\nGemeinsam mit den zahlreichen Siedlungen und den historischen, architektonisch<br \/>\nwie k\u00fcnstlerisch au\u00dferordentlich wertvollen Bauten wie etwa dem Prokulus-<br \/>\nKirchlein, der Churburg oder dem Kloster Marienberg, stellen die Berge der<br \/>\nOrtler-Gruppe eine landschaftlich und geschichtlich \u00e4u\u00dferst reizvolle Einheit<br \/>\ndar. Die Gro\u00dfartigkeit dieser Bergwelt, die Geschichte der hier lebenden<br \/>\nMenschen sowie die reichen Kunstsch\u00e4tze dieses Landstrichs haben schon fr\u00fch<br \/>\ndas Interesse der Alpinisten geweckt &#8211; schon viele Jahre, bevor die ber\u00fchmten<br \/>\nDolomiten entdeckt wurden.<\/p>","protected":false},"excerpt":{"rendered":"<p>Im Mittelpunkt dieser Sammlung alter Ansichten stehen der Ortler, jener 3905 Meter hohe Bergriese im Oberen Vinschgau, dessen gletscherummantelte Spitze weithin sichtbar ist, sowie das zu seinen F\u00fc\u00dfen sich hinbreitende Tal. Gemeinsam mit den zahlreichen Siedlungen und den historischen, architektonisch wie k\u00fcnstlerisch au\u00dferordentlich wertvollen Bauten wie etwa dem Prokulus- Kirchlein, der Churburg oder dem Kloster [&#8230;]\n","protected":false},"featured_media":33260,"template":"","meta":[],"product_brand":[],"product_cat":[21580],"product_tag":[],"class_list":{"0":"post-150878","1":"product","2":"type-product","3":"status-publish","4":"has-post-thumbnail","6":"product_cat-kunst-kultur","7":"pa_autor-loner-bodini","8":"pa_erscheinungsjahr-21550","9":"pa_region-italien","10":"pa_sprache-de-it","12":"first","13":"instock","14":"taxable","15":"shipping-taxable","16":"purchasable","17":"product-type-simple"},"_links":{"self":[{"href":"https:\/\/pizbube.ch\/en\/wp-json\/wp\/v2\/product\/150878","targetHints":{"allow":["GET"]}}],"collection":[{"href":"https:\/\/pizbube.ch\/en\/wp-json\/wp\/v2\/product"}],"about":[{"href":"https:\/\/pizbube.ch\/en\/wp-json\/wp\/v2\/types\/product"}],"wp:featuredmedia":[{"embeddable":true,"href":"https:\/\/pizbube.ch\/en\/wp-json\/wp\/v2\/media\/33260"}],"wp:attachment":[{"href":"https:\/\/pizbube.ch\/en\/wp-json\/wp\/v2\/media?parent=150878"}],"wp:term":[{"taxonomy":"product_brand","embeddable":true,"href":"https:\/\/pizbube.ch\/en\/wp-json\/wp\/v2\/product_brand?post=150878"},{"taxonomy":"product_cat","embeddable":true,"href":"https:\/\/pizbube.ch\/en\/wp-json\/wp\/v2\/product_cat?post=150878"},{"taxonomy":"product_tag","embeddable":true,"href":"https:\/\/pizbube.ch\/en\/wp-json\/wp\/v2\/product_tag?post=150878"}],"curies":[{"name":"wp","href":"https:\/\/api.w.org\/{rel}","templated":true}]}}