{"id":150879,"date":"2021-01-15T11:03:33","date_gmt":"2021-01-15T11:03:33","guid":{"rendered":"https:\/\/codengine3.ch\/?product=import-placeholder-for-203428"},"modified":"2021-01-15T14:23:12","modified_gmt":"2021-01-15T14:23:12","slug":"ortler","status":"publish","type":"product","link":"https:\/\/pizbube.ch\/en\/shop\/ortler\/","title":{"rendered":"Ortler"},"content":{"rendered":"<p>Vor 200 Jahren wurde mit dem Ortler der h\u00f6chste Berg S\u00fcdtirols erstmals<br \/>\nbestiegen. Und die Erstbesteigung der benachbarten K\u00f6nigspitze f\u00fcr viele der<br \/>\nsch\u00f6nste Berg der Ostalpen j\u00e4hrt sich gleichzeitig zum 150. Mal. Dies ist<br \/>\nAnlass, die spannende Besteigungsgeschichte der Eisw\u00e4nde und Grate \u00fcber Sulden<br \/>\nund Trafoi in Erinnerung zu rufen darunter Schilderungen der gro\u00dfen Touren von<br \/>\nHans Ertl und Kurt Diemberger sowie ein Beitrag von Hermann Magerer \u00fcber eine<br \/>\nErstbesteigung zusammen mit Reinhold Messner.<br \/>\nZum Standardwerk wird das Buch durch Beitr\u00e4ge zu Topographie, Geologie und<br \/>\nGlaziologie, zu den Talorten und zur Stilfser-Joch-Stra\u00dfe.<br \/>\nDer pr\u00e4chtige Band ist illustriert mit packenden, \u00fcberwiegend gro\u00dfformatigen<br \/>\nAufnahmen aus den Nordw\u00e4nden ebenso wie aus den L\u00e4rchenw\u00e4ldern, aufgenommen<br \/>\nvon bekannten Bergsteigern und Fotografen.<br \/>\nEin atemberaubender Bildband, der jeden Bergfreund in seinen Bann ziehen wird!  <\/p>","protected":false},"excerpt":{"rendered":"<p>Vor 200 Jahren wurde mit dem Ortler der h\u00f6chste Berg S\u00fcdtirols erstmals bestiegen. Und die Erstbesteigung der benachbarten K\u00f6nigspitze f\u00fcr viele der sch\u00f6nste Berg der Ostalpen j\u00e4hrt sich gleichzeitig zum 150. Mal. Dies ist Anlass, die spannende Besteigungsgeschichte der Eisw\u00e4nde und Grate \u00fcber Sulden und Trafoi in Erinnerung zu rufen darunter Schilderungen der gro\u00dfen Touren [&#8230;]\n","protected":false},"featured_media":31035,"template":"","meta":[],"product_brand":[],"product_cat":[21542],"product_tag":[],"class_list":{"0":"post-150879","1":"product","2":"type-product","3":"status-publish","4":"has-post-thumbnail","6":"product_cat-sachbuecher-dokumentationen","7":"pa_autor-pusch","8":"pa_erscheinungsjahr-21920","9":"pa_region-italien","10":"pa_sprache-de","12":"first","13":"instock","14":"taxable","15":"shipping-taxable","16":"purchasable","17":"product-type-simple"},"_links":{"self":[{"href":"https:\/\/pizbube.ch\/en\/wp-json\/wp\/v2\/product\/150879","targetHints":{"allow":["GET"]}}],"collection":[{"href":"https:\/\/pizbube.ch\/en\/wp-json\/wp\/v2\/product"}],"about":[{"href":"https:\/\/pizbube.ch\/en\/wp-json\/wp\/v2\/types\/product"}],"wp:featuredmedia":[{"embeddable":true,"href":"https:\/\/pizbube.ch\/en\/wp-json\/wp\/v2\/media\/31035"}],"wp:attachment":[{"href":"https:\/\/pizbube.ch\/en\/wp-json\/wp\/v2\/media?parent=150879"}],"wp:term":[{"taxonomy":"product_brand","embeddable":true,"href":"https:\/\/pizbube.ch\/en\/wp-json\/wp\/v2\/product_brand?post=150879"},{"taxonomy":"product_cat","embeddable":true,"href":"https:\/\/pizbube.ch\/en\/wp-json\/wp\/v2\/product_cat?post=150879"},{"taxonomy":"product_tag","embeddable":true,"href":"https:\/\/pizbube.ch\/en\/wp-json\/wp\/v2\/product_tag?post=150879"}],"curies":[{"name":"wp","href":"https:\/\/api.w.org\/{rel}","templated":true}]}}