{"id":150881,"date":"2021-01-15T11:03:38","date_gmt":"2021-01-15T11:03:38","guid":{"rendered":"https:\/\/codengine3.ch\/?product=import-placeholder-for-204120"},"modified":"2021-01-15T14:30:00","modified_gmt":"2021-01-15T14:30:00","slug":"mountainbiken-auf-den-kanarischen-inseln","status":"publish","type":"product","link":"https:\/\/pizbube.ch\/en\/shop\/mountainbiken-auf-den-kanarischen-inseln\/","title":{"rendered":"Mountainbiken auf den Kanarischen Inseln"},"content":{"rendered":"<p>Teneriffa &#8211; La Gomera &#8211; La Palma; mit herausnehmbaren Roadbooks.<br \/>\nDie Kanarischen Inseln sind in den letzten Jahren zu einem beliebten<br \/>\nUrlaubsziel f\u00fcr Mountainbiker geworden. Die spektakul\u00e4re Natur der so<br \/>\nunterschiedlichen Inseln ist durch gut fahrbare Pisten erschlossen, auf denen<br \/>\n\u00fcberwiegend nur wenige Kraftfahrzeuge unterwegs sind. Abseits dieser Routen<br \/>\nsind \u00fcber Karrenwege und Fu\u00dfsteige zahllose anspruchsvolle Trails zu<br \/>\nentdecken, so dass sich ganz nach Geschmack fantastische Touren kombinieren<br \/>\nlassen.<\/p>","protected":false},"excerpt":{"rendered":"<p>Teneriffa &#8211; La Gomera &#8211; La Palma; mit herausnehmbaren Roadbooks. Die Kanarischen Inseln sind in den letzten Jahren zu einem beliebten Urlaubsziel f\u00fcr Mountainbiker geworden. Die spektakul\u00e4re Natur der so unterschiedlichen Inseln ist durch gut fahrbare Pisten erschlossen, auf denen \u00fcberwiegend nur wenige Kraftfahrzeuge unterwegs sind. Abseits dieser Routen sind \u00fcber Karrenwege und Fu\u00dfsteige zahllose [&#8230;]\n","protected":false},"featured_media":31874,"template":"","meta":[],"product_brand":[],"product_cat":[21606],"product_tag":[],"class_list":{"0":"post-150881","1":"product","2":"type-product","3":"status-publish","4":"has-post-thumbnail","6":"product_cat-mountainbikefuehrer","7":"pa_autor-leibl","8":"pa_erscheinungsjahr-22144","9":"pa_region-spanien","10":"pa_sprache-de","12":"first","13":"outofstock","14":"taxable","15":"shipping-taxable","16":"purchasable","17":"product-type-simple"},"_links":{"self":[{"href":"https:\/\/pizbube.ch\/en\/wp-json\/wp\/v2\/product\/150881","targetHints":{"allow":["GET"]}}],"collection":[{"href":"https:\/\/pizbube.ch\/en\/wp-json\/wp\/v2\/product"}],"about":[{"href":"https:\/\/pizbube.ch\/en\/wp-json\/wp\/v2\/types\/product"}],"wp:featuredmedia":[{"embeddable":true,"href":"https:\/\/pizbube.ch\/en\/wp-json\/wp\/v2\/media\/31874"}],"wp:attachment":[{"href":"https:\/\/pizbube.ch\/en\/wp-json\/wp\/v2\/media?parent=150881"}],"wp:term":[{"taxonomy":"product_brand","embeddable":true,"href":"https:\/\/pizbube.ch\/en\/wp-json\/wp\/v2\/product_brand?post=150881"},{"taxonomy":"product_cat","embeddable":true,"href":"https:\/\/pizbube.ch\/en\/wp-json\/wp\/v2\/product_cat?post=150881"},{"taxonomy":"product_tag","embeddable":true,"href":"https:\/\/pizbube.ch\/en\/wp-json\/wp\/v2\/product_tag?post=150881"}],"curies":[{"name":"wp","href":"https:\/\/api.w.org\/{rel}","templated":true}]}}