{"id":150884,"date":"2021-01-15T11:03:38","date_gmt":"2021-01-15T11:03:38","guid":{"rendered":"https:\/\/codengine3.ch\/?product=import-placeholder-for-205643"},"modified":"2025-04-08T09:37:19","modified_gmt":"2025-04-08T07:37:19","slug":"mallorca-escalada-deportiva-sport-climbing","status":"publish","type":"product","link":"https:\/\/pizbube.ch\/en\/shop\/mallorca-escalada-deportiva-sport-climbing\/","title":{"rendered":"Mallorca Escalada deportiva Sport climbing"},"content":{"rendered":"<p>Miquel Riera, con la colaboraci\u00f3n de Toni Riscos han reunido en este libro m\u00e1s<br \/>\nde 1.000 v\u00edas pertenecientes a 44 escuelas.<br \/>\nDocumentada al m\u00e1ximo con croquis sobre fotograf\u00edas en color y mapas de<br \/>\nacceso, tiene adem\u00e1s la ventaja de su absoluta actualidad.<\/p>\n<p>44 crags are described- more than 1000 routes! Photo Topo Guidebook, 336<br \/>\npages.<\/p>","protected":false},"excerpt":{"rendered":"<p>Miquel Riera, con la colaboraci\u00f3n de Toni Riscos han reunido en este libro m\u00e1s de 1.000 v\u00edas pertenecientes a 44 escuelas. Documentada al m\u00e1ximo con croquis sobre fotograf\u00edas en color y mapas de acceso, tiene adem\u00e1s la ventaja de su absoluta actualidad. 44 crags are described- more than 1000 routes! Photo Topo Guidebook, 336 pages.<\/p>","protected":false},"featured_media":34428,"template":"","meta":[],"product_brand":[],"product_cat":[21539],"product_tag":[],"class_list":{"0":"post-150884","1":"product","2":"type-product","3":"status-publish","4":"has-post-thumbnail","6":"product_cat-fuehrerliteratur-sportklettern-bouldern","7":"pa_autor-riera-riscos","8":"pa_erscheinungsjahr-21693","9":"pa_region-spanien","10":"pa_sprache-es-en","12":"first","13":"outofstock","14":"taxable","15":"shipping-taxable","16":"purchasable","17":"product-type-simple"},"_links":{"self":[{"href":"https:\/\/pizbube.ch\/en\/wp-json\/wp\/v2\/product\/150884","targetHints":{"allow":["GET"]}}],"collection":[{"href":"https:\/\/pizbube.ch\/en\/wp-json\/wp\/v2\/product"}],"about":[{"href":"https:\/\/pizbube.ch\/en\/wp-json\/wp\/v2\/types\/product"}],"wp:featuredmedia":[{"embeddable":true,"href":"https:\/\/pizbube.ch\/en\/wp-json\/wp\/v2\/media\/34428"}],"wp:attachment":[{"href":"https:\/\/pizbube.ch\/en\/wp-json\/wp\/v2\/media?parent=150884"}],"wp:term":[{"taxonomy":"product_brand","embeddable":true,"href":"https:\/\/pizbube.ch\/en\/wp-json\/wp\/v2\/product_brand?post=150884"},{"taxonomy":"product_cat","embeddable":true,"href":"https:\/\/pizbube.ch\/en\/wp-json\/wp\/v2\/product_cat?post=150884"},{"taxonomy":"product_tag","embeddable":true,"href":"https:\/\/pizbube.ch\/en\/wp-json\/wp\/v2\/product_tag?post=150884"}],"curies":[{"name":"wp","href":"https:\/\/api.w.org\/{rel}","templated":true}]}}