{"id":150885,"date":"2021-01-15T11:03:38","date_gmt":"2021-01-15T11:03:38","guid":{"rendered":"https:\/\/codengine3.ch\/?product=import-placeholder-for-201116"},"modified":"2021-01-15T11:03:42","modified_gmt":"2021-01-15T11:03:42","slug":"andalusien","status":"publish","type":"product","link":"https:\/\/pizbube.ch\/en\/shop\/andalusien\/","title":{"rendered":"Andalusien"},"content":{"rendered":"<p>Die 40 sch\u00f6nsten Touren  <\/p>\n<p>Andalusien hat weit mehr zu bieten als Flamenco und maurische Kultursch\u00e4tze!<br \/>\nIn der Sierra de Grazalema entdecken Sie wei\u00dfe D\u00f6rfer, tiefe Schluchten und<br \/>\nG\u00e4nsegeier. Unter Kork- und Steineichen der Sierra Morena tummeln sich<br \/>\nschwarze Schweine, und die bl\u00fchende Mittelmeerflora duftet \u00fcberall.<br \/>\nGipfelst\u00fcrmer erklimmen den Mulhac\u00e9n, w\u00e4hrend in der N\u00e4he das Cabo de Gata mit<br \/>\nseinen K\u00fcstenwanderungen lockt &#8211; landschaftliche Vielfalt pur!  <\/p>\n<p>Andalusien hat weit mehr zu bieten als Flamenco, Sherry und maurische<br \/>\nKultursch\u00e4tze! In der Sierra Nevada blickt man von verschneiten Gipfeln aufs<br \/>\nMittelmeer hinab: Der Mulhac\u00e9n r mit 3.482 Metern der h\u00f6chste Berg<br \/>\nFestlandspaniens ist gerade mal 35 Kilometer Luftlinie vom Meer entfernt. In<br \/>\nder Sierra Morena suchen Pata-Negra-Schweine nach Eicheln und im Hinterland<br \/>\nder Costa del Sol verzaubern gr\u00fcne T\u00e4ler mit dem Duft von Rosmarin, Thymian<br \/>\nund Zypressen  <\/p>","protected":false},"excerpt":{"rendered":"<p>Die 40 sch\u00f6nsten Touren Andalusien hat weit mehr zu bieten als Flamenco und maurische Kultursch\u00e4tze! In der Sierra de Grazalema entdecken Sie wei\u00dfe D\u00f6rfer, tiefe Schluchten und G\u00e4nsegeier. Unter Kork- und Steineichen der Sierra Morena tummeln sich schwarze Schweine, und die bl\u00fchende Mittelmeerflora duftet \u00fcberall. Gipfelst\u00fcrmer erklimmen den Mulhac\u00e9n, w\u00e4hrend in der N\u00e4he das Cabo [&#8230;]\n","protected":false},"featured_media":28279,"template":"","meta":[],"product_brand":[],"product_cat":[21605],"product_tag":[],"class_list":{"0":"post-150885","1":"product","2":"type-product","3":"status-publish","4":"has-post-thumbnail","6":"product_cat-wanderfuehrer-trekking","7":"pa_autor-friedrich","8":"pa_erscheinungsjahr-21621","9":"pa_region-spanien","10":"pa_sprache-de","12":"first","13":"outofstock","14":"taxable","15":"shipping-taxable","16":"purchasable","17":"product-type-simple"},"_links":{"self":[{"href":"https:\/\/pizbube.ch\/en\/wp-json\/wp\/v2\/product\/150885","targetHints":{"allow":["GET"]}}],"collection":[{"href":"https:\/\/pizbube.ch\/en\/wp-json\/wp\/v2\/product"}],"about":[{"href":"https:\/\/pizbube.ch\/en\/wp-json\/wp\/v2\/types\/product"}],"wp:featuredmedia":[{"embeddable":true,"href":"https:\/\/pizbube.ch\/en\/wp-json\/wp\/v2\/media\/28279"}],"wp:attachment":[{"href":"https:\/\/pizbube.ch\/en\/wp-json\/wp\/v2\/media?parent=150885"}],"wp:term":[{"taxonomy":"product_brand","embeddable":true,"href":"https:\/\/pizbube.ch\/en\/wp-json\/wp\/v2\/product_brand?post=150885"},{"taxonomy":"product_cat","embeddable":true,"href":"https:\/\/pizbube.ch\/en\/wp-json\/wp\/v2\/product_cat?post=150885"},{"taxonomy":"product_tag","embeddable":true,"href":"https:\/\/pizbube.ch\/en\/wp-json\/wp\/v2\/product_tag?post=150885"}],"curies":[{"name":"wp","href":"https:\/\/api.w.org\/{rel}","templated":true}]}}