{"id":150890,"date":"2021-01-15T11:03:39","date_gmt":"2021-01-15T11:03:39","guid":{"rendered":"https:\/\/codengine3.ch\/?product=import-placeholder-for-204423"},"modified":"2021-01-15T14:33:02","modified_gmt":"2021-01-15T14:33:02","slug":"tibet-2","status":"publish","type":"product","link":"https:\/\/pizbube.ch\/en\/shop\/tibet-2\/","title":{"rendered":"Tibet"},"content":{"rendered":"<p>Tibet entdecken &#8211; Reisef\u00fchrer  <\/p>\n<p>Tibet mit seiner einzigartigen Kultur fasziniert Menschen aus aller Welt. Auch<br \/>\ndie landschaftliche Vielfalt vom Chang-Tang-Hochplateau \u00fcber die Berge des<br \/>\nHimalaya bis zu den subtropischen T\u00e4lern im Osten machen dasLand zu einem<br \/>\nreizvollen Reiseziel. Dieser Reisef\u00fchrer bietet neben ausf\u00fchrlicher<br \/>\nLandeskunde viele Tips und Informationen, besonders f\u00fcr Individualreisende.<br \/>\nReportagen schildern die Erlebnisse einer Reise auf dem Dach der Welt.<br \/>\n22 Karten und Stadtpl\u00e4ne, 218 teils vierfarbige Fotos,<br \/>\nbroschiert, Format 12,5 x 21 cm; 3. Auflg. 2012<\/p>","protected":false},"excerpt":{"rendered":"<p>Tibet entdecken &#8211; Reisef\u00fchrer Tibet mit seiner einzigartigen Kultur fasziniert Menschen aus aller Welt. Auch die landschaftliche Vielfalt vom Chang-Tang-Hochplateau \u00fcber die Berge des Himalaya bis zu den subtropischen T\u00e4lern im Osten machen dasLand zu einem reizvollen Reiseziel. Dieser Reisef\u00fchrer bietet neben ausf\u00fchrlicher Landeskunde viele Tips und Informationen, besonders f\u00fcr Individualreisende. Reportagen schildern die Erlebnisse [&#8230;]\n","protected":false},"featured_media":32290,"template":"","meta":[],"product_brand":[],"product_cat":[21605],"product_tag":[],"class_list":{"0":"post-150890","1":"product","2":"type-product","3":"status-publish","4":"has-post-thumbnail","6":"product_cat-wanderfuehrer-trekking","7":"pa_autor-von-hessberg-schulze","8":"pa_erscheinungsjahr-21621","9":"pa_region-asien","10":"pa_sprache-de","12":"first","13":"instock","14":"taxable","15":"shipping-taxable","16":"purchasable","17":"product-type-simple"},"_links":{"self":[{"href":"https:\/\/pizbube.ch\/en\/wp-json\/wp\/v2\/product\/150890","targetHints":{"allow":["GET"]}}],"collection":[{"href":"https:\/\/pizbube.ch\/en\/wp-json\/wp\/v2\/product"}],"about":[{"href":"https:\/\/pizbube.ch\/en\/wp-json\/wp\/v2\/types\/product"}],"wp:featuredmedia":[{"embeddable":true,"href":"https:\/\/pizbube.ch\/en\/wp-json\/wp\/v2\/media\/32290"}],"wp:attachment":[{"href":"https:\/\/pizbube.ch\/en\/wp-json\/wp\/v2\/media?parent=150890"}],"wp:term":[{"taxonomy":"product_brand","embeddable":true,"href":"https:\/\/pizbube.ch\/en\/wp-json\/wp\/v2\/product_brand?post=150890"},{"taxonomy":"product_cat","embeddable":true,"href":"https:\/\/pizbube.ch\/en\/wp-json\/wp\/v2\/product_cat?post=150890"},{"taxonomy":"product_tag","embeddable":true,"href":"https:\/\/pizbube.ch\/en\/wp-json\/wp\/v2\/product_tag?post=150890"}],"curies":[{"name":"wp","href":"https:\/\/api.w.org\/{rel}","templated":true}]}}