{"id":150891,"date":"2021-01-15T11:03:39","date_gmt":"2021-01-15T11:03:39","guid":{"rendered":"https:\/\/codengine3.ch\/?product=import-placeholder-for-201119"},"modified":"2022-12-29T15:29:03","modified_gmt":"2022-12-29T14:29:03","slug":"tibet","status":"publish","type":"product","link":"https:\/\/pizbube.ch\/en\/shop\/tibet\/","title":{"rendered":"Tibet"},"content":{"rendered":"<p>Ausf\u00fchrlicher Kunst- und Reisef\u00fchrer Dumont: Lamaistische Klosterkulturen,<br \/>\nnomadische Lebensformen und b\u00e4uerlicher Alltag auf dem &#8218;Dach der Welt&#8216;.<br \/>\nGrandiose Gebirgslandschaften, Nomaden, Yaks und nicht zuletzt eine der<br \/>\nfaszinierendsten Klosterkulturen Asiens &#8211; Tibet z\u00e4hlt zu den mythischen<br \/>\nReiseregionen der Welt. Mit tantrischem Buddhismus oder dem Lamaismus entstand<br \/>\nhier eine Kultur von au\u00dfergew\u00f6hnlicher Spiritualit\u00e4t. Dieser Kunst-Reisef\u00fchrer<br \/>\nl\u00e4sst Geschichte und Kultur des Schneelands lebendig werden. Erleben Sie<br \/>\nLhasa, die Stadt der G\u00f6tter und das Yarlung-Tal, die Wiege der tibetischen<br \/>\nKultur. Das westliche Tibet mit dem heiligen Berg Kailash wird ebenso<br \/>\nausf\u00fchrlich beschrieben wie die fast noch unentdeckte Region Amdo im Nordosten<br \/>\ndes Tibet. Der Tibetologe Karl-Heinz Everding f\u00fchrt die Leser und Reisenden in<br \/>\nfast unber\u00fchrte Lebensr\u00e4ume und zu den alten Kulturzentren Tibets. Er macht<br \/>\ndie Geschichte und die hochstehende Kultur des Schneelandes in ihrer ganzen<br \/>\nVielfalt verst\u00e4ndlich und vermittelt einen Zugang zu den Menschen und ihrer<br \/>\nvon tiefer Religiosit\u00e4t gepr\u00e4gten Lebenseinstellung.<br \/>\n180 farb., s\/w. Abb., Karten, Pl\u00e4ne. 727 g. 397 S. 5., aktual. A. 2009.<\/p>","protected":false},"excerpt":{"rendered":"<p>Ausf\u00fchrlicher Kunst- und Reisef\u00fchrer Dumont: Lamaistische Klosterkulturen, nomadische Lebensformen und b\u00e4uerlicher Alltag auf dem &#8218;Dach der Welt&#8216;. Grandiose Gebirgslandschaften, Nomaden, Yaks und nicht zuletzt eine der faszinierendsten Klosterkulturen Asiens &#8211; Tibet z\u00e4hlt zu den mythischen Reiseregionen der Welt. Mit tantrischem Buddhismus oder dem Lamaismus entstand hier eine Kultur von au\u00dfergew\u00f6hnlicher Spiritualit\u00e4t. Dieser Kunst-Reisef\u00fchrer l\u00e4sst Geschichte [&#8230;]\n","protected":false},"featured_media":28282,"template":"","meta":[],"product_brand":[],"product_cat":[21542],"product_tag":[],"class_list":{"0":"post-150891","1":"product","2":"type-product","3":"status-publish","4":"has-post-thumbnail","6":"product_cat-sachbuecher-dokumentationen","7":"pa_autor-everding","8":"pa_erscheinungsjahr-21693","9":"pa_region-asien","10":"pa_sprache-de","12":"first","13":"outofstock","14":"taxable","15":"shipping-taxable","16":"purchasable","17":"product-type-simple"},"_links":{"self":[{"href":"https:\/\/pizbube.ch\/en\/wp-json\/wp\/v2\/product\/150891","targetHints":{"allow":["GET"]}}],"collection":[{"href":"https:\/\/pizbube.ch\/en\/wp-json\/wp\/v2\/product"}],"about":[{"href":"https:\/\/pizbube.ch\/en\/wp-json\/wp\/v2\/types\/product"}],"wp:featuredmedia":[{"embeddable":true,"href":"https:\/\/pizbube.ch\/en\/wp-json\/wp\/v2\/media\/28282"}],"wp:attachment":[{"href":"https:\/\/pizbube.ch\/en\/wp-json\/wp\/v2\/media?parent=150891"}],"wp:term":[{"taxonomy":"product_brand","embeddable":true,"href":"https:\/\/pizbube.ch\/en\/wp-json\/wp\/v2\/product_brand?post=150891"},{"taxonomy":"product_cat","embeddable":true,"href":"https:\/\/pizbube.ch\/en\/wp-json\/wp\/v2\/product_cat?post=150891"},{"taxonomy":"product_tag","embeddable":true,"href":"https:\/\/pizbube.ch\/en\/wp-json\/wp\/v2\/product_tag?post=150891"}],"curies":[{"name":"wp","href":"https:\/\/api.w.org\/{rel}","templated":true}]}}