{"id":150893,"date":"2021-01-15T11:03:39","date_gmt":"2021-01-15T11:03:39","guid":{"rendered":"https:\/\/codengine3.ch\/?product=import-placeholder-for-205180"},"modified":"2021-01-15T14:39:20","modified_gmt":"2021-01-15T14:39:20","slug":"reisen-mit-der-tibet-bahn-von-china-zum-dach-der-welt","status":"publish","type":"product","link":"https:\/\/pizbube.ch\/en\/shop\/reisen-mit-der-tibet-bahn-von-china-zum-dach-der-welt\/","title":{"rendered":"Reisen mit der Tibet-Bahn &#8211; von China zum Dach der Welt"},"content":{"rendered":"<p>Reisen mit der h\u00f6chsten Bahn der Welt. Geschichte und Technik, Streckenf\u00fchrung<br \/>\nund L\u00e4nderinfos. Einzel- und Gruppenreisende erhalten fundierte Hinweise zum<br \/>\nLeben im Zug, Gebr\u00e4uche und Sitten, Ausfl\u00fcge und St\u00e4dte, Reisevorbereitung und<br \/>\nHardfacts zur Reiseplanung. Dazu viele Fotos, Karten und Skizzen. Exkurse<br \/>\nTrekking im Himalaya und \u00dcberlandroute nach Nepal. Ein aktueller und<br \/>\nunverzichtbarer Reisebegleiter.<\/p>","protected":false},"excerpt":{"rendered":"<p>Reisen mit der h\u00f6chsten Bahn der Welt. Geschichte und Technik, Streckenf\u00fchrung und L\u00e4nderinfos. Einzel- und Gruppenreisende erhalten fundierte Hinweise zum Leben im Zug, Gebr\u00e4uche und Sitten, Ausfl\u00fcge und St\u00e4dte, Reisevorbereitung und Hardfacts zur Reiseplanung. Dazu viele Fotos, Karten und Skizzen. Exkurse Trekking im Himalaya und \u00dcberlandroute nach Nepal. Ein aktueller und unverzichtbarer Reisebegleiter.<\/p>","protected":false},"featured_media":33810,"template":"","meta":[],"product_brand":[],"product_cat":[21605],"product_tag":[],"class_list":{"0":"post-150893","1":"product","2":"type-product","3":"status-publish","4":"has-post-thumbnail","6":"product_cat-wanderfuehrer-trekking","7":"pa_autor-schall","8":"pa_erscheinungsjahr-21591","9":"pa_region-asien","10":"pa_sprache-de","12":"first","13":"instock","14":"taxable","15":"shipping-taxable","16":"purchasable","17":"product-type-simple"},"_links":{"self":[{"href":"https:\/\/pizbube.ch\/en\/wp-json\/wp\/v2\/product\/150893","targetHints":{"allow":["GET"]}}],"collection":[{"href":"https:\/\/pizbube.ch\/en\/wp-json\/wp\/v2\/product"}],"about":[{"href":"https:\/\/pizbube.ch\/en\/wp-json\/wp\/v2\/types\/product"}],"wp:featuredmedia":[{"embeddable":true,"href":"https:\/\/pizbube.ch\/en\/wp-json\/wp\/v2\/media\/33810"}],"wp:attachment":[{"href":"https:\/\/pizbube.ch\/en\/wp-json\/wp\/v2\/media?parent=150893"}],"wp:term":[{"taxonomy":"product_brand","embeddable":true,"href":"https:\/\/pizbube.ch\/en\/wp-json\/wp\/v2\/product_brand?post=150893"},{"taxonomy":"product_cat","embeddable":true,"href":"https:\/\/pizbube.ch\/en\/wp-json\/wp\/v2\/product_cat?post=150893"},{"taxonomy":"product_tag","embeddable":true,"href":"https:\/\/pizbube.ch\/en\/wp-json\/wp\/v2\/product_tag?post=150893"}],"curies":[{"name":"wp","href":"https:\/\/api.w.org\/{rel}","templated":true}]}}