{"id":150894,"date":"2021-01-15T11:03:39","date_gmt":"2021-01-15T11:03:39","guid":{"rendered":"https:\/\/codengine3.ch\/?product=import-placeholder-for-204927"},"modified":"2021-01-15T14:37:22","modified_gmt":"2021-01-15T14:37:22","slug":"panorama-tibet","status":"publish","type":"product","link":"https:\/\/pizbube.ch\/en\/shop\/panorama-tibet\/","title":{"rendered":"Panorama Tibet"},"content":{"rendered":"<p>Dieser Panorama-Band f\u00fchrt ins Hochland von Tibet, das Dach der Welt mit dem<br \/>\nMount Everest als h\u00f6chstem Berg der Erde.  <\/p>\n<p>Die Bilder von Arthur Pelchen entstanden w\u00e4hrend einer 10-w\u00f6chigen Reise mit<br \/>\ndem Fahrrad durch das \u00fcber 4500 Meter hoch gelegene tibetische Hochland.<br \/>\nAusgangspunkt war die chinesische Stadt Chengdu. Von dort f\u00fchrten ihn 3500<br \/>\nKilometer \u00fcber Golmud und Lhasa nach Kathmandu in Nepal.<br \/>\nDie Landschaft Tibets ist faszinierend und einzigartig. Felsige und karge<br \/>\nGebirgslandschaften wechseln sich mit sanften, gr\u00fcnen H\u00fcgeln ab. Dazwischen<br \/>\nspiegelt sich stahlblauer Himmel in Fl\u00fcssen und Seen. Ackerbau und Viehzucht<br \/>\nsind von harter k\u00f6rperlicher Arbeit mit einfachen Hilfsmitteln gepr\u00e4gt.<br \/>\nDie Religion ist ein wichtiger Teil im Leben der Tibeter geblieben und \u00fcberall<br \/>\ndeutlich sichtbar: Imposante Klosterbauten mit ihren Gebetsm\u00fchlen, farbenfroh<br \/>\ngekleidete M\u00f6nche, pilgernde Laien und viele bunte Gebetsfahnen pr\u00e4gen das<br \/>\nBild.  <\/p>","protected":false},"excerpt":{"rendered":"<p>Dieser Panorama-Band f\u00fchrt ins Hochland von Tibet, das Dach der Welt mit dem Mount Everest als h\u00f6chstem Berg der Erde. Die Bilder von Arthur Pelchen entstanden w\u00e4hrend einer 10-w\u00f6chigen Reise mit dem Fahrrad durch das \u00fcber 4500 Meter hoch gelegene tibetische Hochland. Ausgangspunkt war die chinesische Stadt Chengdu. Von dort f\u00fchrten ihn 3500 Kilometer \u00fcber [&#8230;]\n","protected":false},"featured_media":33477,"template":"","meta":[],"product_brand":[],"product_cat":[21542],"product_tag":[],"class_list":{"0":"post-150894","1":"product","2":"type-product","3":"status-publish","4":"has-post-thumbnail","6":"product_cat-sachbuecher-dokumentationen","7":"pa_autor-pelchen-kuettner","8":"pa_erscheinungsjahr-21842","9":"pa_region-asien","10":"pa_sprache-de","12":"first","13":"instock","14":"taxable","15":"shipping-taxable","16":"purchasable","17":"product-type-simple"},"_links":{"self":[{"href":"https:\/\/pizbube.ch\/en\/wp-json\/wp\/v2\/product\/150894","targetHints":{"allow":["GET"]}}],"collection":[{"href":"https:\/\/pizbube.ch\/en\/wp-json\/wp\/v2\/product"}],"about":[{"href":"https:\/\/pizbube.ch\/en\/wp-json\/wp\/v2\/types\/product"}],"wp:featuredmedia":[{"embeddable":true,"href":"https:\/\/pizbube.ch\/en\/wp-json\/wp\/v2\/media\/33477"}],"wp:attachment":[{"href":"https:\/\/pizbube.ch\/en\/wp-json\/wp\/v2\/media?parent=150894"}],"wp:term":[{"taxonomy":"product_brand","embeddable":true,"href":"https:\/\/pizbube.ch\/en\/wp-json\/wp\/v2\/product_brand?post=150894"},{"taxonomy":"product_cat","embeddable":true,"href":"https:\/\/pizbube.ch\/en\/wp-json\/wp\/v2\/product_cat?post=150894"},{"taxonomy":"product_tag","embeddable":true,"href":"https:\/\/pizbube.ch\/en\/wp-json\/wp\/v2\/product_tag?post=150894"}],"curies":[{"name":"wp","href":"https:\/\/api.w.org\/{rel}","templated":true}]}}