{"id":150895,"date":"2021-01-15T11:03:39","date_gmt":"2021-01-15T11:03:39","guid":{"rendered":"https:\/\/codengine3.ch\/?product=import-placeholder-for-203715"},"modified":"2021-01-15T14:25:56","modified_gmt":"2021-01-15T14:25:56","slug":"flucht-ueber-den-himalaya","status":"publish","type":"product","link":"https:\/\/pizbube.ch\/en\/shop\/flucht-ueber-den-himalaya\/","title":{"rendered":"Flucht \u00fcber den Himalaya"},"content":{"rendered":"<p>Tibets Kinder auf dem Weg ins Exil.<br \/>\nDas ist die Geschichte von Little Pema (7), Chime (10), Dolkar (6), Dhondup<br \/>\n(8), Tamding (10) und Lakhpa (10), die f\u00fcr immer von ihren Eltern Abschied<br \/>\nnehmen m\u00fcssen, weil es im besetzten Tibet keine Zukunft f\u00fcr sie gibt. Schlecht<br \/>\nausger\u00fcstet, mit Turnschuhen und gerade soviel Proviant, da\u00df sie ihn tragen<br \/>\nk\u00f6nnen, ziehen sie mit Nima los. Der Guide, von dem die Leute sagen, er sei so<br \/>\ngut wie Gold, bringt sie in einem zehnt\u00e4gigen Gewaltmarsch \u00fcber einen fast<br \/>\nsechstausend Meter hohen Pa\u00df im Himalaya. Die Kinder k\u00f6nnen manchmal kaum noch<br \/>\nweiter, k\u00e4mpfen mit dem Schnee, mit Hunger und M\u00fcdigkeit und weinen vor<br \/>\nHeimweh nach ihrer Amalaa. Immer wieder bleiben Kinder im ewigen Eis zur\u00fcck,<br \/>\ngestorben an Ersch\u00f6pfung und K\u00e4lte, doch dieses Mal geht alles gut.<\/p>\n<p>\u00bbWenn M\u00fctter ihre Kinder \u00fcber das h\u00f6chste Gebirge der Welt ins Exil schicken,<br \/>\nohne zu wissen, ob sie einander jemals wiedersehen, kann etwas im Schneeland<br \/>\nnicht stimmen &#8230;\u00ab Rund 1000 Kinder aus Tibet fliehen jedes Jahr \u00fcber die<br \/>\neisigen P\u00e4sse des Himalaya. Oft k\u00f6nnen sie kaum noch weiter und k\u00e4mpfen gegen<br \/>\nSchnee, Hunger und Ersch\u00f6pfung. Ihr Ziel sind die Schulen des Dalai Lama in<br \/>\nNordindien. Dort, so hoffen ihre Eltern, erwartet sie eine bessere, freie<br \/>\nZukunft. Die engagierte Dokumentarfilmerin Maria Blumencron hat sechs Kinder<br \/>\nauf ihrer Flucht begleitet. Mit ihrer abenteuerlichen, mitf\u00fchlend erz\u00e4hlten<br \/>\nGeschichte macht sie zugleich auf die Missst\u00e4nde im besetzten Tibet<br \/>\naufmerksam.<br \/>\nTaschenbuch, 16 Farbfotos. 302 S., 3. Auflg. 2013<\/p>","protected":false},"excerpt":{"rendered":"<p>Tibets Kinder auf dem Weg ins Exil. Das ist die Geschichte von Little Pema (7), Chime (10), Dolkar (6), Dhondup (8), Tamding (10) und Lakhpa (10), die f\u00fcr immer von ihren Eltern Abschied nehmen m\u00fcssen, weil es im besetzten Tibet keine Zukunft f\u00fcr sie gibt. Schlecht ausger\u00fcstet, mit Turnschuhen und gerade soviel Proviant, da\u00df sie [&#8230;]\n","protected":false},"featured_media":37111,"template":"","meta":[],"product_brand":[],"product_cat":[21542],"product_tag":[],"class_list":{"0":"post-150895","1":"product","2":"type-product","3":"status-publish","4":"has-post-thumbnail","6":"product_cat-sachbuecher-dokumentationen","7":"pa_autor-blumencron","8":"pa_erscheinungsjahr-21568","9":"pa_region-asien","10":"pa_sprache-de","12":"first","13":"instock","14":"taxable","15":"shipping-taxable","16":"purchasable","17":"product-type-simple"},"_links":{"self":[{"href":"https:\/\/pizbube.ch\/en\/wp-json\/wp\/v2\/product\/150895","targetHints":{"allow":["GET"]}}],"collection":[{"href":"https:\/\/pizbube.ch\/en\/wp-json\/wp\/v2\/product"}],"about":[{"href":"https:\/\/pizbube.ch\/en\/wp-json\/wp\/v2\/types\/product"}],"wp:featuredmedia":[{"embeddable":true,"href":"https:\/\/pizbube.ch\/en\/wp-json\/wp\/v2\/media\/37111"}],"wp:attachment":[{"href":"https:\/\/pizbube.ch\/en\/wp-json\/wp\/v2\/media?parent=150895"}],"wp:term":[{"taxonomy":"product_brand","embeddable":true,"href":"https:\/\/pizbube.ch\/en\/wp-json\/wp\/v2\/product_brand?post=150895"},{"taxonomy":"product_cat","embeddable":true,"href":"https:\/\/pizbube.ch\/en\/wp-json\/wp\/v2\/product_cat?post=150895"},{"taxonomy":"product_tag","embeddable":true,"href":"https:\/\/pizbube.ch\/en\/wp-json\/wp\/v2\/product_tag?post=150895"}],"curies":[{"name":"wp","href":"https:\/\/api.w.org\/{rel}","templated":true}]}}