{"id":150897,"date":"2021-01-15T11:03:39","date_gmt":"2021-01-15T11:03:39","guid":{"rendered":"https:\/\/codengine3.ch\/?product=import-placeholder-for-202702"},"modified":"2024-10-29T09:59:01","modified_gmt":"2024-10-29T08:59:01","slug":"kailash-tibets-heiliger-berg","status":"publish","type":"product","link":"https:\/\/pizbube.ch\/en\/shop\/kailash-tibets-heiliger-berg\/","title":{"rendered":"Kailash &#8211; Tibets heiliger Berg"},"content":{"rendered":"<p>Baumanns Buch dokumentiert seine au\u00dfergew\u00f6hnlichen Reisen und zeigt den<br \/>\n\u00fcberw\u00e4ltigenden landschaftlichen und kulturellen Reichtum Tibets. Mit ihren<br \/>\n6714 Metern ist die Eispyramide des Kailash und ihre Umgebung im Westen Tibets<br \/>\neine unvergleichliche Natursch\u00f6nheit. F\u00fcr vier Religionen stellt dieser<br \/>\nmystische Berg das wichtigste Pilgerziel dar: f\u00fcr Buddhisten, Hindus, Jain und<br \/>\nB\u00f6n. Baumann, einer der besten Tibet- und Himalayakenner und Vertrauter des<br \/>\nDalai Lama, hat sich dem Berg \u00fcber 15 Jahre immer wieder gen\u00e4hert.<\/p>\n<p>Unter den heiligen Pl\u00e4tzen der Erde kommt ihm keiner gleich: dem Mount<br \/>\nKailash. Schneejuwel auf dem Dach der Welt, Quelle der vier gro\u00dfen Fl\u00fcsse<br \/>\nAsiens und Ziel unz\u00e4hliger Pilger. Wer ihn sieht, dessen S\u00fcnden werden<br \/>\nausgel\u00f6scht wie Tau in der Morgensonne, hei\u00dft es vom heiligsten Berg der<br \/>\nTibeter. Mit seinen 13 Umrundungen des Kailash, den Koras, erwarb sich der<br \/>\nAbenteurer und Tibetkenner Bruno Baumann das Recht, zur sogenannten \u00bbinneren<br \/>\nKora\u00ab vorzudringen, zu dem nur selten begangenen Weg an die Basis der<br \/>\nm\u00e4chtigen S\u00fcdwand des heiligen Berges. Baumanns Aufzeichnungen sind der erste<br \/>\nund bisher einzige Bericht \u00fcber diesen ultimativen Pilgerpfad, der die ganze<br \/>\nFaszination des Kailash erahnen l\u00e4sst.<\/p>","protected":false},"excerpt":{"rendered":"<p>Baumanns Buch dokumentiert seine au\u00dfergew\u00f6hnlichen Reisen und zeigt den \u00fcberw\u00e4ltigenden landschaftlichen und kulturellen Reichtum Tibets. Mit ihren 6714 Metern ist die Eispyramide des Kailash und ihre Umgebung im Westen Tibets eine unvergleichliche Natursch\u00f6nheit. F\u00fcr vier Religionen stellt dieser mystische Berg das wichtigste Pilgerziel dar: f\u00fcr Buddhisten, Hindus, Jain und B\u00f6n. Baumann, einer der besten Tibet- [&#8230;]\n","protected":false},"featured_media":40953,"template":"","meta":[],"product_brand":[],"product_cat":[21542],"product_tag":[],"class_list":{"0":"post-150897","1":"product","2":"type-product","3":"status-publish","4":"has-post-thumbnail","6":"product_cat-sachbuecher-dokumentationen","7":"pa_autor-baumann","8":"pa_erscheinungsjahr-21550","9":"pa_region-asien","10":"pa_sprache-de","12":"first","13":"outofstock","14":"taxable","15":"shipping-taxable","16":"purchasable","17":"product-type-simple"},"_links":{"self":[{"href":"https:\/\/pizbube.ch\/en\/wp-json\/wp\/v2\/product\/150897","targetHints":{"allow":["GET"]}}],"collection":[{"href":"https:\/\/pizbube.ch\/en\/wp-json\/wp\/v2\/product"}],"about":[{"href":"https:\/\/pizbube.ch\/en\/wp-json\/wp\/v2\/types\/product"}],"wp:featuredmedia":[{"embeddable":true,"href":"https:\/\/pizbube.ch\/en\/wp-json\/wp\/v2\/media\/40953"}],"wp:attachment":[{"href":"https:\/\/pizbube.ch\/en\/wp-json\/wp\/v2\/media?parent=150897"}],"wp:term":[{"taxonomy":"product_brand","embeddable":true,"href":"https:\/\/pizbube.ch\/en\/wp-json\/wp\/v2\/product_brand?post=150897"},{"taxonomy":"product_cat","embeddable":true,"href":"https:\/\/pizbube.ch\/en\/wp-json\/wp\/v2\/product_cat?post=150897"},{"taxonomy":"product_tag","embeddable":true,"href":"https:\/\/pizbube.ch\/en\/wp-json\/wp\/v2\/product_tag?post=150897"}],"curies":[{"name":"wp","href":"https:\/\/api.w.org\/{rel}","templated":true}]}}