{"id":150901,"date":"2021-01-15T11:03:39","date_gmt":"2021-01-15T11:03:39","guid":{"rendered":"https:\/\/codengine3.ch\/?product=import-placeholder-for-204053"},"modified":"2021-01-15T14:29:15","modified_gmt":"2021-01-15T14:29:15","slug":"nepal-5","status":"publish","type":"product","link":"https:\/\/pizbube.ch\/en\/shop\/nepal-5\/","title":{"rendered":"Nepal"},"content":{"rendered":"<p>G\u00f6tter, Tempel und Pal\u00e4ste im Geburtsland Buddhas und einzigen Hindu-<br \/>\nK\u00f6nigreich der Welt. Farbfotos, Karten, Pl\u00e4ne. 328 S. DuMont Kulturf\u00fchrer;<br \/>\nZahlreiche Fotos zeigen den kulturellen Reichtum des Kathmandu-Tals und<br \/>\nanderer Ortschaften vom Tiefland des Terai bis zu den H\u00f6hen des Himalaya.<br \/>\nStadtpl\u00e4ne, Architekturzeichnungen von Grund- und Aufrissen helfen bei der<br \/>\nOrientierung und vermitteln vor Ort Informationen in Abstimmung mit dem Text.<br \/>\nStiche, historische Abbildungen, Portr\u00e4ts ber\u00fchmter Pers\u00f6nlichkeiten lassen<br \/>\ndie Geschichte dieser Region zwischen Indien und Tibet lebendig werden.<\/p>","protected":false},"excerpt":{"rendered":"<p>G\u00f6tter, Tempel und Pal\u00e4ste im Geburtsland Buddhas und einzigen Hindu- K\u00f6nigreich der Welt. Farbfotos, Karten, Pl\u00e4ne. 328 S. DuMont Kulturf\u00fchrer; Zahlreiche Fotos zeigen den kulturellen Reichtum des Kathmandu-Tals und anderer Ortschaften vom Tiefland des Terai bis zu den H\u00f6hen des Himalaya. Stadtpl\u00e4ne, Architekturzeichnungen von Grund- und Aufrissen helfen bei der Orientierung und vermitteln vor Ort [&#8230;]\n","protected":false},"featured_media":45070,"template":"","meta":[],"product_brand":[],"product_cat":[21580],"product_tag":[],"class_list":{"0":"post-150901","1":"product","2":"type-product","3":"status-publish","4":"has-post-thumbnail","6":"product_cat-kunst-kultur","7":"pa_autor-wiesner","8":"pa_erscheinungsjahr-22133","9":"pa_region-asien","10":"pa_sprache-de","12":"first","13":"instock","14":"taxable","15":"shipping-taxable","16":"purchasable","17":"product-type-simple"},"_links":{"self":[{"href":"https:\/\/pizbube.ch\/en\/wp-json\/wp\/v2\/product\/150901","targetHints":{"allow":["GET"]}}],"collection":[{"href":"https:\/\/pizbube.ch\/en\/wp-json\/wp\/v2\/product"}],"about":[{"href":"https:\/\/pizbube.ch\/en\/wp-json\/wp\/v2\/types\/product"}],"wp:featuredmedia":[{"embeddable":true,"href":"https:\/\/pizbube.ch\/en\/wp-json\/wp\/v2\/media\/45070"}],"wp:attachment":[{"href":"https:\/\/pizbube.ch\/en\/wp-json\/wp\/v2\/media?parent=150901"}],"wp:term":[{"taxonomy":"product_brand","embeddable":true,"href":"https:\/\/pizbube.ch\/en\/wp-json\/wp\/v2\/product_brand?post=150901"},{"taxonomy":"product_cat","embeddable":true,"href":"https:\/\/pizbube.ch\/en\/wp-json\/wp\/v2\/product_cat?post=150901"},{"taxonomy":"product_tag","embeddable":true,"href":"https:\/\/pizbube.ch\/en\/wp-json\/wp\/v2\/product_tag?post=150901"}],"curies":[{"name":"wp","href":"https:\/\/api.w.org\/{rel}","templated":true}]}}