{"id":150908,"date":"2021-01-15T11:03:40","date_gmt":"2021-01-15T11:03:40","guid":{"rendered":"https:\/\/codengine3.ch\/?product=import-placeholder-for-201122"},"modified":"2021-01-15T11:03:44","modified_gmt":"2021-01-15T11:03:44","slug":"peru-bruckmann","status":"publish","type":"product","link":"https:\/\/pizbube.ch\/en\/shop\/peru-bruckmann\/","title":{"rendered":"Peru (Bruckmann)"},"content":{"rendered":"<p>Peru ist wegen seiner landschaftlichen Sch\u00f6nheit neben Nepal ein beliebtes<br \/>\nTrekkingland. Ber\u00fchmt ist die Cordillera Blanca. Das h\u00f6chste Gebirge der<br \/>\nTropen ist mit dem Inkatrail nach Machu Picchu einer der meistbegangenen<br \/>\nTrekkingrouten der Welt. Die Trekkingtouren f\u00fchren vom ewigen Eis hinunter an<br \/>\nden Rand des Urwaldes oder an aktiven Vulkanen vorbei zu den Opferst\u00e4tten der<br \/>\nInkas. 192 Seiten, mit 120 Abbildungen.<\/p>","protected":false},"excerpt":{"rendered":"<p>Peru ist wegen seiner landschaftlichen Sch\u00f6nheit neben Nepal ein beliebtes Trekkingland. Ber\u00fchmt ist die Cordillera Blanca. Das h\u00f6chste Gebirge der Tropen ist mit dem Inkatrail nach Machu Picchu einer der meistbegangenen Trekkingrouten der Welt. Die Trekkingtouren f\u00fchren vom ewigen Eis hinunter an den Rand des Urwaldes oder an aktiven Vulkanen vorbei zu den Opferst\u00e4tten der [&#8230;]\n","protected":false},"featured_media":28285,"template":"","meta":[],"product_brand":[],"product_cat":[21605],"product_tag":[],"class_list":{"0":"post-150908","1":"product","2":"type-product","3":"status-publish","4":"has-post-thumbnail","6":"product_cat-wanderfuehrer-trekking","7":"pa_autor-wittber","8":"pa_erscheinungsjahr-21920","9":"pa_region-amerika-sued","10":"pa_sprache-de","12":"first","13":"outofstock","14":"taxable","15":"shipping-taxable","16":"purchasable","17":"product-type-simple"},"_links":{"self":[{"href":"https:\/\/pizbube.ch\/en\/wp-json\/wp\/v2\/product\/150908","targetHints":{"allow":["GET"]}}],"collection":[{"href":"https:\/\/pizbube.ch\/en\/wp-json\/wp\/v2\/product"}],"about":[{"href":"https:\/\/pizbube.ch\/en\/wp-json\/wp\/v2\/types\/product"}],"wp:featuredmedia":[{"embeddable":true,"href":"https:\/\/pizbube.ch\/en\/wp-json\/wp\/v2\/media\/28285"}],"wp:attachment":[{"href":"https:\/\/pizbube.ch\/en\/wp-json\/wp\/v2\/media?parent=150908"}],"wp:term":[{"taxonomy":"product_brand","embeddable":true,"href":"https:\/\/pizbube.ch\/en\/wp-json\/wp\/v2\/product_brand?post=150908"},{"taxonomy":"product_cat","embeddable":true,"href":"https:\/\/pizbube.ch\/en\/wp-json\/wp\/v2\/product_cat?post=150908"},{"taxonomy":"product_tag","embeddable":true,"href":"https:\/\/pizbube.ch\/en\/wp-json\/wp\/v2\/product_tag?post=150908"}],"curies":[{"name":"wp","href":"https:\/\/api.w.org\/{rel}","templated":true}]}}