{"id":150913,"date":"2021-01-15T11:03:40","date_gmt":"2021-01-15T11:03:40","guid":{"rendered":"https:\/\/codengine3.ch\/?product=import-placeholder-for-201125"},"modified":"2024-08-31T10:33:29","modified_gmt":"2024-08-31T08:33:29","slug":"elbsandsteingebirge","status":"publish","type":"product","link":"https:\/\/pizbube.ch\/en\/shop\/elbsandsteingebirge\/","title":{"rendered":"Elbsandsteingebirge"},"content":{"rendered":"<p><span class=\"value\">Bizarre Felst\u00fcrme, schroffe Sandsteinw\u00e4nde, tiefe Schluchten und spektakul\u00e4re Panoramen \u2013 das Elbsandsteingebirge z\u00e4hlt zu den herausragenden Wanderregionen in Deutschland. Die sch\u00f6nsten Wanderungen in der S\u00e4chsischen Schweiz, inklusive dem achtt\u00e4gigen \u00bbMalerweg\u00ab und f\u00fcnf Radtouren, stellt der Rother Wanderf\u00fchrer Elbsandsteingebirge vor. Zus\u00e4tzlich werden zw\u00f6lf sogenannte \u00bbStiegen\u00ab, sportlich anspruchsvolle Wege mit Steighilfen, beschrieben.<\/span><\/p>\n<p>Die 58 Touren reichen von gem\u00fctlichen Wanderungen an der Elbe bis zu steilen Wegen durch die Sandsteinfelsen, f\u00fcr das Elbsandsteingebirge so bekannt ist. Viele der Wanderungen f\u00fchren in diese atemberaubende Sandstein-Welt, deren ber\u00fchmteste Felsformation die Bastei ist. Doch nicht nur sie, die gesamte S\u00e4chsische Schweiz begeistert mit ihren k\u00fchnen Felsnadeln und Tafelbergen. Zu ausgedehnten Wanderungen l\u00e4dt das Kirnitzschtal bei Bad Schandau und Sebnitz ein. Es ist eines der sch\u00f6nsten T\u00e4ler des Elbsandsteingebirges. Auf vielen Wanderungen lassen sich auch Kulturdenkm\u00e4ler wie die Festung K\u00f6nigstein besichtigen.<\/p>\n<p>Jede Wanderung im Rother Wanderf\u00fchrer Elbsandsteingebirge ist mit einer zuverl\u00e4ssigen Wegbeschreibung, einem Wanderk\u00e4rtchen mit eingetragenem Routenverlauf und einem aussagekr\u00e4ftigen H\u00f6henprofil ausgestattet. F\u00fcr alle Touren stehen gepr\u00fcfte GPS-Tracks zum Download bereit. Sie machen die Orientierung unterwegs ganz einfach. Viele Tipps zu Einkehr und Sehensw\u00fcrdigkeiten runden den gelungenen Wandertag ab.<\/p>\n<p>168 Seiten; 58 H\u00f6henprofle,<br \/>\n58 Wanderk\u00e4rtchen im Ma\u00dfstab 1:50.000, 1:75.000, 1:100.000 und 1:150.000, zwei \u00dcbersichtskarten im Ma\u00dfstab 1:250.000 und 1:500.000<br \/>\n16., aktualisierte Auflage 2024<\/p>","protected":false},"excerpt":{"rendered":"<p>Bizarre Felst\u00fcrme, schroffe Sandsteinw\u00e4nde, tiefe Schluchten und spektakul\u00e4re Panoramen \u2013 das Elbsandsteingebirge z\u00e4hlt zu den herausragenden Wanderregionen in Deutschland. Die sch\u00f6nsten Wanderungen in der S\u00e4chsischen Schweiz, inklusive dem achtt\u00e4gigen \u00bbMalerweg\u00ab und f\u00fcnf Radtouren, stellt der Rother Wanderf\u00fchrer Elbsandsteingebirge vor. Zus\u00e4tzlich werden zw\u00f6lf sogenannte \u00bbStiegen\u00ab, sportlich anspruchsvolle Wege mit Steighilfen, beschrieben. Die 58 Touren reichen von [&#8230;]\n","protected":false},"featured_media":174669,"template":"","meta":[],"product_brand":[],"product_cat":[21605],"product_tag":[],"class_list":{"0":"post-150913","1":"product","2":"type-product","3":"status-publish","4":"has-post-thumbnail","6":"product_cat-wanderfuehrer-trekking","7":"pa_autor-hasse","8":"pa_erscheinungsjahr-27339","9":"pa_region-deutschland","10":"pa_sprache-de","12":"first","13":"instock","14":"taxable","15":"shipping-taxable","16":"purchasable","17":"product-type-simple"},"_links":{"self":[{"href":"https:\/\/pizbube.ch\/en\/wp-json\/wp\/v2\/product\/150913","targetHints":{"allow":["GET"]}}],"collection":[{"href":"https:\/\/pizbube.ch\/en\/wp-json\/wp\/v2\/product"}],"about":[{"href":"https:\/\/pizbube.ch\/en\/wp-json\/wp\/v2\/types\/product"}],"wp:featuredmedia":[{"embeddable":true,"href":"https:\/\/pizbube.ch\/en\/wp-json\/wp\/v2\/media\/174669"}],"wp:attachment":[{"href":"https:\/\/pizbube.ch\/en\/wp-json\/wp\/v2\/media?parent=150913"}],"wp:term":[{"taxonomy":"product_brand","embeddable":true,"href":"https:\/\/pizbube.ch\/en\/wp-json\/wp\/v2\/product_brand?post=150913"},{"taxonomy":"product_cat","embeddable":true,"href":"https:\/\/pizbube.ch\/en\/wp-json\/wp\/v2\/product_cat?post=150913"},{"taxonomy":"product_tag","embeddable":true,"href":"https:\/\/pizbube.ch\/en\/wp-json\/wp\/v2\/product_tag?post=150913"}],"curies":[{"name":"wp","href":"https:\/\/api.w.org\/{rel}","templated":true}]}}