{"id":150914,"date":"2021-01-15T11:03:40","date_gmt":"2021-01-15T11:03:40","guid":{"rendered":"https:\/\/codengine3.ch\/?product=import-placeholder-for-204040"},"modified":"2021-01-15T14:29:09","modified_gmt":"2021-01-15T14:29:09","slug":"leichte-wanderungen-in-ostdeutschland","status":"publish","type":"product","link":"https:\/\/pizbube.ch\/en\/shop\/leichte-wanderungen-in-ostdeutschland\/","title":{"rendered":"Leichte Wanderungen in Ostdeutschland"},"content":{"rendered":"<p>Die 40 sch\u00f6nsten Genusswanderungen: S\u00e4chsische Schweiz, Erzgebirge, Spreewald,<br \/>\nHavelland, M\u00e4rkische Schweiz, Mecklenburgische Seen, Usedom, R\u00fcgen, Harz,<br \/>\nTh\u00fcringer Wald.<br \/>\nDie 40 sch\u00f6nsten Tal- und H\u00f6henwanderungen zu herausragenden Natur- und<br \/>\nKulturzielen in Ostdeutschland pr\u00e4sentiert Bernhard Pollmann in einer Auswahl<br \/>\nf\u00fcr Genusswanderer und Familien mit Kindern. In den abwechslungsreichen<br \/>\nLandschaften vom Erzgebirgskamm bis zu den Kreidefelsen auf R\u00fcgen stehen dabei<br \/>\ngut ausgeschilderte und eher leichte Wanderwege im Vordergrund.<\/p>","protected":false},"excerpt":{"rendered":"<p>Die 40 sch\u00f6nsten Genusswanderungen: S\u00e4chsische Schweiz, Erzgebirge, Spreewald, Havelland, M\u00e4rkische Schweiz, Mecklenburgische Seen, Usedom, R\u00fcgen, Harz, Th\u00fcringer Wald. Die 40 sch\u00f6nsten Tal- und H\u00f6henwanderungen zu herausragenden Natur- und Kulturzielen in Ostdeutschland pr\u00e4sentiert Bernhard Pollmann in einer Auswahl f\u00fcr Genusswanderer und Familien mit Kindern. In den abwechslungsreichen Landschaften vom Erzgebirgskamm bis zu den Kreidefelsen auf R\u00fcgen [&#8230;]\n","protected":false},"featured_media":31775,"template":"","meta":[],"product_brand":[],"product_cat":[21605],"product_tag":[],"class_list":{"0":"post-150914","1":"product","2":"type-product","3":"status-publish","4":"has-post-thumbnail","6":"product_cat-wanderfuehrer-trekking","7":"pa_autor-pollmann","8":"pa_erscheinungsjahr-21763","9":"pa_region-deutschland","10":"pa_sprache-de","12":"first","13":"instock","14":"taxable","15":"shipping-taxable","16":"purchasable","17":"product-type-simple"},"_links":{"self":[{"href":"https:\/\/pizbube.ch\/en\/wp-json\/wp\/v2\/product\/150914","targetHints":{"allow":["GET"]}}],"collection":[{"href":"https:\/\/pizbube.ch\/en\/wp-json\/wp\/v2\/product"}],"about":[{"href":"https:\/\/pizbube.ch\/en\/wp-json\/wp\/v2\/types\/product"}],"wp:featuredmedia":[{"embeddable":true,"href":"https:\/\/pizbube.ch\/en\/wp-json\/wp\/v2\/media\/31775"}],"wp:attachment":[{"href":"https:\/\/pizbube.ch\/en\/wp-json\/wp\/v2\/media?parent=150914"}],"wp:term":[{"taxonomy":"product_brand","embeddable":true,"href":"https:\/\/pizbube.ch\/en\/wp-json\/wp\/v2\/product_brand?post=150914"},{"taxonomy":"product_cat","embeddable":true,"href":"https:\/\/pizbube.ch\/en\/wp-json\/wp\/v2\/product_cat?post=150914"},{"taxonomy":"product_tag","embeddable":true,"href":"https:\/\/pizbube.ch\/en\/wp-json\/wp\/v2\/product_tag?post=150914"}],"curies":[{"name":"wp","href":"https:\/\/api.w.org\/{rel}","templated":true}]}}