{"id":150915,"date":"2021-01-15T11:03:40","date_gmt":"2021-01-15T11:03:40","guid":{"rendered":"https:\/\/codengine3.ch\/?product=import-placeholder-for-204042"},"modified":"2021-01-15T14:29:10","modified_gmt":"2021-01-15T14:29:10","slug":"saechsische-schweiz-die-55-schoensten-touren","status":"publish","type":"product","link":"https:\/\/pizbube.ch\/en\/shop\/saechsische-schweiz-die-55-schoensten-touren\/","title":{"rendered":"S\u00e4chsische Schweiz &#8211; Die 55 sch\u00f6nsten Touren"},"content":{"rendered":"<p>Markenzeichen \u0096 Schroffe Felsszenarien<br \/>\nInmitten von schroffen Felsszenarien und rauschenden W\u00e4ldern in der<br \/>\nS\u00e4chsischen Schweiz wandern: Tassilo Wengel stellt daf\u00fcr 55 Traumtouren vor.<br \/>\nDie Bastei mit ihrem grandiosen Ausblick, aber auch unz\u00e4hlige weitere<br \/>\nklangvolle Namen stehen f\u00fcr attraktive Ziele in einer sagenhaften Landschaft,<br \/>\nin der verstreut sch\u00f6ne, gastfreundliche D\u00f6rfer liegen. Auch die vielf\u00e4ltige<br \/>\nPflanzenwelt ist einen Besuch wert. Sch\u00f6nheit die den Wanderer begeistert.<br \/>\n192 Seiten, ca. 160 Abbildungen, Format 11,5 x 17,5 cm, Klappenbroschur mit<br \/>\nFadenheftung<\/p>","protected":false},"excerpt":{"rendered":"<p>Markenzeichen \u0096 Schroffe Felsszenarien Inmitten von schroffen Felsszenarien und rauschenden W\u00e4ldern in der S\u00e4chsischen Schweiz wandern: Tassilo Wengel stellt daf\u00fcr 55 Traumtouren vor. Die Bastei mit ihrem grandiosen Ausblick, aber auch unz\u00e4hlige weitere klangvolle Namen stehen f\u00fcr attraktive Ziele in einer sagenhaften Landschaft, in der verstreut sch\u00f6ne, gastfreundliche D\u00f6rfer liegen. Auch die vielf\u00e4ltige Pflanzenwelt ist [&#8230;]\n","protected":false},"featured_media":32412,"template":"","meta":[],"product_brand":[],"product_cat":[21605],"product_tag":[],"class_list":{"0":"post-150915","1":"product","2":"type-product","3":"status-publish","4":"has-post-thumbnail","6":"product_cat-wanderfuehrer-trekking","7":"pa_autor-wengel","8":"pa_erscheinungsjahr-21550","9":"pa_region-deutschland","10":"pa_sprache-de","12":"first","13":"instock","14":"taxable","15":"shipping-taxable","16":"purchasable","17":"product-type-simple"},"_links":{"self":[{"href":"https:\/\/pizbube.ch\/en\/wp-json\/wp\/v2\/product\/150915","targetHints":{"allow":["GET"]}}],"collection":[{"href":"https:\/\/pizbube.ch\/en\/wp-json\/wp\/v2\/product"}],"about":[{"href":"https:\/\/pizbube.ch\/en\/wp-json\/wp\/v2\/types\/product"}],"wp:featuredmedia":[{"embeddable":true,"href":"https:\/\/pizbube.ch\/en\/wp-json\/wp\/v2\/media\/32412"}],"wp:attachment":[{"href":"https:\/\/pizbube.ch\/en\/wp-json\/wp\/v2\/media?parent=150915"}],"wp:term":[{"taxonomy":"product_brand","embeddable":true,"href":"https:\/\/pizbube.ch\/en\/wp-json\/wp\/v2\/product_brand?post=150915"},{"taxonomy":"product_cat","embeddable":true,"href":"https:\/\/pizbube.ch\/en\/wp-json\/wp\/v2\/product_cat?post=150915"},{"taxonomy":"product_tag","embeddable":true,"href":"https:\/\/pizbube.ch\/en\/wp-json\/wp\/v2\/product_tag?post=150915"}],"curies":[{"name":"wp","href":"https:\/\/api.w.org\/{rel}","templated":true}]}}