{"id":150916,"date":"2021-01-15T11:03:40","date_gmt":"2021-01-15T11:03:40","guid":{"rendered":"https:\/\/codengine3.ch\/?product=import-placeholder-for-205822"},"modified":"2021-01-15T14:44:09","modified_gmt":"2021-01-15T14:44:09","slug":"die-saechsische-schweiz","status":"publish","type":"product","link":"https:\/\/pizbube.ch\/en\/shop\/die-saechsische-schweiz\/","title":{"rendered":"Die S\u00e4chsische Schweiz"},"content":{"rendered":"<p>Fotografien 1911-1938.  <\/p>\n<p>Walter Hahn hatte seit seiner Jugend zwei Hobbys: Klettern und Fotografieren.<br \/>\nBei seinen zahllosen Wanderungen und Kletterpartien in der S\u00e4chsischen Schweiz<br \/>\nkonnte er beides aufs Sch\u00f6nste miteinander verbinden. Auch als anerkannter<br \/>\nBerufsfotograf blieb er dem Klettersport treu. So entstanden im Laufe von drei<br \/>\nJahrzehnten etwa 2000 Aufnahmen aus der S\u00e4chsischen Schweiz, die einerseits<br \/>\ndie Sch\u00f6nheiten der Landschaft und ihrer St\u00e4dte und D\u00f6rfer im Bild festhalten,<br \/>\nandererseits aber auch zahlreiche Erst- und Fr\u00fchbegehungen der bizarren Felsen<br \/>\ndes Elbsandsteingebirges dokumentieren.  <\/p>\n<p>Durch die F\u00e4higkeit, selbst klettern zu k\u00f6nnen, erschlossen sich Hahn alle<br \/>\nM\u00f6glichkeiten, auch gewagteste Kamerastandpunkte zu erreichen. Ab den 1920er<br \/>\nJahren entstanden zudem viele Aufnahmen, die Hahn aus der Luft machte, um die<br \/>\nvom Boden aus kaum wahrnehmbaren Landschaftsstrukturen sichtbar zu machen. F\u00fcr<br \/>\ndas Buch hat Jens Bove eine repr\u00e4sentative Auswahl aus dem Bestand getroffen &#8211;<br \/>\nvon Pirna, dem Tor zur S\u00e4chsischen Schweiz, entlang der Elbe \u00fcber Wehlen und<br \/>\nRathen mit der Bastei nach K\u00f6nigstein und in das Bielatal, dann weiter \u00fcber<br \/>\nden Lilienstein nach Bad Schandau mit dem Kirnitzschtal und den Schrammsteinen<br \/>\nbis nach Schmilka und der Kaiserkrone.<\/p>","protected":false},"excerpt":{"rendered":"<p>Fotografien 1911-1938. Walter Hahn hatte seit seiner Jugend zwei Hobbys: Klettern und Fotografieren. Bei seinen zahllosen Wanderungen und Kletterpartien in der S\u00e4chsischen Schweiz konnte er beides aufs Sch\u00f6nste miteinander verbinden. Auch als anerkannter Berufsfotograf blieb er dem Klettersport treu. So entstanden im Laufe von drei Jahrzehnten etwa 2000 Aufnahmen aus der S\u00e4chsischen Schweiz, die einerseits [&#8230;]\n","protected":false},"featured_media":34650,"template":"","meta":[],"product_brand":[],"product_cat":[21542],"product_tag":[],"class_list":{"0":"post-150916","1":"product","2":"type-product","3":"status-publish","4":"has-post-thumbnail","6":"product_cat-sachbuecher-dokumentationen","7":"pa_autor-hahn","8":"pa_erscheinungsjahr-21830","9":"pa_region-deutschland","10":"pa_sprache-de","12":"first","13":"instock","14":"taxable","15":"shipping-taxable","16":"purchasable","17":"product-type-simple"},"_links":{"self":[{"href":"https:\/\/pizbube.ch\/en\/wp-json\/wp\/v2\/product\/150916","targetHints":{"allow":["GET"]}}],"collection":[{"href":"https:\/\/pizbube.ch\/en\/wp-json\/wp\/v2\/product"}],"about":[{"href":"https:\/\/pizbube.ch\/en\/wp-json\/wp\/v2\/types\/product"}],"wp:featuredmedia":[{"embeddable":true,"href":"https:\/\/pizbube.ch\/en\/wp-json\/wp\/v2\/media\/34650"}],"wp:attachment":[{"href":"https:\/\/pizbube.ch\/en\/wp-json\/wp\/v2\/media?parent=150916"}],"wp:term":[{"taxonomy":"product_brand","embeddable":true,"href":"https:\/\/pizbube.ch\/en\/wp-json\/wp\/v2\/product_brand?post=150916"},{"taxonomy":"product_cat","embeddable":true,"href":"https:\/\/pizbube.ch\/en\/wp-json\/wp\/v2\/product_cat?post=150916"},{"taxonomy":"product_tag","embeddable":true,"href":"https:\/\/pizbube.ch\/en\/wp-json\/wp\/v2\/product_tag?post=150916"}],"curies":[{"name":"wp","href":"https:\/\/api.w.org\/{rel}","templated":true}]}}