{"id":150918,"date":"2021-01-15T11:03:41","date_gmt":"2021-01-15T11:03:41","guid":{"rendered":"https:\/\/codengine3.ch\/?product=import-placeholder-for-204727"},"modified":"2021-01-15T14:35:45","modified_gmt":"2021-01-15T14:35:45","slug":"vergessene-pfade-elbsandstein","status":"publish","type":"product","link":"https:\/\/pizbube.ch\/en\/shop\/vergessene-pfade-elbsandstein\/","title":{"rendered":"Vergessene Pfade Elbsandstein"},"content":{"rendered":"<p>31 Touren abseits des Trubels in der S\u00e4chsischen und B\u00f6hmischen Schweiz<\/p>\n<p>Durchatmen \u0096 Ruhe genie\u00dfen \u0096 Wandern<br \/>\nDas Elbsandsteingebirge ist eine einzigartige Landschaft, zudem lockt<br \/>\ngrenzenlose Wildnis in die Nationalparks S\u00e4chsische und B\u00f6hmische Schweiz.<br \/>\nHier kann man Ruhe genie\u00dfen, durchatmen \u0096 und vor allem wandern! Etwa auf den<br \/>\nTafelberg Lilienstein, das Symbol der S\u00e4chsischen Schweiz. Auf dem<br \/>\nCanalettoweg, benannt nach dem gro\u00dfen venezianischen Maler.<\/p>\n<p>Oder auf 33 weiteren ausgew\u00e4hlten Pfaden und Steigen, vorgestellt von<br \/>\nortskundigen Autoren.<br \/>\n160 Seiten, ca. 120 Abbildungen, Format 16,5 x 23,5 cm, Klappenbroschur mit<br \/>\nFadenheftung<\/p>","protected":false},"excerpt":{"rendered":"<p>31 Touren abseits des Trubels in der S\u00e4chsischen und B\u00f6hmischen Schweiz Durchatmen \u0096 Ruhe genie\u00dfen \u0096 Wandern Das Elbsandsteingebirge ist eine einzigartige Landschaft, zudem lockt grenzenlose Wildnis in die Nationalparks S\u00e4chsische und B\u00f6hmische Schweiz. Hier kann man Ruhe genie\u00dfen, durchatmen \u0096 und vor allem wandern! Etwa auf den Tafelberg Lilienstein, das Symbol der S\u00e4chsischen Schweiz. [&#8230;]\n","protected":false},"featured_media":33093,"template":"","meta":[],"product_brand":[],"product_cat":[21605],"product_tag":[],"class_list":{"0":"post-150918","1":"product","2":"type-product","3":"status-publish","4":"has-post-thumbnail","6":"product_cat-wanderfuehrer-trekking","7":"pa_autor-zieschang-morandell-meissner","8":"pa_erscheinungsjahr-21574","9":"pa_region-deutschland","10":"pa_sprache-de","12":"first","13":"instock","14":"taxable","15":"shipping-taxable","16":"purchasable","17":"product-type-simple"},"_links":{"self":[{"href":"https:\/\/pizbube.ch\/en\/wp-json\/wp\/v2\/product\/150918","targetHints":{"allow":["GET"]}}],"collection":[{"href":"https:\/\/pizbube.ch\/en\/wp-json\/wp\/v2\/product"}],"about":[{"href":"https:\/\/pizbube.ch\/en\/wp-json\/wp\/v2\/types\/product"}],"wp:featuredmedia":[{"embeddable":true,"href":"https:\/\/pizbube.ch\/en\/wp-json\/wp\/v2\/media\/33093"}],"wp:attachment":[{"href":"https:\/\/pizbube.ch\/en\/wp-json\/wp\/v2\/media?parent=150918"}],"wp:term":[{"taxonomy":"product_brand","embeddable":true,"href":"https:\/\/pizbube.ch\/en\/wp-json\/wp\/v2\/product_brand?post=150918"},{"taxonomy":"product_cat","embeddable":true,"href":"https:\/\/pizbube.ch\/en\/wp-json\/wp\/v2\/product_cat?post=150918"},{"taxonomy":"product_tag","embeddable":true,"href":"https:\/\/pizbube.ch\/en\/wp-json\/wp\/v2\/product_tag?post=150918"}],"curies":[{"name":"wp","href":"https:\/\/api.w.org\/{rel}","templated":true}]}}