{"id":150919,"date":"2021-01-15T11:03:41","date_gmt":"2021-01-15T11:03:41","guid":{"rendered":"https:\/\/codengine3.ch\/?product=import-placeholder-for-201126"},"modified":"2026-04-08T10:33:04","modified_gmt":"2026-04-08T08:33:04","slug":"dolomiten-1-groednertal-villnoesstal-seiser-alm","status":"publish","type":"product","link":"https:\/\/pizbube.ch\/en\/shop\/dolomiten-1-groednertal-villnoesstal-seiser-alm\/","title":{"rendered":"Dolomiten 1 &#8211; Gr\u00f6dnertal &#8211; Villn\u00f6sstal &#8211; Seiser Alm"},"content":{"rendered":"<p><span class=\"value\">Senkrecht hochragende Berge, beeindruckende Felszacken, gr\u00fcne T\u00e4ler und blumen\u00fcbers\u00e4te Bergwiesen: Die Dolomiten sind ein Abenteuerspielplatz f\u00fcr Wanderer. F\u00fcr sie stellt der Rother Wanderf\u00fchrer \u00bbDolomiten 1\u00ab 51 Touren im Gr\u00f6dnertal, im Villn\u00f6\u00dftal und auf der beliebten Seiser Alm vor \u2013 abwechslungsreicher kann der Bergurlaub damit nicht werden!<\/span><\/p>\n<p>Panoramawege laden zum genussvollen Wandern ein, fast vergessene Pfade f\u00fchren abseits vom Trubel in unber\u00fchrte Bergnatur, auf sch\u00f6nen Steigen geht es zu urigen Almen und H\u00fctten. Auch einige h\u00f6here Gipfel finden sich in der Tourenauswahl. Als ein Top-Ziel ist hier der Piz Bo\u00e9 zu nennen, einer der leichtesten Dreitausender der Dolomiten, der eine unglaubliche Sicht auf die Bergwelt ringsum bietet.<\/p>\n<p>Detaillierte Wegbeschreibungen, Wanderk\u00e4rtchen mit eingetragenem Routenverlauf und aussagekr\u00e4ftige H\u00f6henprofile machen die Tourenvorschl\u00e4ge leicht nachvollziehbar. Au\u00dferdem stehen GPS-Tracks zum Download bereit. Zahlreiche Einkehrtipps, Hinweise zu Sehensw\u00fcrdigkeiten und Ausflugsvorschl\u00e4ge runden diesen Wanderf\u00fchrer ab.<\/p>\n<p>Der Rother Wanderf\u00fchrer \u00bbDolomiten 1\u00ab umfasst das Gebiet der westlichen Dolomiten entlang des Eisacktals zwischen Brixen und Bozen. Er beschreibt Wanderungen in den Gr\u00f6dner Dolomiten zwischen Brixen, Bozen und Fassatal mit Langkofel, Plose, Villn\u00f6\u00dftal, Seiser Alm und Rosengarten.<\/p>\n<p>74 H\u00f6henprofile, 74 Wanderk\u00e4rtchen im Ma\u00dfstab 1:50.000 und 1:75.000, zwei \u00dcbersichtskarten<br \/>\n256 Seiten<br \/>\n15., aktualis. Auflage 2024<\/p>","protected":false},"excerpt":{"rendered":"<p>Senkrecht hochragende Berge, beeindruckende Felszacken, gr\u00fcne T\u00e4ler und blumen\u00fcbers\u00e4te Bergwiesen: Die Dolomiten sind ein Abenteuerspielplatz f\u00fcr Wanderer. F\u00fcr sie stellt der Rother Wanderf\u00fchrer \u00bbDolomiten 1\u00ab 51 Touren im Gr\u00f6dnertal, im Villn\u00f6\u00dftal und auf der beliebten Seiser Alm vor \u2013 abwechslungsreicher kann der Bergurlaub damit nicht werden! Panoramawege laden zum genussvollen Wandern ein, fast vergessene Pfade [&#8230;]\n","protected":false},"featured_media":183753,"template":"","meta":[],"product_brand":[],"product_cat":[21605],"product_tag":[],"class_list":{"0":"post-150919","1":"product","2":"type-product","3":"status-publish","4":"has-post-thumbnail","6":"product_cat-wanderfuehrer-trekking","7":"pa_autor-hauleitner","8":"pa_erscheinungsjahr-27339","9":"pa_region-italien","10":"pa_sprache-de","12":"first","13":"instock","14":"taxable","15":"shipping-taxable","16":"purchasable","17":"product-type-simple"},"_links":{"self":[{"href":"https:\/\/pizbube.ch\/en\/wp-json\/wp\/v2\/product\/150919","targetHints":{"allow":["GET"]}}],"collection":[{"href":"https:\/\/pizbube.ch\/en\/wp-json\/wp\/v2\/product"}],"about":[{"href":"https:\/\/pizbube.ch\/en\/wp-json\/wp\/v2\/types\/product"}],"wp:featuredmedia":[{"embeddable":true,"href":"https:\/\/pizbube.ch\/en\/wp-json\/wp\/v2\/media\/183753"}],"wp:attachment":[{"href":"https:\/\/pizbube.ch\/en\/wp-json\/wp\/v2\/media?parent=150919"}],"wp:term":[{"taxonomy":"product_brand","embeddable":true,"href":"https:\/\/pizbube.ch\/en\/wp-json\/wp\/v2\/product_brand?post=150919"},{"taxonomy":"product_cat","embeddable":true,"href":"https:\/\/pizbube.ch\/en\/wp-json\/wp\/v2\/product_cat?post=150919"},{"taxonomy":"product_tag","embeddable":true,"href":"https:\/\/pizbube.ch\/en\/wp-json\/wp\/v2\/product_tag?post=150919"}],"curies":[{"name":"wp","href":"https:\/\/api.w.org\/{rel}","templated":true}]}}