{"id":150920,"date":"2021-01-15T11:03:41","date_gmt":"2021-01-15T11:03:41","guid":{"rendered":"https:\/\/codengine3.ch\/?product=import-placeholder-for-202125"},"modified":"2024-04-17T09:44:43","modified_gmt":"2024-04-17T07:44:43","slug":"dolomiten-2-eggentaler-berge-latemar-rosengarten","status":"publish","type":"product","link":"https:\/\/pizbube.ch\/en\/shop\/dolomiten-2-eggentaler-berge-latemar-rosengarten\/","title":{"rendered":"Dolomiten 2 &#8211; Eggentaler Berge mit Latemar und Rosengarten"},"content":{"rendered":"<p><span class=\"value\">Steile Felskolosse und Bergwiesen, tiefe Schluchten und klare Seen, urige H\u00fctten und herrliche Fernsichten \u2013 in wohl kaum einer anderen Alpenregion vereinen sich Almlandschaft und Felsregion so harmonisch wie in den Dolomiten. Schlern, Rosengarten und Latemar \u2013 das sind die drei gro\u00dfen und ber\u00fchmten Dolomitengruppen, die in dem Rother Wanderf\u00fchrer \u00bbEggentaler Berge\u00ab, Band 2 der Dolomiten-Reihe, vorgestellt werden. Ein Paradies f\u00fcr Wanderer und Bergsteiger!<\/span><\/p>\n<p>50 \u00fcberwiegend leichte und mittelschwere Touren vom Schlern bis hinunter zum Naturpark Trudner Horn erschlie\u00dfen Genusswanderern und Familien das reichhaltige Wandergebiet \u00f6stlich und s\u00fcdlich der Landeshauptstadt Bozen. Von Talwanderungen zu m\u00e4rchenhaft gelegenen Seen \u00fcber reizvolle H\u00f6henwege bis zu einfacheren Gipfelzielen reicht das Spektrum. F\u00fcr alpin erfahrene Bergsteiger stellt dieser Wanderf\u00fchrer auch anspruchsvolle Touren vor, die in steile H\u00f6hen f\u00fchren.<\/p>\n<p>Jede Tour in diesem Wanderf\u00fchrer wird mit einer zuverl\u00e4ssigen Wegbeschreibung, einem Wanderk\u00e4rtchen mit eingetragenem Routenverlauf und einem aussagekr\u00e4ftigen H\u00f6henprofil vorgestellt. GPS-Daten stehen zudem zum Download bereit. Damit sind alle Touren leicht und sicher nachvollziehbar.<\/p>\n<p>50 H\u00f6henprofile, 50 Wanderk\u00e4rtchen im Ma\u00dfstab 1:50.000 und 1:75.000, zwei \u00dcbersichtskarten im Ma\u00dfstab 1:200.000 und 1:500.000, GPS-Tracks zum Download<br \/>\n9. aktualisierte Auflage 2022<\/p>","protected":false},"excerpt":{"rendered":"<p>Steile Felskolosse und Bergwiesen, tiefe Schluchten und klare Seen, urige H\u00fctten und herrliche Fernsichten \u2013 in wohl kaum einer anderen Alpenregion vereinen sich Almlandschaft und Felsregion so harmonisch wie in den Dolomiten. Schlern, Rosengarten und Latemar \u2013 das sind die drei gro\u00dfen und ber\u00fchmten Dolomitengruppen, die in dem Rother Wanderf\u00fchrer \u00bbEggentaler Berge\u00ab, Band 2 der [&#8230;]\n","protected":false},"featured_media":172513,"template":"","meta":[],"product_brand":[],"product_cat":[21605],"product_tag":[],"class_list":{"0":"post-150920","1":"product","2":"type-product","3":"status-publish","4":"has-post-thumbnail","6":"product_cat-wanderfuehrer-trekking","7":"pa_autor-hauleitner","8":"pa_erscheinungsjahr-27013","9":"pa_region-italien","10":"pa_sprache-de","12":"first","13":"instock","14":"taxable","15":"shipping-taxable","16":"purchasable","17":"product-type-simple"},"_links":{"self":[{"href":"https:\/\/pizbube.ch\/en\/wp-json\/wp\/v2\/product\/150920","targetHints":{"allow":["GET"]}}],"collection":[{"href":"https:\/\/pizbube.ch\/en\/wp-json\/wp\/v2\/product"}],"about":[{"href":"https:\/\/pizbube.ch\/en\/wp-json\/wp\/v2\/types\/product"}],"wp:featuredmedia":[{"embeddable":true,"href":"https:\/\/pizbube.ch\/en\/wp-json\/wp\/v2\/media\/172513"}],"wp:attachment":[{"href":"https:\/\/pizbube.ch\/en\/wp-json\/wp\/v2\/media?parent=150920"}],"wp:term":[{"taxonomy":"product_brand","embeddable":true,"href":"https:\/\/pizbube.ch\/en\/wp-json\/wp\/v2\/product_brand?post=150920"},{"taxonomy":"product_cat","embeddable":true,"href":"https:\/\/pizbube.ch\/en\/wp-json\/wp\/v2\/product_cat?post=150920"},{"taxonomy":"product_tag","embeddable":true,"href":"https:\/\/pizbube.ch\/en\/wp-json\/wp\/v2\/product_tag?post=150920"}],"curies":[{"name":"wp","href":"https:\/\/api.w.org\/{rel}","templated":true}]}}