{"id":150921,"date":"2021-01-15T11:03:41","date_gmt":"2021-01-15T11:03:41","guid":{"rendered":"https:\/\/codengine3.ch\/?product=import-placeholder-for-202123"},"modified":"2024-04-17T09:57:43","modified_gmt":"2024-04-17T07:57:43","slug":"dolomiten-5-sexten-toblach-prags","status":"publish","type":"product","link":"https:\/\/pizbube.ch\/en\/shop\/dolomiten-5-sexten-toblach-prags\/","title":{"rendered":"Dolomiten 5 &#8211; Sextner Dolomiten mit Naturpark Drei Zinnen und Pragser Tal"},"content":{"rendered":"<p><span class=\"value\">Wuchtig ragen in den Dolomiten die Felskolosse der ber\u00fchmten Drei Zinnen auf, markant pr\u00e4gen sie die landschaftliche Sch\u00f6nheit des Sexten- und des Pragser Tals. Die felsigen Gipfel, Schluchten, malerischen T\u00e4ler und Bergseen in den Dolomiten sind herrliche Ziele f\u00fcr Wanderungen und Bergtouren. Der Rother Wanderf\u00fchrer Dolomiten 5 stellt 53 abwechslungsreiche Wanderungen von einfach bis anspruchsvoll in den Sextener Dolomiten, im Naturpark Drei Zinnen und im Pragser Tal vor.<\/span><\/p>\n<p>Die Auswahl umfasst Touren rund um den Pragser Wildsee, die Pl\u00e4tzwiese, den Furkelpass und den Kronplatz bei Bruneck. Beliebte Ausflugsziele finden sich auch rund um die Auronzoh\u00fctte und den Paternsattel. Immer wieder bieten sich \u00fcberw\u00e4ltigende Ausblicke auf die felsigen Zacken und T\u00fcrme der Drei Zinnen, aufgrund ihrer Sch\u00f6nheit zum UNESCO Weltkulturerbe erkl\u00e4rt.<\/p>\n<p>Franz Hauleitner, Autor und ausgezeichneter Dolomiten-Kenner, hat eine umfangreiche Auswahl an Wanderungen zusammengestellt, die nicht nur bekannte Wanderziele enth\u00e4lt, sondern auch mit manchem Geheimtipp aufwarten kann. Die Wanderungen sind vorwiegend leicht bis mittelschwer, auch zahlreiche anspruchsvollere Vorschl\u00e4ge sind dabei. Jede Wanderung im Wanderf\u00fchrer Sextner Dolomiten wird mit einer zuverl\u00e4ssigen Wegbeschreibung, einem Kartenausschnitt mit eingezeichnetem Routenverlauf und einem aussagekr\u00e4ftigen H\u00f6henprofil vorgestellt. GPS-Tracks stehen zum Download bereit. Die neueste Auflage wurde umfassend \u00fcberarbeitet und um eine neue Wanderung erweitert.<\/p>\n<p>Die Insgesamt acht Dolomiten-B\u00e4nde der Rother Wanderf\u00fchrer decken das gesamte Dolomiten-Gebiet zwischen Bruneck, Brixen, Bozen, Belluno und Sexten ab.<\/p>\n<p>11. Auflage 2023;<\/p>\n<p>160 Seiten mit 68 Farbabbildungen<br \/>\n53 H\u00f6henprofile, 53 Wanderk\u00e4rtchen im Ma\u00dfstab 1:50.000, zwei \u00dcbersichtskarten im Ma\u00dfstab 1:200.000 und 1:500.000<\/p>","protected":false},"excerpt":{"rendered":"<p>Wuchtig ragen in den Dolomiten die Felskolosse der ber\u00fchmten Drei Zinnen auf, markant pr\u00e4gen sie die landschaftliche Sch\u00f6nheit des Sexten- und des Pragser Tals. Die felsigen Gipfel, Schluchten, malerischen T\u00e4ler und Bergseen in den Dolomiten sind herrliche Ziele f\u00fcr Wanderungen und Bergtouren. Der Rother Wanderf\u00fchrer Dolomiten 5 stellt 53 abwechslungsreiche Wanderungen von einfach bis anspruchsvoll [&#8230;]\n","protected":false},"featured_media":172517,"template":"","meta":[],"product_brand":[],"product_cat":[21605],"product_tag":[],"class_list":{"0":"post-150921","1":"product","2":"type-product","3":"status-publish","4":"has-post-thumbnail","6":"product_cat-wanderfuehrer-trekking","7":"pa_autor-hauleitner","8":"pa_erscheinungsjahr-27129","9":"pa_region-italien","10":"pa_sprache-de","12":"first","13":"instock","14":"taxable","15":"shipping-taxable","16":"purchasable","17":"product-type-simple"},"_links":{"self":[{"href":"https:\/\/pizbube.ch\/en\/wp-json\/wp\/v2\/product\/150921","targetHints":{"allow":["GET"]}}],"collection":[{"href":"https:\/\/pizbube.ch\/en\/wp-json\/wp\/v2\/product"}],"about":[{"href":"https:\/\/pizbube.ch\/en\/wp-json\/wp\/v2\/types\/product"}],"wp:featuredmedia":[{"embeddable":true,"href":"https:\/\/pizbube.ch\/en\/wp-json\/wp\/v2\/media\/172517"}],"wp:attachment":[{"href":"https:\/\/pizbube.ch\/en\/wp-json\/wp\/v2\/media?parent=150921"}],"wp:term":[{"taxonomy":"product_brand","embeddable":true,"href":"https:\/\/pizbube.ch\/en\/wp-json\/wp\/v2\/product_brand?post=150921"},{"taxonomy":"product_cat","embeddable":true,"href":"https:\/\/pizbube.ch\/en\/wp-json\/wp\/v2\/product_cat?post=150921"},{"taxonomy":"product_tag","embeddable":true,"href":"https:\/\/pizbube.ch\/en\/wp-json\/wp\/v2\/product_tag?post=150921"}],"curies":[{"name":"wp","href":"https:\/\/api.w.org\/{rel}","templated":true}]}}