{"id":150922,"date":"2021-01-15T11:03:41","date_gmt":"2021-01-15T11:03:41","guid":{"rendered":"https:\/\/codengine3.ch\/?product=import-placeholder-for-202122"},"modified":"2024-07-03T09:24:48","modified_gmt":"2024-07-03T07:24:48","slug":"dolomiten-4-fassatal-mit-marmolada-und-rosengarten","status":"publish","type":"product","link":"https:\/\/pizbube.ch\/en\/shop\/dolomiten-4-fassatal-mit-marmolada-und-rosengarten\/","title":{"rendered":"Dolomiten 4 &#8211; Fassatal mit Rosengarten, Langkofel, Sella und Marmolada"},"content":{"rendered":"<p><span class=\"value\">Der Rosengarten in den Dolomiten ist eine der sch\u00f6nsten und landschaftlich eindrucksvollsten Wanderregionen \u00fcberhaupt. Wenn im D\u00e4mmerlicht die Felsen zu leuchten beginnen, wirkt die Gebirgsgruppe wie verzaubert. Doch egal zu welcher Tageszeit \u2013 dem Anblick der majest\u00e4tischen T\u00fcrme wird sich wohl kaum jemand entziehen k\u00f6nnen. Der Rother Wanderf\u00fchrer \u00bbDolomiten 4 &#8211; Fassatal\u00ab f\u00fchrt mit 52 spannenden Touren tief hinein in die zauberhafte Bergwelt rund um das Fassatal, zu Rosengarten, Langkofel, Sella, Marmolada und Latemar.<\/span><\/p>\n<p>Im Mittelpunkt dieser Dolomiten-Region steht das ladinischsprachige Fassatal mit seinen Seitent\u00e4lern und den attraktiven Urlaubsorten Moena, Vigo, Pozza, Campitello und Canazei. Die Wanderungen f\u00fchren durch L\u00e4rchenw\u00e4lder und malerische T\u00e4ler, zu stillen Bergseen und gigantischen Felskolossen, f\u00fcr die die Dolomiten so ber\u00fchmt sind. Von leicht erreichbaren Gipfeln pr\u00e4sentieren sich die Felszacken des Dolomitenpanoramas. Gem\u00fctliche Gasth\u00e4user und Bergh\u00fctten laden zur Einkehr ein.<\/p>\n<p>Viele der in diesem Band beschriebenen Wanderungen in den Dolomiten sind einfach und ideal f\u00fcr Genusswanderer und Familien. Aber auch sportlichere Wanderer finden gen\u00fcgend Herausforderungen, zum Beispiel die Besteigung des \u00fcber 3000 Meter hohen Piz Bo\u00e8. Jede Wanderung verf\u00fcgt \u00fcber eine exakte Wegbeschreibung, ein Wanderk\u00e4rtchen mit eingetragenem Routenverlauf und ein aussagekr\u00e4ftiges H\u00f6henprofil. Zudem stehen GPS-Tracks zum Download bereit.<\/p>\n<p>Mit insgesamt acht Dolomiten-Wanderf\u00fchrern vom Rother Bergverlag ist das gesamte Gebiet zwischen Bruneck, Brixen, Bozen, Belluno und Sexten abgedeckt.<\/p>\n<p>168 Seiten,<br \/>\n52 H\u00f6henprofile, 52 Wanderk\u00e4rtchen im Ma\u00dfstab 1:50.000 und 1:75.000, zwei \u00dcbersichtskarten im Ma\u00dfstab 1:200.000 und 1:500.000<br \/>\n9., aktualisierte Auflage 2023<\/p>","protected":false},"excerpt":{"rendered":"<p>Der Rosengarten in den Dolomiten ist eine der sch\u00f6nsten und landschaftlich eindrucksvollsten Wanderregionen \u00fcberhaupt. Wenn im D\u00e4mmerlicht die Felsen zu leuchten beginnen, wirkt die Gebirgsgruppe wie verzaubert. Doch egal zu welcher Tageszeit \u2013 dem Anblick der majest\u00e4tischen T\u00fcrme wird sich wohl kaum jemand entziehen k\u00f6nnen. Der Rother Wanderf\u00fchrer \u00bbDolomiten 4 &#8211; Fassatal\u00ab f\u00fchrt mit 52 [&#8230;]\n","protected":false},"featured_media":173745,"template":"","meta":[],"product_brand":[],"product_cat":[21605],"product_tag":[],"class_list":{"0":"post-150922","1":"product","2":"type-product","3":"status-publish","4":"has-post-thumbnail","6":"product_cat-wanderfuehrer-trekking","7":"pa_autor-hauleitner","8":"pa_erscheinungsjahr-27129","9":"pa_region-italien","10":"pa_sprache-de","12":"first","13":"instock","14":"taxable","15":"shipping-taxable","16":"purchasable","17":"product-type-simple"},"_links":{"self":[{"href":"https:\/\/pizbube.ch\/en\/wp-json\/wp\/v2\/product\/150922","targetHints":{"allow":["GET"]}}],"collection":[{"href":"https:\/\/pizbube.ch\/en\/wp-json\/wp\/v2\/product"}],"about":[{"href":"https:\/\/pizbube.ch\/en\/wp-json\/wp\/v2\/types\/product"}],"wp:featuredmedia":[{"embeddable":true,"href":"https:\/\/pizbube.ch\/en\/wp-json\/wp\/v2\/media\/173745"}],"wp:attachment":[{"href":"https:\/\/pizbube.ch\/en\/wp-json\/wp\/v2\/media?parent=150922"}],"wp:term":[{"taxonomy":"product_brand","embeddable":true,"href":"https:\/\/pizbube.ch\/en\/wp-json\/wp\/v2\/product_brand?post=150922"},{"taxonomy":"product_cat","embeddable":true,"href":"https:\/\/pizbube.ch\/en\/wp-json\/wp\/v2\/product_cat?post=150922"},{"taxonomy":"product_tag","embeddable":true,"href":"https:\/\/pizbube.ch\/en\/wp-json\/wp\/v2\/product_tag?post=150922"}],"curies":[{"name":"wp","href":"https:\/\/api.w.org\/{rel}","templated":true}]}}