{"id":150926,"date":"2021-01-15T11:03:41","date_gmt":"2021-01-15T11:03:41","guid":{"rendered":"https:\/\/codengine3.ch\/?product=import-placeholder-for-206459"},"modified":"2021-01-15T14:49:07","modified_gmt":"2021-01-15T14:49:07","slug":"genusswandern-dolomiten","status":"publish","type":"product","link":"https:\/\/pizbube.ch\/en\/shop\/genusswandern-dolomiten\/","title":{"rendered":"Genusswandern Dolomiten"},"content":{"rendered":"<p>Die 40 sch\u00f6nsten Wanderwege zwischen Tal, Almen und Gipfeln  <\/p>\n<p>Wenn es eine alpine Paraderegion gibt, dann wohl die Dolomiten. In diesem<br \/>\neinmaligen Wanderrevier besteht rund um Langkofel, Marmolada, Drei Zinnen &#038;<br \/>\nCo. eine perfekte Infrastruktur: Seilbahnen und Stra\u00dfen verk\u00fcrzen die<br \/>\nAufstiege, das dichte Wegenetz bietet unersch\u00f6pfliche Tourenm\u00f6glichkeiten und<br \/>\ngut gef\u00fchrte Bergh\u00fctten laden ein zur gem\u00fctlichen Rast. Lassen Sie sich<br \/>\nverf\u00fchren von den vorgestellten Wanderpfaden, vielen Hintergrundinfos und<br \/>\nTipps, die buchst\u00e4blich &#8218;durch den Magen gehen&#8216;.  <\/p>","protected":false},"excerpt":{"rendered":"<ul>\n<li><b>INFO:  Vergriffen, keine Neuauflage <b><\/li>\n<\/ul>","protected":false},"featured_media":35505,"template":"","meta":[],"product_brand":[],"product_cat":[21605],"product_tag":[],"class_list":{"0":"post-150926","1":"product","2":"type-product","3":"status-publish","4":"has-post-thumbnail","6":"product_cat-wanderfuehrer-trekking","7":"pa_autor-huesler","8":"pa_erscheinungsjahr-21610","9":"pa_region-italien","10":"pa_sprache-de","12":"first","13":"outofstock","14":"taxable","15":"shipping-taxable","16":"purchasable","17":"product-type-simple"},"_links":{"self":[{"href":"https:\/\/pizbube.ch\/en\/wp-json\/wp\/v2\/product\/150926","targetHints":{"allow":["GET"]}}],"collection":[{"href":"https:\/\/pizbube.ch\/en\/wp-json\/wp\/v2\/product"}],"about":[{"href":"https:\/\/pizbube.ch\/en\/wp-json\/wp\/v2\/types\/product"}],"wp:featuredmedia":[{"embeddable":true,"href":"https:\/\/pizbube.ch\/en\/wp-json\/wp\/v2\/media\/35505"}],"wp:attachment":[{"href":"https:\/\/pizbube.ch\/en\/wp-json\/wp\/v2\/media?parent=150926"}],"wp:term":[{"taxonomy":"product_brand","embeddable":true,"href":"https:\/\/pizbube.ch\/en\/wp-json\/wp\/v2\/product_brand?post=150926"},{"taxonomy":"product_cat","embeddable":true,"href":"https:\/\/pizbube.ch\/en\/wp-json\/wp\/v2\/product_cat?post=150926"},{"taxonomy":"product_tag","embeddable":true,"href":"https:\/\/pizbube.ch\/en\/wp-json\/wp\/v2\/product_tag?post=150926"}],"curies":[{"name":"wp","href":"https:\/\/api.w.org\/{rel}","templated":true}]}}